{"id":30465,"date":"2026-02-27T00:10:07","date_gmt":"2026-02-27T00:10:07","guid":{"rendered":"https:\/\/nordicmart.andreevmaster.com\/product\/songmics-riippumatto-harmaa-punainen\/"},"modified":"2026-02-27T09:33:43","modified_gmt":"2026-02-27T09:33:43","slug":"songmics-riippumatto-harmaa-punainen","status":"publish","type":"product","link":"https:\/\/nordicmart.andreevmaster.com\/fi\/tuote\/songmics-riippumatto-harmaa-punainen\/","title":{"rendered":"SONGMICS riippumatto harmaa-punainen"},"content":{"rendered":"<p>Tuotetiedot: &#8211; V\u00e4ri: harmaa-tummanpunainen &#8211; Materiaali: 210T ripstop-nailon &#8211; Koko: 275 x 140 cm (P x L) &#8211; Koko pakattuna: 20 x 12 cm (K x \u00d8) &#8211; Paino: 850 g &#8211; Maks. staattinen kantavuus: 300 kg &nbsp; Toimitus sis\u00e4lt\u00e4\u00e4: &#8211; 1 x riippumatto &#8211; 2 x kiinnityshihna, jossa useita silmukoita &#8211; 1 x ohjeet (DE, EN, FR, IT, ES) &nbsp; SONGMICS Huomautukset:- Tuotteen todellinen v\u00e4ri voi poiketa hieman kuvissamme n\u00e4kyv\u00e4st\u00e4 v\u00e4rist\u00e4. T\u00e4m\u00e4 johtuu eri n\u00e4ytt\u00f6jen n\u00e4ytt\u00f6tarkkuuksista.- Tuotteen mitat on mitattu manuaalisesti. T\u00e4st\u00e4 johtuen mitat voivat poiketa enint\u00e4\u00e4n 5 cm. &#8211; Tuotteen enimm\u00e4iskuormitus on 300 kg. \u00c4l\u00e4 ylit\u00e4 t\u00e4t\u00e4 enimm\u00e4ispainoa.- Jos et k\u00e4yt\u00e4 riippumattoa pitk\u00e4\u00e4n aikaan, s\u00e4ilyt\u00e4 se hyvin suojatussa paikassa, jotta se ei altistu sateelle tai voimakkaalle auringonvalolle. &#8211; Varmista ennen k\u00e4ytt\u00f6\u00e4, ett\u00e4 riippumaton vieress\u00e4 tai alla ei ole ter\u00e4vi\u00e4 tai pisteellisi\u00e4 esineit\u00e4. &#8211; Tarkista aina kiinnityshihnojen ja riippumaton kunto ennen k\u00e4ytt\u00f6\u00e4.<\/p>\n","protected":false},"excerpt":{"rendered":"<p>SONGMICS Nylon-riippumatto, ultrakevyt, T\u00dcV Rheinland -testattu, 275 x 140 cm, raskaiden kuormien hihnalla ja karabiinikoukulla GDC14AO<\/p>\n","protected":false},"featured_media":39726,"comment_status":"open","ping_status":"closed","template":"","meta":[],"product_brand":[],"product_cat":[32],"product_tag":[],"class_list":{"0":"post-30465","1":"product","2":"type-product","3":"status-publish","4":"has-post-thumbnail","6":"product_cat-uncategorized-fi","8":"first","9":"instock","10":"shipping-taxable","11":"purchasable","12":"product-type-simple"},"_links":{"self":[{"href":"https:\/\/nordicmart.andreevmaster.com\/fi\/wp-json\/wp\/v2\/product\/30465","targetHints":{"allow":["GET"]}}],"collection":[{"href":"https:\/\/nordicmart.andreevmaster.com\/fi\/wp-json\/wp\/v2\/product"}],"about":[{"href":"https:\/\/nordicmart.andreevmaster.com\/fi\/wp-json\/wp\/v2\/types\/product"}],"replies":[{"embeddable":true,"href":"https:\/\/nordicmart.andreevmaster.com\/fi\/wp-json\/wp\/v2\/comments?post=30465"}],"wp:featuredmedia":[{"embeddable":true,"href":"https:\/\/nordicmart.andreevmaster.com\/fi\/wp-json\/wp\/v2\/media\/39726"}],"wp:attachment":[{"href":"https:\/\/nordicmart.andreevmaster.com\/fi\/wp-json\/wp\/v2\/media?parent=30465"}],"wp:term":[{"taxonomy":"product_brand","embeddable":true,"href":"https:\/\/nordicmart.andreevmaster.com\/fi\/wp-json\/wp\/v2\/product_brand?post=30465"},{"taxonomy":"product_cat","embeddable":true,"href":"https:\/\/nordicmart.andreevmaster.com\/fi\/wp-json\/wp\/v2\/product_cat?post=30465"},{"taxonomy":"product_tag","embeddable":true,"href":"https:\/\/nordicmart.andreevmaster.com\/fi\/wp-json\/wp\/v2\/product_tag?post=30465"}],"curies":[{"name":"wp","href":"https:\/\/api.w.org\/{rel}","templated":true}]}}