{"id":30462,"date":"2026-02-27T00:10:07","date_gmt":"2026-02-27T00:10:07","guid":{"rendered":"https:\/\/nordicmart.andreevmaster.com\/product\/songmics-riipputuoli-paksulla-tyynylla-beige\/"},"modified":"2026-02-27T09:33:43","modified_gmt":"2026-02-27T09:33:43","slug":"songmics-riipputuoli-paksulla-tyynylla-beige","status":"publish","type":"product","link":"https:\/\/nordicmart.andreevmaster.com\/fi\/tuote\/songmics-riipputuoli-paksulla-tyynylla-beige\/","title":{"rendered":"SONGMICS riipputuoli paksulla tyynyll\u00e4 Beige"},"content":{"rendered":"<p>Tuotetiedot: V\u00e4ri: Beige Materiaali: Puuvilla, metalli Ripustettuna korkeus: 133 cm Istuimen halkaisija: 60 cm Ulkokeh\u00e4n halkaisija: 80 cm Paino: 5 kg Maks. staattinen kantavuus: 120 kg Toimitus sis\u00e4lt\u00e4\u00e4: 1 x riipputuoli 1 x tyyny SONGMICS Huomautukset:T\u00e4m\u00e4n tuotteen suurin staattinen kantavuus on 120 kg. \u00c4l\u00e4 ylit\u00e4 t\u00e4t\u00e4 enimm\u00e4ispainoa. \u00c4l\u00e4 altista tuotetta auringonvalolle tai sateelle pitk\u00e4ksi aikaa. Tarkista riipputuolin vakaus aina ennen k\u00e4ytt\u00f6\u00e4. Lapset saavat k\u00e4ytt\u00e4\u00e4 t\u00e4t\u00e4 tuotetta vain aikuisen valvonnassa.<\/p>\n","protected":false},"excerpt":{"rendered":"<p>SONGMICS Uppoudu t\u00e4m\u00e4n riipputuolin tyynyyn laiskalla iltap\u00e4iv\u00e4ll\u00e4 ja nauti ihastuttavista hetkist\u00e4, kun otat aurinkoa ja kuuntelet lintujen laulua.<\/p>\n","protected":false},"featured_media":39723,"comment_status":"open","ping_status":"closed","template":"","meta":[],"product_brand":[],"product_cat":[32],"product_tag":[],"class_list":{"0":"post-30462","1":"product","2":"type-product","3":"status-publish","4":"has-post-thumbnail","6":"product_cat-uncategorized-fi","8":"first","9":"instock","10":"shipping-taxable","11":"purchasable","12":"product-type-simple"},"_links":{"self":[{"href":"https:\/\/nordicmart.andreevmaster.com\/fi\/wp-json\/wp\/v2\/product\/30462","targetHints":{"allow":["GET"]}}],"collection":[{"href":"https:\/\/nordicmart.andreevmaster.com\/fi\/wp-json\/wp\/v2\/product"}],"about":[{"href":"https:\/\/nordicmart.andreevmaster.com\/fi\/wp-json\/wp\/v2\/types\/product"}],"replies":[{"embeddable":true,"href":"https:\/\/nordicmart.andreevmaster.com\/fi\/wp-json\/wp\/v2\/comments?post=30462"}],"wp:featuredmedia":[{"embeddable":true,"href":"https:\/\/nordicmart.andreevmaster.com\/fi\/wp-json\/wp\/v2\/media\/39723"}],"wp:attachment":[{"href":"https:\/\/nordicmart.andreevmaster.com\/fi\/wp-json\/wp\/v2\/media?parent=30462"}],"wp:term":[{"taxonomy":"product_brand","embeddable":true,"href":"https:\/\/nordicmart.andreevmaster.com\/fi\/wp-json\/wp\/v2\/product_brand?post=30462"},{"taxonomy":"product_cat","embeddable":true,"href":"https:\/\/nordicmart.andreevmaster.com\/fi\/wp-json\/wp\/v2\/product_cat?post=30462"},{"taxonomy":"product_tag","embeddable":true,"href":"https:\/\/nordicmart.andreevmaster.com\/fi\/wp-json\/wp\/v2\/product_tag?post=30462"}],"curies":[{"name":"wp","href":"https:\/\/api.w.org\/{rel}","templated":true}]}}