{"id":30461,"date":"2026-02-27T00:10:06","date_gmt":"2026-02-27T00:10:06","guid":{"rendered":"https:\/\/nordicmart.andreevmaster.com\/product\/songmics-riipputuoli-paksulla-tyynylla-kyyhkynharmaa\/"},"modified":"2026-02-27T09:33:43","modified_gmt":"2026-02-27T09:33:43","slug":"songmics-riipputuoli-paksulla-tyynylla-kyyhkynharmaa","status":"publish","type":"product","link":"https:\/\/nordicmart.andreevmaster.com\/fi\/tuote\/songmics-riipputuoli-paksulla-tyynylla-kyyhkynharmaa\/","title":{"rendered":"SONGMICS riipputuoli paksulla tyynyll\u00e4, kyyhkynharmaa"},"content":{"rendered":"<p>SONGMICS Uppoudu t\u00e4m\u00e4n riipputuolin tyynyyn laiskalla iltap\u00e4iv\u00e4ll\u00e4 ja nauti ihastuttavista hetkist\u00e4, kun otat aurinkoa ja kuuntelet lintujen laulua.<br \/>\nV\u00e4ri: kyyhkynharmaa<br \/>\nMateriaali: ter\u00e4s, polyesteri, puuvilla<br \/>\nKorkeus ripustettuna (ilman tupsuja): 113 cm<br \/>\nIstuimen halkaisija: 57 cm<br \/>\nUlkokeh\u00e4n halkaisija: 76 cm<br \/>\nPaino: 4,8 kg<br \/>\nMaks. staattinen kantavuus: 120 kg<\/p>\n","protected":false},"excerpt":{"rendered":"<p>SONGMICS Uppoudu t\u00e4m\u00e4n riipputuolin tyynyyn laiskalla iltap\u00e4iv\u00e4ll\u00e4 ja nauti ihastuttavista hetkist\u00e4, kun otat aurinkoa ja kuuntelet lintujen laulua.<\/p>\n","protected":false},"featured_media":39722,"comment_status":"open","ping_status":"closed","template":"","meta":[],"product_brand":[],"product_cat":[32],"product_tag":[],"class_list":{"0":"post-30461","1":"product","2":"type-product","3":"status-publish","4":"has-post-thumbnail","6":"product_cat-uncategorized-fi","8":"first","9":"instock","10":"shipping-taxable","11":"purchasable","12":"product-type-simple"},"_links":{"self":[{"href":"https:\/\/nordicmart.andreevmaster.com\/fi\/wp-json\/wp\/v2\/product\/30461","targetHints":{"allow":["GET"]}}],"collection":[{"href":"https:\/\/nordicmart.andreevmaster.com\/fi\/wp-json\/wp\/v2\/product"}],"about":[{"href":"https:\/\/nordicmart.andreevmaster.com\/fi\/wp-json\/wp\/v2\/types\/product"}],"replies":[{"embeddable":true,"href":"https:\/\/nordicmart.andreevmaster.com\/fi\/wp-json\/wp\/v2\/comments?post=30461"}],"wp:featuredmedia":[{"embeddable":true,"href":"https:\/\/nordicmart.andreevmaster.com\/fi\/wp-json\/wp\/v2\/media\/39722"}],"wp:attachment":[{"href":"https:\/\/nordicmart.andreevmaster.com\/fi\/wp-json\/wp\/v2\/media?parent=30461"}],"wp:term":[{"taxonomy":"product_brand","embeddable":true,"href":"https:\/\/nordicmart.andreevmaster.com\/fi\/wp-json\/wp\/v2\/product_brand?post=30461"},{"taxonomy":"product_cat","embeddable":true,"href":"https:\/\/nordicmart.andreevmaster.com\/fi\/wp-json\/wp\/v2\/product_cat?post=30461"},{"taxonomy":"product_tag","embeddable":true,"href":"https:\/\/nordicmart.andreevmaster.com\/fi\/wp-json\/wp\/v2\/product_tag?post=30461"}],"curies":[{"name":"wp","href":"https:\/\/api.w.org\/{rel}","templated":true}]}}