{"id":30460,"date":"2026-02-27T00:10:06","date_gmt":"2026-02-27T00:10:06","guid":{"rendered":"https:\/\/nordicmart.andreevmaster.com\/product\/songmics-riipputuoli-tyynylla\/"},"modified":"2026-02-27T09:33:42","modified_gmt":"2026-02-27T09:33:42","slug":"songmics-riipputuoli-tyynylla","status":"publish","type":"product","link":"https:\/\/nordicmart.andreevmaster.com\/fi\/tuote\/songmics-riipputuoli-tyynylla\/","title":{"rendered":"SONGMICS riipputuoli tyynyll\u00e4"},"content":{"rendered":"<p>L\u00f6yd\u00e4 sis\u00e4inen laiskiainen: aurinko laskee, linnut laulavat puutarhassasi, istut mukavassa riipputuolissa, k\u00e4pertyt paksuun istuintyynyyn ja olet t\u00e4ysin rauhallinen ja rentoutunut. Mik\u00e4 ihana ilta! Pakollinen hankinta skandinaavisen boho-tyylin yst\u00e4ville: pid\u00e4tk\u00f6 boheemin sisustustyylin taiteellisesta vapaudesta, mutta ajattelet, ett\u00e4 liian kirkkaat v\u00e4rit ja huomiota her\u00e4tt\u00e4v\u00e4t kuosit eiv\u00e4t vastaa t\u00e4ysin ihanteitasi? Yhdist\u00e4 sitten trendik\u00e4s boho-tyyli rauhallisen skandinaavisen tyylin elementteihin.Yhden elementin olet muuten jo l\u00f6yt\u00e4nyt: t\u00e4m\u00e4n SONGMICS:n tupsuilla koristellun riipputuolin, joka sopii t\u00e4ydellisesti uuteen tyyliseokseesi. Tuotetiedot:- V\u00e4ri: beige &#8211; Materiaali: puuvilla, metalli &#8211; Ripustettuna korkeus: 133 cm &#8211; Istuimen halkaisija: 60 cm &#8211; Ulkokeh\u00e4n halkaisija: 80 cm &#8211; Paino: 5 kg &#8211; Maks. staattinen kantavuus: 120 kg Toimitus sis\u00e4lt\u00e4\u00e4: &#8211; 1 x riipputuoli &#8211; 1 x tyyny SONGMICS Huomautukset:- T\u00e4m\u00e4n tuotteen suurin staattinen kantavuus on 120 kg. \u00c4l\u00e4 ylit\u00e4 t\u00e4t\u00e4 enimm\u00e4ispainoa. &#8211; \u00c4l\u00e4 altista tuotetta auringonvalolle tai sateelle pitk\u00e4ksi aikaa. &#8211; Tarkista riipputuolin vakaus aina ennen k\u00e4ytt\u00f6\u00e4. &#8211; Lapset saavat k\u00e4ytt\u00e4\u00e4 t\u00e4t\u00e4 tuotetta vain aikuisen valvonnassa.<\/p>\n","protected":false},"excerpt":{"rendered":"<p>SONGMICS Uppoudu t\u00e4m\u00e4n riipputuolin tyynyyn laiskalla iltap\u00e4iv\u00e4ll\u00e4 ja nauti ihastuttavista hetkist\u00e4, kun otat aurinkoa ja kuuntelet lintujen laulua.<\/p>\n","protected":false},"featured_media":39721,"comment_status":"open","ping_status":"closed","template":"","meta":[],"product_brand":[],"product_cat":[32],"product_tag":[],"class_list":{"0":"post-30460","1":"product","2":"type-product","3":"status-publish","4":"has-post-thumbnail","6":"product_cat-uncategorized-fi","8":"first","9":"instock","10":"shipping-taxable","11":"purchasable","12":"product-type-simple"},"_links":{"self":[{"href":"https:\/\/nordicmart.andreevmaster.com\/fi\/wp-json\/wp\/v2\/product\/30460","targetHints":{"allow":["GET"]}}],"collection":[{"href":"https:\/\/nordicmart.andreevmaster.com\/fi\/wp-json\/wp\/v2\/product"}],"about":[{"href":"https:\/\/nordicmart.andreevmaster.com\/fi\/wp-json\/wp\/v2\/types\/product"}],"replies":[{"embeddable":true,"href":"https:\/\/nordicmart.andreevmaster.com\/fi\/wp-json\/wp\/v2\/comments?post=30460"}],"wp:featuredmedia":[{"embeddable":true,"href":"https:\/\/nordicmart.andreevmaster.com\/fi\/wp-json\/wp\/v2\/media\/39721"}],"wp:attachment":[{"href":"https:\/\/nordicmart.andreevmaster.com\/fi\/wp-json\/wp\/v2\/media?parent=30460"}],"wp:term":[{"taxonomy":"product_brand","embeddable":true,"href":"https:\/\/nordicmart.andreevmaster.com\/fi\/wp-json\/wp\/v2\/product_brand?post=30460"},{"taxonomy":"product_cat","embeddable":true,"href":"https:\/\/nordicmart.andreevmaster.com\/fi\/wp-json\/wp\/v2\/product_cat?post=30460"},{"taxonomy":"product_tag","embeddable":true,"href":"https:\/\/nordicmart.andreevmaster.com\/fi\/wp-json\/wp\/v2\/product_tag?post=30460"}],"curies":[{"name":"wp","href":"https:\/\/api.w.org\/{rel}","templated":true}]}}