{"id":30457,"date":"2026-02-27T00:10:05","date_gmt":"2026-02-27T00:10:05","guid":{"rendered":"https:\/\/nordicmart.andreevmaster.com\/product\/songmics-riippumatto-harmaa-ja-beige-rombi\/"},"modified":"2026-02-27T09:33:42","modified_gmt":"2026-02-27T09:33:42","slug":"songmics-riippumatto-harmaa-ja-beige-rombi","status":"publish","type":"product","link":"https:\/\/nordicmart.andreevmaster.com\/fi\/tuote\/songmics-riippumatto-harmaa-ja-beige-rombi\/","title":{"rendered":"SONGMICS riippumatto, harmaa ja beige rombi"},"content":{"rendered":"<p>Sopii puutarhaan: Kiinnit\u00e4 t\u00e4m\u00e4 riippumatto puutarhaan tai takapihalle ja tee siit\u00e4 osa jokap\u00e4iv\u00e4ist\u00e4 el\u00e4m\u00e4\u00e4si. Voit viett\u00e4\u00e4 mukavan iltap\u00e4iv\u00e4n lukemalla kirjaa tai ottamalla nokoset, tai makoilla siin\u00e4 lastesi kanssa ja katsella y\u00f6ll\u00e4 t\u00e4hti\u00e4. Sopii olohuoneeseen: Luo olohuoneeseesi rauhan keidas t\u00e4ll\u00e4 pehmustetulla riippumatolla. Olipa ulkona kuuma tai kylm\u00e4, voit k\u00e4perty\u00e4 t\u00e4h\u00e4n kuin kissa, kuunnella musiikkia tai katsoa elokuvaa ja unohtaa arjen stressin. Sopii matkalle: Kiinnit\u00e4 t\u00e4m\u00e4 riippumatto kahteen puuhun ja istu tai makaa siin\u00e4 grillijuhlien j\u00e4lkeen. Lapsesi ja koirasi leikkiv\u00e4t l\u00e4hell\u00e4, sin\u00e4 keinut t\u00e4ss\u00e4 riippumatossa edestakaisin \u2013 mukava loma koko perheen kanssa! Tuotetiedot: V\u00e4ri: Harmaa ja beige rombi Materiaali: 300D Oxford-kangas, polyesterit\u00e4yte, bambu Koko: 200 x 140 cm (P x L)Heng\u00e4stimen kokonaispituus: 335 cmPaino: 4,5 kgMaks. staattinen kantavuus: 225 kgToimitus sis\u00e4lt\u00e4\u00e4:1 x heng\u00e4stin1 x tyyny (irrotettava)1 x ohjeSONGMICS-huomautukset:T\u00e4m\u00e4n tuotteen maksimaalinen staattinen kantavuus on 225 kg. \u00c4l\u00e4 ylit\u00e4 t\u00e4t\u00e4 enimm\u00e4ispainoa. \u00c4l\u00e4 altista tuotetta suoralle auringonvalolle pitk\u00e4ksi aikaa. Tarkista aina riippumaton vakaus ennen kuin makaat siihen.<\/p>\n","protected":false},"excerpt":{"rendered":"<p>SONGMICS riippumatto, pehmustettu, tikattu, jaettavilla kaarevilla bambutangoilla, p\u00e4\u00e4ntuella, 200 x 140 cm, kantavuus 225 kg, harmaa ja beige rombi GDC034G02<\/p>\n","protected":false},"featured_media":39718,"comment_status":"open","ping_status":"closed","template":"","meta":[],"product_brand":[],"product_cat":[32],"product_tag":[],"class_list":{"0":"post-30457","1":"product","2":"type-product","3":"status-publish","4":"has-post-thumbnail","6":"product_cat-uncategorized-fi","8":"first","9":"instock","10":"shipping-taxable","11":"purchasable","12":"product-type-simple"},"_links":{"self":[{"href":"https:\/\/nordicmart.andreevmaster.com\/fi\/wp-json\/wp\/v2\/product\/30457","targetHints":{"allow":["GET"]}}],"collection":[{"href":"https:\/\/nordicmart.andreevmaster.com\/fi\/wp-json\/wp\/v2\/product"}],"about":[{"href":"https:\/\/nordicmart.andreevmaster.com\/fi\/wp-json\/wp\/v2\/types\/product"}],"replies":[{"embeddable":true,"href":"https:\/\/nordicmart.andreevmaster.com\/fi\/wp-json\/wp\/v2\/comments?post=30457"}],"wp:featuredmedia":[{"embeddable":true,"href":"https:\/\/nordicmart.andreevmaster.com\/fi\/wp-json\/wp\/v2\/media\/39718"}],"wp:attachment":[{"href":"https:\/\/nordicmart.andreevmaster.com\/fi\/wp-json\/wp\/v2\/media?parent=30457"}],"wp:term":[{"taxonomy":"product_brand","embeddable":true,"href":"https:\/\/nordicmart.andreevmaster.com\/fi\/wp-json\/wp\/v2\/product_brand?post=30457"},{"taxonomy":"product_cat","embeddable":true,"href":"https:\/\/nordicmart.andreevmaster.com\/fi\/wp-json\/wp\/v2\/product_cat?post=30457"},{"taxonomy":"product_tag","embeddable":true,"href":"https:\/\/nordicmart.andreevmaster.com\/fi\/wp-json\/wp\/v2\/product_tag?post=30457"}],"curies":[{"name":"wp","href":"https:\/\/api.w.org\/{rel}","templated":true}]}}