{"id":30455,"date":"2026-02-27T00:10:05","date_gmt":"2026-02-27T00:10:05","guid":{"rendered":"https:\/\/nordicmart.andreevmaster.com\/product\/songmics-kiinnityssetti-riippumatoille\/"},"modified":"2026-02-27T09:33:42","modified_gmt":"2026-02-27T09:33:42","slug":"songmics-kiinnityssetti-riippumatoille","status":"publish","type":"product","link":"https:\/\/nordicmart.andreevmaster.com\/fi\/tuote\/songmics-kiinnityssetti-riippumatoille\/","title":{"rendered":"SONGMICS kiinnityssetti riippumatoille"},"content":{"rendered":"<p>T\u00e4m\u00e4 kiinnityssarja on suunniteltu erityisesti riippumattojen ripustamiseen ja mahdollistaa kiinnityksen puiden tai puu- ja metallipylv\u00e4iden v\u00e4liin ilman silmukoita ja ruuveja! Ja hihnan pituuden ansiosta sinun ei tarvitse en\u00e4\u00e4 huolehtia kahden sopivan puun l\u00f6yt\u00e4misest\u00e4, jos riippumattosi ei ole tarpeeksi pitk\u00e4. T\u00e4m\u00e4n ripustussarjan avulla voit rentoutua riippumatossa.  Nauti ulkona vietetyist\u00e4 hetkist\u00e4 Songmicsin kanssa.  Huomautukset: On suositeltavaa, ett\u00e4 kuormitetun riippumaton syvin kohta ei ole yli 1 m maanpinnan yl\u00e4puolella.  Huomaa, ett\u00e4 kiinnityshihnat\/kiinnitysk\u00f6ydet kuluvat k\u00e4yt\u00f6n my\u00f6t\u00e4. Tarkista s\u00e4\u00e4nn\u00f6llisesti kulumisen tila k\u00e4yt\u00f6n aikana.Lapset saavat k\u00e4ytt\u00e4\u00e4 tuotetta vain vanhempien valvonnassa. Tuotetiedot: &#8211; V\u00e4ri: musta &#8211; Materiaali:  &#8211; Hihna: eritt\u00e4in tihe\u00e4, rep\u00e4isyluja nailon &#8211; Karabiinikoukku\/metallirengas: galvanoitu metalli &#8211; Mitat per hihna: 320 x 5 cm  &#8211; Pakkauksen mitat: 11,5 x 10,5 x 6 cm &#8211; Kantavuus: 270 kg  Toimitus sis\u00e4lt\u00e4\u00e4:  &#8211; 2 x kiinnitysnauha metallirenkaalla &#8211; 2 x karabiinikoukku<\/p>\n","protected":false},"excerpt":{"rendered":"<p>SONGMICS kiinnityssetti riippumaton ripustussetti riipputuoli keinutuoli kiinnitys riipputuoli 2 karabiinilla puutarhaan, retkeilyyn, rannalle, pihalle T\u00dcV Rheinland -testattu kuormitus 270 kg per hihna GDC01P<\/p>\n","protected":false},"featured_media":39716,"comment_status":"open","ping_status":"closed","template":"","meta":[],"product_brand":[],"product_cat":[32],"product_tag":[],"class_list":{"0":"post-30455","1":"product","2":"type-product","3":"status-publish","4":"has-post-thumbnail","6":"product_cat-uncategorized-fi","8":"first","9":"instock","10":"shipping-taxable","11":"purchasable","12":"product-type-simple"},"_links":{"self":[{"href":"https:\/\/nordicmart.andreevmaster.com\/fi\/wp-json\/wp\/v2\/product\/30455","targetHints":{"allow":["GET"]}}],"collection":[{"href":"https:\/\/nordicmart.andreevmaster.com\/fi\/wp-json\/wp\/v2\/product"}],"about":[{"href":"https:\/\/nordicmart.andreevmaster.com\/fi\/wp-json\/wp\/v2\/types\/product"}],"replies":[{"embeddable":true,"href":"https:\/\/nordicmart.andreevmaster.com\/fi\/wp-json\/wp\/v2\/comments?post=30455"}],"wp:featuredmedia":[{"embeddable":true,"href":"https:\/\/nordicmart.andreevmaster.com\/fi\/wp-json\/wp\/v2\/media\/39716"}],"wp:attachment":[{"href":"https:\/\/nordicmart.andreevmaster.com\/fi\/wp-json\/wp\/v2\/media?parent=30455"}],"wp:term":[{"taxonomy":"product_brand","embeddable":true,"href":"https:\/\/nordicmart.andreevmaster.com\/fi\/wp-json\/wp\/v2\/product_brand?post=30455"},{"taxonomy":"product_cat","embeddable":true,"href":"https:\/\/nordicmart.andreevmaster.com\/fi\/wp-json\/wp\/v2\/product_cat?post=30455"},{"taxonomy":"product_tag","embeddable":true,"href":"https:\/\/nordicmart.andreevmaster.com\/fi\/wp-json\/wp\/v2\/product_tag?post=30455"}],"curies":[{"name":"wp","href":"https:\/\/api.w.org\/{rel}","templated":true}]}}