{"id":30454,"date":"2026-02-27T00:10:05","date_gmt":"2026-02-27T00:10:05","guid":{"rendered":"https:\/\/nordicmart.andreevmaster.com\/product\/songmics-riippumatto-2-hengelle-ruskea\/"},"modified":"2026-02-27T09:33:41","modified_gmt":"2026-02-27T09:33:41","slug":"songmics-riippumatto-2-hengelle-ruskea","status":"publish","type":"product","link":"https:\/\/nordicmart.andreevmaster.com\/fi\/tuote\/songmics-riippumatto-2-hengelle-ruskea\/","title":{"rendered":"SONGMICS riippumatto 2 hengelle, ruskea"},"content":{"rendered":"<p>Testattu laatu \u2013 kantavuus 300 kg: Hammockin ei tietenk\u00e4\u00e4n pit\u00e4isi lent\u00e4\u00e4 ilmaan heti, kun siihen makaa. \u00c4l\u00e4 huoli. Olemme antaneet T\u00dcV Rheinlandin testata mallimme kantavuuden. Voit siis olla varma, ett\u00e4 t\u00e4m\u00e4n riippumaton kest\u00e4v\u00e4n puuvilla-polyesterikangas-sekoituksen ja vahvojen solmujen kantavuus on jopa 300 kg (T\u00dcV Rheinland, testiraportti nro 50041115\/SHF\/01-02). Testattu laatu \u2013 Rep\u00e4isylujuus my\u00f6s pitk\u00e4n auringonvalon j\u00e4lkeen: Olemme lis\u00e4ksi teett\u00e4neet SGS:ll\u00e4 testin, jossa tutkittiin auringonvalon vaikutusta riippumaton kankaaseen: jopa yli 500 tuntia jatkuvaa UV-valoa altistettu puuvilla-polyesteriseos t\u00e4ytti testivaatimukset vetolujuuden osalta (SGS, testiraportti nro AJHL1911003534FT).Tuotetiedot: V\u00e4ri: ruskea Materiaali: 70 % puuvillaa, 30 % polyesteri\u00e4 Koko: 210 x 150 cm (P x L) Koko pakattuna: 28,5 x 17 cm (K x \u00d8) Paino: 2,3 kg Maks. staattinen kantavuus: 300 kg Toimitus sis\u00e4lt\u00e4\u00e4: 1 x riippumatto 2 x kiinnityshihna 1 x ohjeet SONGMICS Huomautukset: Tuotteen todellinen v\u00e4ri voi poiketa hieman kuvissamme n\u00e4kyv\u00e4st\u00e4 v\u00e4rist\u00e4. T\u00e4m\u00e4 johtuu eri n\u00e4ytt\u00f6jen n\u00e4ytt\u00f6tavoista. Tuotteen mitat on mitattu manuaalisesti. T\u00e4st\u00e4 johtuen mitat voivat poiketa enint\u00e4\u00e4n 5 cm. Tuotteen enimm\u00e4iskuormitus on 300 kg. \u00c4l\u00e4 ylit\u00e4 t\u00e4t\u00e4 enimm\u00e4ispainoa.Jos riippumattoa ei k\u00e4ytet\u00e4 pitk\u00e4\u00e4n aikaan, s\u00e4ilyt\u00e4 se hyvin suojatussa paikassa, jotta se ei altistu sateelle tai voimakkaalle auringonvalolle. Varmista ennen k\u00e4ytt\u00f6\u00e4, ett\u00e4 riippumaton vieress\u00e4 tai alla ei ole ter\u00e4vi\u00e4 tai pisteellisi\u00e4 esineit\u00e4. Tarkista aina kiinnityshihnojen ja riippumaton kunto ennen k\u00e4ytt\u00f6\u00e4.<\/p>\n","protected":false},"excerpt":{"rendered":"<p>SONGMICS riippumatto, 2 hengelle, 210 x 150 cm, kantavuus 300 kg, terassille, parvekkeelle, puutarhaan, ulkok\u00e4ytt\u00f6\u00f6n, mukana kuljetuspussi, kiinnityshihnat ja karabiinit, ruskea GDC015K01<\/p>\n","protected":false},"featured_media":39715,"comment_status":"open","ping_status":"closed","template":"","meta":[],"product_brand":[],"product_cat":[32],"product_tag":[],"class_list":{"0":"post-30454","1":"product","2":"type-product","3":"status-publish","4":"has-post-thumbnail","6":"product_cat-uncategorized-fi","8":"first","9":"instock","10":"shipping-taxable","11":"purchasable","12":"product-type-simple"},"_links":{"self":[{"href":"https:\/\/nordicmart.andreevmaster.com\/fi\/wp-json\/wp\/v2\/product\/30454","targetHints":{"allow":["GET"]}}],"collection":[{"href":"https:\/\/nordicmart.andreevmaster.com\/fi\/wp-json\/wp\/v2\/product"}],"about":[{"href":"https:\/\/nordicmart.andreevmaster.com\/fi\/wp-json\/wp\/v2\/types\/product"}],"replies":[{"embeddable":true,"href":"https:\/\/nordicmart.andreevmaster.com\/fi\/wp-json\/wp\/v2\/comments?post=30454"}],"wp:featuredmedia":[{"embeddable":true,"href":"https:\/\/nordicmart.andreevmaster.com\/fi\/wp-json\/wp\/v2\/media\/39715"}],"wp:attachment":[{"href":"https:\/\/nordicmart.andreevmaster.com\/fi\/wp-json\/wp\/v2\/media?parent=30454"}],"wp:term":[{"taxonomy":"product_brand","embeddable":true,"href":"https:\/\/nordicmart.andreevmaster.com\/fi\/wp-json\/wp\/v2\/product_brand?post=30454"},{"taxonomy":"product_cat","embeddable":true,"href":"https:\/\/nordicmart.andreevmaster.com\/fi\/wp-json\/wp\/v2\/product_cat?post=30454"},{"taxonomy":"product_tag","embeddable":true,"href":"https:\/\/nordicmart.andreevmaster.com\/fi\/wp-json\/wp\/v2\/product_tag?post=30454"}],"curies":[{"name":"wp","href":"https:\/\/api.w.org\/{rel}","templated":true}]}}