{"id":30453,"date":"2026-02-27T00:10:05","date_gmt":"2026-02-27T00:10:05","guid":{"rendered":"https:\/\/nordicmart.andreevmaster.com\/product\/songmics-paviljonki-sininen\/"},"modified":"2026-02-27T09:33:41","modified_gmt":"2026-02-27T09:33:41","slug":"songmics-paviljonki-sininen","status":"publish","type":"product","link":"https:\/\/nordicmart.andreevmaster.com\/fi\/tuote\/songmics-paviljonki-sininen\/","title":{"rendered":"SONGMICS paviljonki, sininen"},"content":{"rendered":"<p>Ulkona viihtyminen mukavasti: Suunnitteletko syntym\u00e4p\u00e4iv\u00e4juhlia ulkona? Haluatko nauttia luonnosta, mutta pelk\u00e4\u00e4t auringonpolttamia? T\u00e4m\u00e4 paviljonki tulee apuun. Se tarjoaa miellytt\u00e4v\u00e4\u00e4 varjoa, kun aurinko paistaa korkealla taivaalla, tai suojaa vieraasi kevyelt\u00e4 sateelta. Ota tuoli, nauti lempijuomastasi ja anna pilvien kulkea ohitsesi. Vetoketjullinen sivusein\u00e4 mahdollistaa paviljongin muuttamisen yksityiseksi tilaksi \u2013 sinun tarvitsee vain sulkea vetoketju! Vai haluatko j\u00e4tt\u00e4\u00e4 oven auki ja luoda rennon ja viihdytt\u00e4v\u00e4n ilmapiirin? Avaa vetoketju! Korkea kest\u00e4vyys: Vaikka t\u00e4m\u00e4 juhlateltta voidaan pystytt\u00e4\u00e4 muutamassa minuutissa, se kest\u00e4\u00e4 pitk\u00e4\u00e4n. Laadukkaat nailonmuoviosat, 25 x 25 mm:n ter\u00e4sjalat ja 20 x 10 mm:n ristikk\u00e4iset putket yl\u00e4osassa auttavat t\u00e4t\u00e4 puutarhapaviljonkia kest\u00e4m\u00e4\u00e4n pitk\u00e4\u00e4n ja palvelemaan sinua oikealla hoidolla vuodesta toiseen.Tuotetiedot: V\u00e4ri: sininen Materiaali: 0,6 mm ter\u00e4sputket, PU-pinnoitettu polyester-Oxford-kangas Kokonaismitat: 3 x 6 x 2,55 m (P x L x K) Korkeus s\u00e4\u00e4dett\u00e4viss\u00e4: 2,37 m, 2,46 m tai 2,55 m Koko kokoontaitettuna: 121 x 36 x 30 cm (P x L x K) Paino 1: 29,45 kg Paino 2: 3,5 kg Toimitus sis\u00e4lt\u00e4\u00e4: Paketti 11 x paviljonki 2 x sivusein\u00e4 vetoketjulla 12 x maakiila 6 x k\u00f6ysi 1 x kuljetuslaukku 1 x ohjeet (DE, EN, FR, ES, IT) Paketti 24 x sivusein\u00e4 ikkunalla SONGICSin ohjeet: Tarkista s\u00e4\u00e4nn\u00f6llisesti maakiilojen ja k\u00f6ysien kunto.Poista suojakankaasta lika ajoissa homeen muodostumisen est\u00e4miseksi.T\u00e4m\u00e4 tuote on tarkoitettu ensisijaisesti aurinkosuojaksi; \u00e4l\u00e4 k\u00e4yt\u00e4 sit\u00e4 \u00e4\u00e4rimm\u00e4isess\u00e4 kylmyydess\u00e4 tai kuumuudessa tai muissa s\u00e4\u00e4olosuhteissa.K\u00e4yt\u00e4 tuotteen p\u00e4ivitt\u00e4iseen puhdistukseen pehme\u00e4\u00e4 harjaa, vett\u00e4 ja neutraaleja puhdistusaineita. S\u00e4ilyt\u00e4 paviljonki kuivassa, hyvin ilmastoidussa paikassa, mutta vasta kun se on t\u00e4ysin kuivunut. Ei sovellu pesukoneeseen tai kuivausrumpuun! \u00c4l\u00e4 valkaise! \u00c4l\u00e4 silit\u00e4! Pid\u00e4 paviljongin suojakangas poissa l\u00e4mm\u00f6n- ja palol\u00e4hteist\u00e4 sek\u00e4 ter\u00e4vist\u00e4 esineist\u00e4.<\/p>\n","protected":false},"excerpt":{"rendered":"<p>SONGMICS paviljonki, 3 x 6 m puutarhapaviljonki, UV-suojattu, pop-up, puutarhateltta, taitettava paviljonki, vedenpit\u00e4v\u00e4, irrotettavat sivusein\u00e4t, vetoketjulliset ovet, laukku mukana, ulkok\u00e4ytt\u00f6\u00f6n, h\u00e4\u00e4t, sininen GCT24IN<\/p>\n","protected":false},"featured_media":39714,"comment_status":"open","ping_status":"closed","template":"","meta":[],"product_brand":[],"product_cat":[32],"product_tag":[],"class_list":{"0":"post-30453","1":"product","2":"type-product","3":"status-publish","4":"has-post-thumbnail","6":"product_cat-uncategorized-fi","8":"first","9":"instock","10":"shipping-taxable","11":"purchasable","12":"product-type-simple"},"_links":{"self":[{"href":"https:\/\/nordicmart.andreevmaster.com\/fi\/wp-json\/wp\/v2\/product\/30453","targetHints":{"allow":["GET"]}}],"collection":[{"href":"https:\/\/nordicmart.andreevmaster.com\/fi\/wp-json\/wp\/v2\/product"}],"about":[{"href":"https:\/\/nordicmart.andreevmaster.com\/fi\/wp-json\/wp\/v2\/types\/product"}],"replies":[{"embeddable":true,"href":"https:\/\/nordicmart.andreevmaster.com\/fi\/wp-json\/wp\/v2\/comments?post=30453"}],"wp:featuredmedia":[{"embeddable":true,"href":"https:\/\/nordicmart.andreevmaster.com\/fi\/wp-json\/wp\/v2\/media\/39714"}],"wp:attachment":[{"href":"https:\/\/nordicmart.andreevmaster.com\/fi\/wp-json\/wp\/v2\/media?parent=30453"}],"wp:term":[{"taxonomy":"product_brand","embeddable":true,"href":"https:\/\/nordicmart.andreevmaster.com\/fi\/wp-json\/wp\/v2\/product_brand?post=30453"},{"taxonomy":"product_cat","embeddable":true,"href":"https:\/\/nordicmart.andreevmaster.com\/fi\/wp-json\/wp\/v2\/product_cat?post=30453"},{"taxonomy":"product_tag","embeddable":true,"href":"https:\/\/nordicmart.andreevmaster.com\/fi\/wp-json\/wp\/v2\/product_tag?post=30453"}],"curies":[{"name":"wp","href":"https:\/\/api.w.org\/{rel}","templated":true}]}}