{"id":30452,"date":"2026-02-27T00:10:04","date_gmt":"2026-02-27T00:10:04","guid":{"rendered":"https:\/\/nordicmart.andreevmaster.com\/product\/songmics-paviljonki-3-x-3-m-puutarhateltta-sininen\/"},"modified":"2026-02-27T09:33:41","modified_gmt":"2026-02-27T09:33:41","slug":"songmics-paviljonki-3-x-3-m-puutarhateltta-sininen","status":"publish","type":"product","link":"https:\/\/nordicmart.andreevmaster.com\/fi\/tuote\/songmics-paviljonki-3-x-3-m-puutarhateltta-sininen\/","title":{"rendered":"SONGMICS Paviljonki 3 x 3 m Puutarhateltta sininen"},"content":{"rendered":"<p>Ulkona viihtyminen mukavasti Suunnitteletko syntym\u00e4p\u00e4iv\u00e4juhlia ulkona? Haluatko nauttia luonnosta, mutta pelk\u00e4\u00e4t auringonpolttamia? T\u00e4m\u00e4 paviljonki tulee apuun. Se tarjoaa miellytt\u00e4v\u00e4\u00e4 varjoa, kun aurinko on korkealla taivaalla, tai suojaa vieraasi kevyelt\u00e4 sateelta. Ota tuoli, nauti lempijuomastasi ja anna pilvien kulkea ohitsesi.   Eritt\u00e4in kest\u00e4v\u00e4 Vaikka t\u00e4m\u00e4 juhlateltta voidaan pystytt\u00e4\u00e4 muutamassa minuutissa, se kest\u00e4\u00e4 pitk\u00e4\u00e4n. Laadukkaat nailonmuoviosat, ter\u00e4sjalat ja yl\u00e4osan ristikk\u00e4iset putket auttavat t\u00e4t\u00e4 puutarhapaviljonkia kest\u00e4m\u00e4\u00e4n pitk\u00e4\u00e4n ja palvelemaan sinua oikealla hoidolla vuodesta toiseen.  Tuotetiedot: &#8211; V\u00e4ri: sininen &#8211; Materiaali: ter\u00e4s, polyesteri &#8211; Kokonaiskoko: 3 x 3 x 2,55 m (P x L x K) &#8211; Korkeus s\u00e4\u00e4dett\u00e4viss\u00e4: 2,37 m, 2,46 m tai 2,55 m &#8211; Koko kokoontaitettuna: 121 x 24 x 20 cm (P x L x K) &#8211; Paino: 12 kg  Toimitus sis\u00e4lt\u00e4\u00e4:- 1 x paviljonki &#8211; 8 x maakiinnike &#8211; 4 x k\u00f6ysi &#8211; 1 x kuljetuslaukku &#8211; 1 x ohjeet  SONGMICS-ohjeet: &#8211; Tarkista s\u00e4\u00e4nn\u00f6llisesti maakiinnikkeiden ja k\u00f6ysien kunto. &#8211; T\u00e4m\u00e4 tuote on tarkoitettu ensisijaisesti aurinkosuojaksi; \u00e4l\u00e4 k\u00e4yt\u00e4 sit\u00e4 \u00e4\u00e4rimm\u00e4isess\u00e4 kylmyydess\u00e4 tai kuumuudessa tai muissa s\u00e4\u00e4olosuhteissa.- K\u00e4yt\u00e4 tuotteen p\u00e4ivitt\u00e4iseen puhdistukseen pehme\u00e4\u00e4 harjaa, vett\u00e4 ja neutraaleja puhdistusaineita. S\u00e4ilyt\u00e4 paviljonki kuivassa, hyvin ilmastoidussa paikassa, mutta vasta kun se on t\u00e4ysin kuivunut. &#8211; Ei sovellu pesukoneeseen tai kuivausrumpuun! \u00c4l\u00e4 valkaise! \u00c4l\u00e4 silit\u00e4! &#8211; Pid\u00e4 paviljongin suojakangas poissa l\u00e4mm\u00f6n- ja palol\u00e4hteist\u00e4 sek\u00e4 ter\u00e4vist\u00e4 esineist\u00e4.<\/p>\n","protected":false},"excerpt":{"rendered":"<p>SONGMICS Paviljonki, 3 x 3 m puutarhateltta, UV-suojattu, pop-up-puutarhapaviljonki, etuteltta, taitettava paviljonki, laukulla, helppo kuljettaa, ulkok\u00e4ytt\u00f6\u00f6n, puutarhaan, markkinoille, juhliin, sininen GCT10IN<\/p>\n","protected":false},"featured_media":39713,"comment_status":"open","ping_status":"closed","template":"","meta":[],"product_brand":[],"product_cat":[32],"product_tag":[],"class_list":{"0":"post-30452","1":"product","2":"type-product","3":"status-publish","4":"has-post-thumbnail","6":"product_cat-uncategorized-fi","8":"first","9":"instock","10":"shipping-taxable","11":"purchasable","12":"product-type-simple"},"_links":{"self":[{"href":"https:\/\/nordicmart.andreevmaster.com\/fi\/wp-json\/wp\/v2\/product\/30452","targetHints":{"allow":["GET"]}}],"collection":[{"href":"https:\/\/nordicmart.andreevmaster.com\/fi\/wp-json\/wp\/v2\/product"}],"about":[{"href":"https:\/\/nordicmart.andreevmaster.com\/fi\/wp-json\/wp\/v2\/types\/product"}],"replies":[{"embeddable":true,"href":"https:\/\/nordicmart.andreevmaster.com\/fi\/wp-json\/wp\/v2\/comments?post=30452"}],"wp:featuredmedia":[{"embeddable":true,"href":"https:\/\/nordicmart.andreevmaster.com\/fi\/wp-json\/wp\/v2\/media\/39713"}],"wp:attachment":[{"href":"https:\/\/nordicmart.andreevmaster.com\/fi\/wp-json\/wp\/v2\/media?parent=30452"}],"wp:term":[{"taxonomy":"product_brand","embeddable":true,"href":"https:\/\/nordicmart.andreevmaster.com\/fi\/wp-json\/wp\/v2\/product_brand?post=30452"},{"taxonomy":"product_cat","embeddable":true,"href":"https:\/\/nordicmart.andreevmaster.com\/fi\/wp-json\/wp\/v2\/product_cat?post=30452"},{"taxonomy":"product_tag","embeddable":true,"href":"https:\/\/nordicmart.andreevmaster.com\/fi\/wp-json\/wp\/v2\/product_tag?post=30452"}],"curies":[{"name":"wp","href":"https:\/\/api.w.org\/{rel}","templated":true}]}}