{"id":30449,"date":"2026-02-27T00:10:04","date_gmt":"2026-02-27T00:10:04","guid":{"rendered":"https:\/\/nordicmart.andreevmaster.com\/product\/songmics-nakosuoja-valkoinen\/"},"modified":"2026-02-27T09:33:40","modified_gmt":"2026-02-27T09:33:40","slug":"songmics-nakosuoja-valkoinen","status":"publish","type":"product","link":"https:\/\/nordicmart.andreevmaster.com\/fi\/tuote\/songmics-nakosuoja-valkoinen\/","title":{"rendered":"SONGMICS n\u00e4k\u00f6suoja, valkoinen"},"content":{"rendered":"<p>Lis\u00e4\u00e4 yksityisyytt\u00e4 ulkotiloihin T\u00e4m\u00e4 SONGMICS-n\u00e4k\u00f6este sopii t\u00e4ydellisesti parvekkeelle, terassille, puutarhaan tai uima-altaan ymp\u00e4rille. N\u00e4k\u00f6este on 93 % l\u00e4pin\u00e4kym\u00e4t\u00f6n, joten v\u00e4ltyt uteliailta naapureilta. Ei poraa tarvita T\u00e4m\u00e4 6 x 0,9 m kokoinen n\u00e4k\u00f6este sopii erityisesti vakiokokoiselle parvekkeelle. \u00c4lykk\u00e4\u00e4ss\u00e4 verhoilussa on lukuisia 50 cm:n v\u00e4lein sijoitettuja silmukoita yl\u00e4- ja alaosassa. Lyhyill\u00e4 sivuilla on kummallakin 3 silmukkaa. Asennuksessa sinun tarvitsee vain vet\u00e4\u00e4 mukana toimitettu kest\u00e4v\u00e4 PP-kiinnitysk\u00f6ysi silmukoiden l\u00e4pi ja kiinnitt\u00e4\u00e4 se parvekkeeseesi tai aitaasi. Ei poraa, niin helppoa se on! Tuotetiedot: &#8211; V\u00e4ri: norsunluunvalkoinen &#8211; Materiaali: polyesteri &#8211; Koko: 6 x 0,9 m (P x L) &#8211; Paino: 1,2 kg Toimitus sis\u00e4lt\u00e4\u00e4: &#8211; 1 x n\u00e4k\u00f6suojapeite &#8211; 1 x kiinnitysk\u00f6ysi 12 m<\/p>\n","protected":false},"excerpt":{"rendered":"<p>SONGMICS n\u00e4k\u00f6suoja, aidan peite parvekkeelle ja terassille, parvekkeen peite, vett\u00e4 hylkiv\u00e4 tuulensuoja, k\u00f6ydell\u00e4 ja alumiinilenkeill\u00e4, 600 x 90 cm, beige-valkoinen GCO90IV<\/p>\n","protected":false},"featured_media":39710,"comment_status":"open","ping_status":"closed","template":"","meta":[],"product_brand":[],"product_cat":[32],"product_tag":[],"class_list":{"0":"post-30449","1":"product","2":"type-product","3":"status-publish","4":"has-post-thumbnail","6":"product_cat-uncategorized-fi","8":"first","9":"instock","10":"shipping-taxable","11":"purchasable","12":"product-type-simple"},"_links":{"self":[{"href":"https:\/\/nordicmart.andreevmaster.com\/fi\/wp-json\/wp\/v2\/product\/30449","targetHints":{"allow":["GET"]}}],"collection":[{"href":"https:\/\/nordicmart.andreevmaster.com\/fi\/wp-json\/wp\/v2\/product"}],"about":[{"href":"https:\/\/nordicmart.andreevmaster.com\/fi\/wp-json\/wp\/v2\/types\/product"}],"replies":[{"embeddable":true,"href":"https:\/\/nordicmart.andreevmaster.com\/fi\/wp-json\/wp\/v2\/comments?post=30449"}],"wp:featuredmedia":[{"embeddable":true,"href":"https:\/\/nordicmart.andreevmaster.com\/fi\/wp-json\/wp\/v2\/media\/39710"}],"wp:attachment":[{"href":"https:\/\/nordicmart.andreevmaster.com\/fi\/wp-json\/wp\/v2\/media?parent=30449"}],"wp:term":[{"taxonomy":"product_brand","embeddable":true,"href":"https:\/\/nordicmart.andreevmaster.com\/fi\/wp-json\/wp\/v2\/product_brand?post=30449"},{"taxonomy":"product_cat","embeddable":true,"href":"https:\/\/nordicmart.andreevmaster.com\/fi\/wp-json\/wp\/v2\/product_cat?post=30449"},{"taxonomy":"product_tag","embeddable":true,"href":"https:\/\/nordicmart.andreevmaster.com\/fi\/wp-json\/wp\/v2\/product_tag?post=30449"}],"curies":[{"name":"wp","href":"https:\/\/api.w.org\/{rel}","templated":true}]}}