{"id":30442,"date":"2026-02-27T00:10:02","date_gmt":"2026-02-27T00:10:02","guid":{"rendered":"https:\/\/nordicmart.andreevmaster.com\/product\/songmics-piknikpeite-300-x-200-cm-4-kerrosta\/"},"modified":"2026-02-27T09:33:39","modified_gmt":"2026-02-27T09:33:39","slug":"songmics-piknikpeite-300-x-200-cm-4-kerrosta","status":"publish","type":"product","link":"https:\/\/nordicmart.andreevmaster.com\/fi\/tuote\/songmics-piknikpeite-300-x-200-cm-4-kerrosta\/","title":{"rendered":"SONGMICS piknikpeite, 300 x 200 cm, 4 kerrosta"},"content":{"rendered":"<p>Piknikpeite, 300 x 200 cm, 4 kerrosta, retkeilypeite, vedenpit\u00e4v\u00e4, konepest\u00e4v\u00e4, taitettava, v\u00e4rikk\u00e4\u00e4t lehdet<br \/>\nTuotetiedot<br \/>\n&#8211; V\u00e4ri: v\u00e4rikk\u00e4\u00e4t lehdet<br \/>\n&#8211; Materiaali: polyesteripinta, vaahtomuovipehmuste, kuitukangas, alumiinipinnoite<br \/>\n&#8211; Koko levitettyn\u00e4: 300 x 200 cm (P x L)<br \/>\n&#8211; Koko taitettuna: 42 x 19 x 19 cm (P x L x K)<br \/>\n&#8211; Paino: 1,6 kg<\/p>\n<p>Toimitus sis\u00e4lt\u00e4\u00e4<br \/>\n&#8211; 1 x piknikpeite<\/p>\n<p>Huomautukset:<br \/>\n&#8211; V\u00e4rit voivat vaihdella hieman tietokoneen ja matkapuhelimen n\u00e4yt\u00f6iss\u00e4.<br \/>\n&#8211; \u00c4l\u00e4 aseta laitetta ter\u00e4vien esineiden, kuten kivien tai oksien p\u00e4\u00e4lle, jotta v\u00e4lt\u00e4t vauriot tai loukkaantumiset.<br \/>\n&#8211; \u00c4l\u00e4 pese peittoa usein pesukoneessa, jotta sen k\u00e4ytt\u00f6ik\u00e4 pitenee.<\/p>\n","protected":false},"excerpt":{"rendered":"<p>Piknikpeite, 300 x 200 cm, 4 kerrosta, retkeilypeite, vedenpit\u00e4v\u00e4, konepest\u00e4v\u00e4, taitettava, v\u00e4rikk\u00e4\u00e4t lehdet<\/p>\n","protected":false},"featured_media":39703,"comment_status":"open","ping_status":"closed","template":"","meta":[],"product_brand":[],"product_cat":[32],"product_tag":[],"class_list":{"0":"post-30442","1":"product","2":"type-product","3":"status-publish","4":"has-post-thumbnail","6":"product_cat-uncategorized-fi","8":"first","9":"instock","10":"shipping-taxable","11":"purchasable","12":"product-type-simple"},"_links":{"self":[{"href":"https:\/\/nordicmart.andreevmaster.com\/fi\/wp-json\/wp\/v2\/product\/30442","targetHints":{"allow":["GET"]}}],"collection":[{"href":"https:\/\/nordicmart.andreevmaster.com\/fi\/wp-json\/wp\/v2\/product"}],"about":[{"href":"https:\/\/nordicmart.andreevmaster.com\/fi\/wp-json\/wp\/v2\/types\/product"}],"replies":[{"embeddable":true,"href":"https:\/\/nordicmart.andreevmaster.com\/fi\/wp-json\/wp\/v2\/comments?post=30442"}],"wp:featuredmedia":[{"embeddable":true,"href":"https:\/\/nordicmart.andreevmaster.com\/fi\/wp-json\/wp\/v2\/media\/39703"}],"wp:attachment":[{"href":"https:\/\/nordicmart.andreevmaster.com\/fi\/wp-json\/wp\/v2\/media?parent=30442"}],"wp:term":[{"taxonomy":"product_brand","embeddable":true,"href":"https:\/\/nordicmart.andreevmaster.com\/fi\/wp-json\/wp\/v2\/product_brand?post=30442"},{"taxonomy":"product_cat","embeddable":true,"href":"https:\/\/nordicmart.andreevmaster.com\/fi\/wp-json\/wp\/v2\/product_cat?post=30442"},{"taxonomy":"product_tag","embeddable":true,"href":"https:\/\/nordicmart.andreevmaster.com\/fi\/wp-json\/wp\/v2\/product_tag?post=30442"}],"curies":[{"name":"wp","href":"https:\/\/api.w.org\/{rel}","templated":true}]}}