{"id":30439,"date":"2026-02-27T00:10:01","date_gmt":"2026-02-27T00:10:01","guid":{"rendered":"https:\/\/nordicmart.andreevmaster.com\/product\/songmics-piknikpeitto-isot-flamingot\/"},"modified":"2026-02-27T09:33:39","modified_gmt":"2026-02-27T09:33:39","slug":"songmics-piknikpeitto-isot-flamingot","status":"publish","type":"product","link":"https:\/\/nordicmart.andreevmaster.com\/fi\/tuote\/songmics-piknikpeitto-isot-flamingot\/","title":{"rendered":"SONGMICS piknikpeitto, isot flamingot"},"content":{"rendered":"<p>Nauti luonnon kauneudesta Olitpa sitten valmistautumassa kev\u00e4iseen piknikkiin, kes\u00e4n retkeilyyn, musiikkifestivaaleille tai vain auringonottoon luonnossa, t\u00e4m\u00e4 viltti on ihanteellinen lis\u00e4varuste p\u00e4iv\u00e4\u00e4n puistossa, rannalla, puutarhassa tai uima-altaalla. &nbsp; Laadukas valmistus Pehme\u00e4ll\u00e4 polyesteripinnalla, alumiinipinnoitteella ja vaahtomuovikerroksella keskell\u00e4 t\u00e4m\u00e4 piknikpeite on sek\u00e4 mukava ett\u00e4 vedenpit\u00e4v\u00e4. Taitele se kompaktiin kokoon ja ota mukaan matkalle. &nbsp; Tuotetiedot:-&nbsp;V\u00e4ri:&nbsp;Suuret flamingot &#8211; Materiaali: polyesteripinta, vaahtomuovipehmuste, alumiinipinnoite &#8211; Koko taitettuna: 42 x 15 x 15 cm (P xP x K) &#8211;&nbsp;Koko avattuna:&nbsp;200 x 200 cm&nbsp;(P x&nbsp;L x K) &#8211; Paino: 1,1 kg Toimitus sis\u00e4lt\u00e4\u00e4: &#8211; 1 x piknikpeitto SONGMICS Huomautukset:- Valonolosuhteiden tai n\u00e4yt\u00f6n tarkkuuden vaihteluiden vuoksi tuotteiden v\u00e4rit voivat poiketa hieman kuvissa esitetyist\u00e4 tuotteista. &#8211; \u00c4l\u00e4 aseta t\u00e4t\u00e4 tuotetta ter\u00e4vien tai piikkisten esineiden, kuten kivien tai oksien, p\u00e4\u00e4lle, jotta v\u00e4lt\u00e4t loukkaantumiset tai vauriot. &#8211; \u00c4l\u00e4 pese tuotetta liian usein pesukoneessa, sill\u00e4 se voi lyhent\u00e4\u00e4 sen k\u00e4ytt\u00f6ik\u00e4\u00e4.<\/p>\n","protected":false},"excerpt":{"rendered":"<p>SONGMICS piknikpeite, 200 x 200 cm:n kokoinen rantapeite, retkeilypeite, vedenpit\u00e4v\u00e4 alapinta, konepest\u00e4v\u00e4, taitettava, puutarhaan, puistoon, rannalle, retkeilyyn, v\u00e4rikk\u00e4\u00e4t lehdet GCM87CU<\/p>\n","protected":false},"featured_media":39700,"comment_status":"open","ping_status":"closed","template":"","meta":[],"product_brand":[],"product_cat":[32],"product_tag":[],"class_list":{"0":"post-30439","1":"product","2":"type-product","3":"status-publish","4":"has-post-thumbnail","6":"product_cat-uncategorized-fi","8":"first","9":"instock","10":"shipping-taxable","11":"purchasable","12":"product-type-simple"},"_links":{"self":[{"href":"https:\/\/nordicmart.andreevmaster.com\/fi\/wp-json\/wp\/v2\/product\/30439","targetHints":{"allow":["GET"]}}],"collection":[{"href":"https:\/\/nordicmart.andreevmaster.com\/fi\/wp-json\/wp\/v2\/product"}],"about":[{"href":"https:\/\/nordicmart.andreevmaster.com\/fi\/wp-json\/wp\/v2\/types\/product"}],"replies":[{"embeddable":true,"href":"https:\/\/nordicmart.andreevmaster.com\/fi\/wp-json\/wp\/v2\/comments?post=30439"}],"wp:featuredmedia":[{"embeddable":true,"href":"https:\/\/nordicmart.andreevmaster.com\/fi\/wp-json\/wp\/v2\/media\/39700"}],"wp:attachment":[{"href":"https:\/\/nordicmart.andreevmaster.com\/fi\/wp-json\/wp\/v2\/media?parent=30439"}],"wp:term":[{"taxonomy":"product_brand","embeddable":true,"href":"https:\/\/nordicmart.andreevmaster.com\/fi\/wp-json\/wp\/v2\/product_brand?post=30439"},{"taxonomy":"product_cat","embeddable":true,"href":"https:\/\/nordicmart.andreevmaster.com\/fi\/wp-json\/wp\/v2\/product_cat?post=30439"},{"taxonomy":"product_tag","embeddable":true,"href":"https:\/\/nordicmart.andreevmaster.com\/fi\/wp-json\/wp\/v2\/product_tag?post=30439"}],"curies":[{"name":"wp","href":"https:\/\/api.w.org\/{rel}","templated":true}]}}