{"id":30435,"date":"2026-02-27T00:10:01","date_gmt":"2026-02-27T00:10:01","guid":{"rendered":"https:\/\/nordicmart.andreevmaster.com\/product\/songmics-pestava-piknikpeite-leaves-xl\/"},"modified":"2026-02-27T09:33:38","modified_gmt":"2026-02-27T09:33:38","slug":"songmics-pestava-piknikpeite-leaves-xl","status":"publish","type":"product","link":"https:\/\/nordicmart.andreevmaster.com\/fi\/tuote\/songmics-pestava-piknikpeite-leaves-xl\/","title":{"rendered":"SONGMICS Pest\u00e4v\u00e4 piknikpeite Leaves XL"},"content":{"rendered":"<p>Suuri pehmustettu viltti piknikille ja puistoon Suuri viltti tarjoaa jopa 4 hengelle l\u00e4mp\u00f6\u00e4 erist\u00e4v\u00e4n ja kosteutta hylkiv\u00e4n paikan piknikille. Sit\u00e4 voidaan k\u00e4ytt\u00e4\u00e4 my\u00f6s lasten leikkimatona. Helppok\u00e4ytt\u00f6isyys tekee siit\u00e4 ihanteellisen piknikille, matkalle ja rentoutumiseen puistossa. Voit k\u00e4ytt\u00e4\u00e4 viltti\u00e4 my\u00f6s rannalla tai autossa koirasi peitteen\u00e4, jotta auto pysyy karvattomana. Kest\u00e4v\u00e4 ja helppohoitoinen Polyesteripinta on helppo pyyhki\u00e4 ja se ei nukkaannu. 600 D Oxford -kankaasta valmistettu alapuoli on l\u00e4mp\u00f6\u00e4 erist\u00e4v\u00e4, rep\u00e4isyluja ja kest\u00e4v\u00e4. Tihe\u00e4 vanu tekee istumisesta ja rentoutumisesta kovalla alustalla miellytt\u00e4v\u00e4\u00e4 my\u00f6s pidemp\u00e4\u00e4n. Taitettava ja kannettava Peitto on helppo taittaa kokoon ja kantaa kahvasta tai kantohihnasta. N\u00e4in k\u00e4det j\u00e4\u00e4v\u00e4t vapaiksi piknikkoriin tai lapsiin. Se painaa alle 1 kilogramman, joten se ei ole painava. Kiinnit\u00e4 peitto polkupy\u00f6r\u00e4n koriin tai j\u00e4t\u00e4 se autoon, niin se on aina k\u00e4ytett\u00e4viss\u00e4si ja voit nauttia spontaanisti ja joustavasti auringonlaskusta siritt\u00e4vien sirkatten seurassa ilman, ett\u00e4 tunnet maan kylmyytt\u00e4. Tuotetiedot: &#8211; Materiaali: polyesterikuitu + polyesterihuopa + 600 D Oxford-kangas &#8211; Mitat avattuna: 195 x 150 cm &#8211; Mitat taitettuna: noin 40 x 25 x 10 cm &#8211; Paino: noin 0,9 kg &#8211; V\u00e4ri: sininen + valkoinen Toimitus sis\u00e4lt\u00e4\u00e4: &#8211; 1 x piknikpeitto SONGMICS Huomautukset: &#8211; Poista kivet, juuret ja vastaavat ennen kuin kiinnit\u00e4t peitteen maahan, muuten siihen voi tulla reiki\u00e4 ja istuminen voi olla ep\u00e4mukavaa. &#8211; Pid\u00e4 peite poissa syttymisl\u00e4hteist\u00e4 ja avotulesta.<\/p>\n","protected":false},"excerpt":{"rendered":"<p>SONGMICS Pest\u00e4v\u00e4 piknikpeite ulkok\u00e4ytt\u00f6\u00f6n, taitettava laukuksi olkahihnalla, kevyt retkeilypeite, ihanteellinen matkalle, l\u00e4mp\u00f6eristetty 195 x 150 cm GCM80UW<\/p>\n","protected":false},"featured_media":39696,"comment_status":"open","ping_status":"closed","template":"","meta":[],"product_brand":[],"product_cat":[32],"product_tag":[],"class_list":{"0":"post-30435","1":"product","2":"type-product","3":"status-publish","4":"has-post-thumbnail","6":"product_cat-uncategorized-fi","8":"first","9":"instock","10":"shipping-taxable","11":"purchasable","12":"product-type-simple"},"_links":{"self":[{"href":"https:\/\/nordicmart.andreevmaster.com\/fi\/wp-json\/wp\/v2\/product\/30435","targetHints":{"allow":["GET"]}}],"collection":[{"href":"https:\/\/nordicmart.andreevmaster.com\/fi\/wp-json\/wp\/v2\/product"}],"about":[{"href":"https:\/\/nordicmart.andreevmaster.com\/fi\/wp-json\/wp\/v2\/types\/product"}],"replies":[{"embeddable":true,"href":"https:\/\/nordicmart.andreevmaster.com\/fi\/wp-json\/wp\/v2\/comments?post=30435"}],"wp:featuredmedia":[{"embeddable":true,"href":"https:\/\/nordicmart.andreevmaster.com\/fi\/wp-json\/wp\/v2\/media\/39696"}],"wp:attachment":[{"href":"https:\/\/nordicmart.andreevmaster.com\/fi\/wp-json\/wp\/v2\/media?parent=30435"}],"wp:term":[{"taxonomy":"product_brand","embeddable":true,"href":"https:\/\/nordicmart.andreevmaster.com\/fi\/wp-json\/wp\/v2\/product_brand?post=30435"},{"taxonomy":"product_cat","embeddable":true,"href":"https:\/\/nordicmart.andreevmaster.com\/fi\/wp-json\/wp\/v2\/product_cat?post=30435"},{"taxonomy":"product_tag","embeddable":true,"href":"https:\/\/nordicmart.andreevmaster.com\/fi\/wp-json\/wp\/v2\/product_tag?post=30435"}],"curies":[{"name":"wp","href":"https:\/\/api.w.org\/{rel}","templated":true}]}}