{"id":30432,"date":"2026-02-27T00:10:00","date_gmt":"2026-02-27T00:10:00","guid":{"rendered":"https:\/\/nordicmart.andreevmaster.com\/product\/songmics-piknikpeitto-fleece-sininen-taplikas-xxl\/"},"modified":"2026-02-27T09:33:38","modified_gmt":"2026-02-27T09:33:38","slug":"songmics-piknikpeitto-fleece-sininen-taplikas-xxl","status":"publish","type":"product","link":"https:\/\/nordicmart.andreevmaster.com\/fi\/tuote\/songmics-piknikpeitto-fleece-sininen-taplikas-xxl\/","title":{"rendered":"SONGMICS piknikpeitto fleece sininen t\u00e4plik\u00e4s XXL"},"content":{"rendered":"<p>Piknikpeite on kevyt mutta silti kest\u00e4v\u00e4, ja siin\u00e4 on yhteens\u00e4 kolme kerrosta: fleece-pinta tekee peitteest\u00e4 pehme\u00e4n makuualustan; pehmuste takaa mukavan makuualustan kovalla alustalla; erist\u00e4v\u00e4 alumiinipinnoitettu alapinta suojaa peitett\u00e4 m\u00e4r\u00e4lt\u00e4 ja kylm\u00e4lt\u00e4 maalta. N\u00e4in et p\u00e4\u00e4dy m\u00e4r\u00e4lle nurmikolle etk\u00e4 saa en\u00e4\u00e4 m\u00e4rk\u00e4\u00e4 takamusta. Piknikpeitossa on kantokahva ja tarranauha, jotta sit\u00e4 on helpompi kuljettaa. T\u00e4m\u00e4 piknikpeitto on t\u00e4ydellinen kumppani rentouttaviin ja mukaviin p\u00e4iviin luonnossa, rannalla tai lomalla! Huomautukset:\u00c4l\u00e4 puhdista peittoa vedell\u00e4, vaan harjaa se vain. Varmista ennen k\u00e4ytt\u00f6\u00e4, ett\u00e4 peiton alla ei ole kivi\u00e4, juuria tai vastaavia esineit\u00e4. Muuten ne voivat tehd\u00e4 reiki\u00e4 peittoon tai vahingoittaa kehoasi istuessasi tai makuullessasi.Tuotetiedot: Materiaali: fleece + vaahtomuovi + alumiinipinnoite Mitat avattuna: noin 200 x 200 cm Mitat taitettuna: noin 40 x 25 x 12 cm Paino: noin 1 kg Toimitus sis\u00e4lt\u00e4\u00e4: 1 x piknikpeitto<\/p>\n","protected":false},"excerpt":{"rendered":"<p>SONGMICS 200 x 200 cm XXL piknikpeite fleece, l\u00e4mp\u00f6eristetty, vedenpit\u00e4v\u00e4, kantokahvalla GCM70R<\/p>\n","protected":false},"featured_media":39693,"comment_status":"open","ping_status":"closed","template":"","meta":[],"product_brand":[],"product_cat":[32],"product_tag":[],"class_list":{"0":"post-30432","1":"product","2":"type-product","3":"status-publish","4":"has-post-thumbnail","6":"product_cat-uncategorized-fi","8":"first","9":"instock","10":"shipping-taxable","11":"purchasable","12":"product-type-simple"},"_links":{"self":[{"href":"https:\/\/nordicmart.andreevmaster.com\/fi\/wp-json\/wp\/v2\/product\/30432","targetHints":{"allow":["GET"]}}],"collection":[{"href":"https:\/\/nordicmart.andreevmaster.com\/fi\/wp-json\/wp\/v2\/product"}],"about":[{"href":"https:\/\/nordicmart.andreevmaster.com\/fi\/wp-json\/wp\/v2\/types\/product"}],"replies":[{"embeddable":true,"href":"https:\/\/nordicmart.andreevmaster.com\/fi\/wp-json\/wp\/v2\/comments?post=30432"}],"wp:featuredmedia":[{"embeddable":true,"href":"https:\/\/nordicmart.andreevmaster.com\/fi\/wp-json\/wp\/v2\/media\/39693"}],"wp:attachment":[{"href":"https:\/\/nordicmart.andreevmaster.com\/fi\/wp-json\/wp\/v2\/media?parent=30432"}],"wp:term":[{"taxonomy":"product_brand","embeddable":true,"href":"https:\/\/nordicmart.andreevmaster.com\/fi\/wp-json\/wp\/v2\/product_brand?post=30432"},{"taxonomy":"product_cat","embeddable":true,"href":"https:\/\/nordicmart.andreevmaster.com\/fi\/wp-json\/wp\/v2\/product_cat?post=30432"},{"taxonomy":"product_tag","embeddable":true,"href":"https:\/\/nordicmart.andreevmaster.com\/fi\/wp-json\/wp\/v2\/product_tag?post=30432"}],"curies":[{"name":"wp","href":"https:\/\/api.w.org\/{rel}","templated":true}]}}