{"id":30431,"date":"2026-02-27T00:10:00","date_gmt":"2026-02-27T00:10:00","guid":{"rendered":"https:\/\/nordicmart.andreevmaster.com\/product\/songmics-piknikpeitto-flanelli-hippie-xxl\/"},"modified":"2026-02-27T09:33:38","modified_gmt":"2026-02-27T09:33:38","slug":"songmics-piknikpeitto-flanelli-hippie-xxl","status":"publish","type":"product","link":"https:\/\/nordicmart.andreevmaster.com\/fi\/tuote\/songmics-piknikpeitto-flanelli-hippie-xxl\/","title":{"rendered":"SONGMICS piknikpeitto flanelli hippie XXL"},"content":{"rendered":"<p>Aika piknikille luontoon Viet\u00e4 mukava p\u00e4iv\u00e4 luonnossa ja hy\u00f6dynn\u00e4 t\u00e4t\u00e4 200 x 200 cm:n kokoista, vaaleanvihre\u00e4\u00e4 piknikpeittoa, jossa on v\u00e4rikk\u00e4it\u00e4 kukkia. N\u00e4in sinun ei tarvitse istua kostealle nurmikolle, vaan voit asettua pehme\u00e4lle vaahtomuovipehmusteelle. Peitteen alapuolella oleva vedenpit\u00e4v\u00e4, l\u00e4mp\u00f6\u00e4 erist\u00e4v\u00e4 alumiinipinnoite suojaa housujesi pohjaa kastumiselta \u2013 t\u00e4ydellinen valinta puutarhassa j\u00e4rjestett\u00e4v\u00e4\u00e4n grillijuhlaan, luonnossa retkeilyyn tai ulkoilmafestivaaleille.&nbsp;&nbsp;&nbsp;Aika rentoutuaOletko kaatanut mehua peitteen p\u00e4\u00e4lle? Tai onko sinulta pudonnut pala kermakakkua? \u00c4l\u00e4 paniikkia! Karkea lika on helppo ravistaa pois. Puhdista hieman sitke\u00e4mm\u00e4t tahrat helppohoitoiselta flanellipinnalta kostealla liinalla. Sitten piknikpeite on valmis seuraavaa k\u00e4ytt\u00f6kertaa varten.&nbsp;Tuotetiedot:-&nbsp;V\u00e4ri:&nbsp;Vaaleanvihre\u00e4, v\u00e4rikk\u00e4ill\u00e4 kukilla &#8211; Materiaali: &#8211; Flanellipinta, vaahtomuovipehmuste, alumiinipinnoite &#8211; Koko taitettuna: &#8211; 40 x 25 x12 cm (P x L x K) &#8211;&nbsp;Koko taitettuna:&nbsp;200 x 200 cm (P x L) &#8211;&nbsp;Paino:&nbsp;1 kg&nbsp;&nbsp;Toimitus sis\u00e4lt\u00e4\u00e4:-&nbsp;1 x&nbsp;SONGMICS-piknikpeitto&nbsp;Huomautukset:-&nbsp;\u00c4l\u00e4 aseta t\u00e4t\u00e4 tuotetta ter\u00e4vien tai ter\u00e4vien esineiden, kuten kivien tai oksien, p\u00e4\u00e4lle, jotta v\u00e4lt\u00e4t loukkaantumiset tai vauriot.- Ei sovellu konepesuun tai kuivausrumpuun! \u00c4l\u00e4 silit\u00e4! Puhdista tuote vain kostealla liinalla.<\/p>\n","protected":false},"excerpt":{"rendered":"<p>SONGMICS 200 x 200 cm XXL piknikpeite fleece, l\u00e4mp\u00f6eristetty, vedenpit\u00e4v\u00e4, kantokahvalla GCM70R<\/p>\n","protected":false},"featured_media":39692,"comment_status":"open","ping_status":"closed","template":"","meta":[],"product_brand":[],"product_cat":[32],"product_tag":[],"class_list":{"0":"post-30431","1":"product","2":"type-product","3":"status-publish","4":"has-post-thumbnail","6":"product_cat-uncategorized-fi","8":"first","9":"instock","10":"shipping-taxable","11":"purchasable","12":"product-type-simple"},"_links":{"self":[{"href":"https:\/\/nordicmart.andreevmaster.com\/fi\/wp-json\/wp\/v2\/product\/30431","targetHints":{"allow":["GET"]}}],"collection":[{"href":"https:\/\/nordicmart.andreevmaster.com\/fi\/wp-json\/wp\/v2\/product"}],"about":[{"href":"https:\/\/nordicmart.andreevmaster.com\/fi\/wp-json\/wp\/v2\/types\/product"}],"replies":[{"embeddable":true,"href":"https:\/\/nordicmart.andreevmaster.com\/fi\/wp-json\/wp\/v2\/comments?post=30431"}],"wp:featuredmedia":[{"embeddable":true,"href":"https:\/\/nordicmart.andreevmaster.com\/fi\/wp-json\/wp\/v2\/media\/39692"}],"wp:attachment":[{"href":"https:\/\/nordicmart.andreevmaster.com\/fi\/wp-json\/wp\/v2\/media?parent=30431"}],"wp:term":[{"taxonomy":"product_brand","embeddable":true,"href":"https:\/\/nordicmart.andreevmaster.com\/fi\/wp-json\/wp\/v2\/product_brand?post=30431"},{"taxonomy":"product_cat","embeddable":true,"href":"https:\/\/nordicmart.andreevmaster.com\/fi\/wp-json\/wp\/v2\/product_cat?post=30431"},{"taxonomy":"product_tag","embeddable":true,"href":"https:\/\/nordicmart.andreevmaster.com\/fi\/wp-json\/wp\/v2\/product_tag?post=30431"}],"curies":[{"name":"wp","href":"https:\/\/api.w.org\/{rel}","templated":true}]}}