{"id":30426,"date":"2026-02-27T00:09:59","date_gmt":"2026-02-27T00:09:59","guid":{"rendered":"https:\/\/nordicmart.andreevmaster.com\/product\/songmics-piknikpeitto-fleece-sininen-raidallinen-xxl\/"},"modified":"2026-02-27T09:33:37","modified_gmt":"2026-02-27T09:33:37","slug":"songmics-piknikpeitto-fleece-sininen-raidallinen-xxl","status":"publish","type":"product","link":"https:\/\/nordicmart.andreevmaster.com\/fi\/tuote\/songmics-piknikpeitto-fleece-sininen-raidallinen-xxl\/","title":{"rendered":"SONGMICS piknikpeitto fleece sininen raidallinen XXL"},"content":{"rendered":"<p>V\u00e4ltt\u00e4m\u00e4t\u00f6n seuralainen kaikilla ulkoilma-seikkailuillasi! Songmicsin k\u00e4tev\u00e4 piknikpeite sopii erinomaisesti retkeilyyn, piknikille, rannalla vietett\u00e4viin p\u00e4iviin, ulkoilmafestivaaleille, puistoon tai lomalle yst\u00e4vien tai perheen kanssa. Se on kevyt mutta silti kest\u00e4v\u00e4 ja siin\u00e4 on yhteens\u00e4 kolme kerrosta: akryylikuitujen\/fleece-pinnan ansiosta peite on pehme\u00e4; pehmuste takaa mukavan makuualustan kovalla alustalla; erist\u00e4v\u00e4 alapinta suojaa peitett\u00e4 m\u00e4r\u00e4lt\u00e4 ja kylm\u00e4lt\u00e4 maalta. N\u00e4in et p\u00e4\u00e4dy m\u00e4r\u00e4lle nurmikolle etk\u00e4 saa en\u00e4\u00e4 m\u00e4rk\u00e4\u00e4 takamusta.Kuvitetun taitto-ohjeen (etiketti) avulla piknikpeiton voi helposti taittaa kokoon ja kiinnitt\u00e4\u00e4 tiukasti integroidulla tarranauhalla. Jos haluat suuremman peiton, l\u00f6yd\u00e4t sen my\u00f6s meilt\u00e4. Huomautukset: &#8211; \u00c4l\u00e4 puhdista peittoa vedell\u00e4, vaan harjaa se vain.- Varmista ennen k\u00e4ytt\u00f6\u00e4, ett\u00e4 peiton alla ei ole kivi\u00e4, juuria tai vastaavia esineit\u00e4. Muuten ne voivat tehd\u00e4 reiki\u00e4 peittoon tai vahingoittaa kehoasi istuessasi tai makuullessasi. &#8211; Outdoor-peitto on saatavana eri v\u00e4reiss\u00e4. Valitse suosikkikuvasi ja nauti piknikist\u00e4.    Tuotetiedot: &#8211; Materiaali: fleece + vaahtomuovi + alumiinipinnoite &#8211; Mitat avattuna: 200 x 200 cm &#8211; Mitat taitettuna: noin 40 x 25 x 12 cm &#8211; Paino: noin 1 kg &#8211; V\u00e4ri: sinivalkoinen raidallinen Toimitus sis\u00e4lt\u00e4\u00e4: &#8211; 1x piknikpeitto<\/p>\n","protected":false},"excerpt":{"rendered":"<p>SONGMICS 200 x 200 cm XXL piknikpeite fleece, l\u00e4mp\u00f6eristetty, vedenpit\u00e4v\u00e4, kantokahvalla GCM70R<\/p>\n","protected":false},"featured_media":39687,"comment_status":"open","ping_status":"closed","template":"","meta":[],"product_brand":[],"product_cat":[32],"product_tag":[],"class_list":{"0":"post-30426","1":"product","2":"type-product","3":"status-publish","4":"has-post-thumbnail","6":"product_cat-uncategorized-fi","8":"first","9":"instock","10":"shipping-taxable","11":"purchasable","12":"product-type-simple"},"_links":{"self":[{"href":"https:\/\/nordicmart.andreevmaster.com\/fi\/wp-json\/wp\/v2\/product\/30426","targetHints":{"allow":["GET"]}}],"collection":[{"href":"https:\/\/nordicmart.andreevmaster.com\/fi\/wp-json\/wp\/v2\/product"}],"about":[{"href":"https:\/\/nordicmart.andreevmaster.com\/fi\/wp-json\/wp\/v2\/types\/product"}],"replies":[{"embeddable":true,"href":"https:\/\/nordicmart.andreevmaster.com\/fi\/wp-json\/wp\/v2\/comments?post=30426"}],"wp:featuredmedia":[{"embeddable":true,"href":"https:\/\/nordicmart.andreevmaster.com\/fi\/wp-json\/wp\/v2\/media\/39687"}],"wp:attachment":[{"href":"https:\/\/nordicmart.andreevmaster.com\/fi\/wp-json\/wp\/v2\/media?parent=30426"}],"wp:term":[{"taxonomy":"product_brand","embeddable":true,"href":"https:\/\/nordicmart.andreevmaster.com\/fi\/wp-json\/wp\/v2\/product_brand?post=30426"},{"taxonomy":"product_cat","embeddable":true,"href":"https:\/\/nordicmart.andreevmaster.com\/fi\/wp-json\/wp\/v2\/product_cat?post=30426"},{"taxonomy":"product_tag","embeddable":true,"href":"https:\/\/nordicmart.andreevmaster.com\/fi\/wp-json\/wp\/v2\/product_tag?post=30426"}],"curies":[{"name":"wp","href":"https:\/\/api.w.org\/{rel}","templated":true}]}}