{"id":30423,"date":"2026-02-27T00:09:58","date_gmt":"2026-02-27T00:09:58","guid":{"rendered":"https:\/\/nordicmart.andreevmaster.com\/product\/songmics-piknikpeitto-fleece-varikas-xl\/"},"modified":"2026-02-27T09:33:36","modified_gmt":"2026-02-27T09:33:36","slug":"songmics-piknikpeitto-fleece-varikas-xl","status":"publish","type":"product","link":"https:\/\/nordicmart.andreevmaster.com\/fi\/tuote\/songmics-piknikpeitto-fleece-varikas-xl\/","title":{"rendered":"SONGMICS Piknikpeitto Fleece V\u00e4rik\u00e4s XL"},"content":{"rendered":"<p>V\u00e4ltt\u00e4m\u00e4t\u00f6n ulkoilma-seikkailuille T\u00e4m\u00e4 k\u00e4tev\u00e4 piknikpeite sopii erinomaisesti retkeilyyn, piknikille, rannalla vietett\u00e4viin p\u00e4iviin, ulkoilmafestivaaleille, puistoon tai lomalle yst\u00e4vien ja perheen kanssa. Se on kevyt, mutta silti kest\u00e4v\u00e4 ja siin\u00e4 on yhteens\u00e4 3 kerrosta: fleece-pinta tuntuu miellytt\u00e4v\u00e4n pehme\u00e4lt\u00e4. Pehmuste takaa mukavan makuualustan my\u00f6s kovalla alustalla. Erist\u00e4v\u00e4 alapuoli suojaa kosteudelta ja kylm\u00e4lt\u00e4. Kuvitetun taitto-ohjeen (etiketti) ansiosta piknikpeitto on helppo taittaa kokoon. Integroitu tarranauha varmistaa, ett\u00e4 peitto ei avaudu uudelleen. Tuotetiedot: &#8211; V\u00e4ri: v\u00e4rik\u00e4s &#8211; Materiaali: Fleece, vaahtomuovi, alumiinipinnoite &#8211; Mitat taitettuna: 195 x 150 cm &#8211; Mitat taitettuna: noin 40 x 25 x 10 cm &#8211; Paino: 0,7 kg Toimitus sis\u00e4lt\u00e4\u00e4: &#8211; 1x piknikpeite SONGMICS Huomautukset: &#8211; Harjaa peite vain, \u00e4l\u00e4 puhdista vedell\u00e4. &#8211;<br \/>\n Varmista ennen k\u00e4ytt\u00f6\u00e4, ett\u00e4 peiton alla ei ole kivi\u00e4,<br \/>\njuuria, oksia jne. peitteen alla. Muuten on olemassa<br \/>\nvaara loukkaantua tai vahingoittaa peittoa. &#8211; T\u00e4m\u00e4 peitto on saatavana eri v\u00e4reiss\u00e4. Valitse suosikkikuvio ja nauti piknikist\u00e4.  <\/p>\n","protected":false},"excerpt":{"rendered":"<p>SONGMICS Piknikpeite, fleecepeite, vedenpit\u00e4v\u00e4, 195 x 150 cm, v\u00e4rik\u00e4s GCM61C<\/p>\n","protected":false},"featured_media":39684,"comment_status":"open","ping_status":"closed","template":"","meta":[],"product_brand":[],"product_cat":[32],"product_tag":[],"class_list":{"0":"post-30423","1":"product","2":"type-product","3":"status-publish","4":"has-post-thumbnail","6":"product_cat-uncategorized-fi","8":"first","9":"instock","10":"shipping-taxable","11":"purchasable","12":"product-type-simple"},"_links":{"self":[{"href":"https:\/\/nordicmart.andreevmaster.com\/fi\/wp-json\/wp\/v2\/product\/30423","targetHints":{"allow":["GET"]}}],"collection":[{"href":"https:\/\/nordicmart.andreevmaster.com\/fi\/wp-json\/wp\/v2\/product"}],"about":[{"href":"https:\/\/nordicmart.andreevmaster.com\/fi\/wp-json\/wp\/v2\/types\/product"}],"replies":[{"embeddable":true,"href":"https:\/\/nordicmart.andreevmaster.com\/fi\/wp-json\/wp\/v2\/comments?post=30423"}],"wp:featuredmedia":[{"embeddable":true,"href":"https:\/\/nordicmart.andreevmaster.com\/fi\/wp-json\/wp\/v2\/media\/39684"}],"wp:attachment":[{"href":"https:\/\/nordicmart.andreevmaster.com\/fi\/wp-json\/wp\/v2\/media?parent=30423"}],"wp:term":[{"taxonomy":"product_brand","embeddable":true,"href":"https:\/\/nordicmart.andreevmaster.com\/fi\/wp-json\/wp\/v2\/product_brand?post=30423"},{"taxonomy":"product_cat","embeddable":true,"href":"https:\/\/nordicmart.andreevmaster.com\/fi\/wp-json\/wp\/v2\/product_cat?post=30423"},{"taxonomy":"product_tag","embeddable":true,"href":"https:\/\/nordicmart.andreevmaster.com\/fi\/wp-json\/wp\/v2\/product_tag?post=30423"}],"curies":[{"name":"wp","href":"https:\/\/api.w.org\/{rel}","templated":true}]}}