{"id":30422,"date":"2026-02-27T00:09:58","date_gmt":"2026-02-27T00:09:58","guid":{"rendered":"https:\/\/nordicmart.andreevmaster.com\/product\/songmics-piknikpeite-195-x-150-cm\/"},"modified":"2026-02-27T09:33:36","modified_gmt":"2026-02-27T09:33:36","slug":"songmics-piknikpeite-195-x-150-cm","status":"publish","type":"product","link":"https:\/\/nordicmart.andreevmaster.com\/fi\/tuote\/songmics-piknikpeite-195-x-150-cm\/","title":{"rendered":"SONGMICS piknikpeite 195 x 150 cm"},"content":{"rendered":"<p>Nauti luonnon kauneudesta Olitpa sitten valmistautumassa kev\u00e4iseen piknikkiin, kes\u00e4n retkeilyyn, musiikkifestivaaleille tai vain auringonottoon luonnossa, t\u00e4m\u00e4 viltti on ihanteellinen lis\u00e4varuste p\u00e4iv\u00e4\u00e4n puistossa, rannalla, puutarhassa tai uima-altaalla.   Laadukas valmistus Pehme\u00e4ll\u00e4 flanellipinnalla, alumiinipinnoitteella ja vaahtomuovikerroksella keskell\u00e4 t\u00e4m\u00e4 piknikpeite on mukava ja vedenpit\u00e4v\u00e4. Taitele se kompaktiin kokoon ja ota mukaan matkalle. Tuotetiedot: &#8211; V\u00e4ri: Harmaa-valkoinen &#8211; Materiaali: Flanellipinta, vaahtomuovipehmuste, alumiinipinnoite &#8211; Koko taitettuna: 40 x 26 x 10 cm (P x L x K) &#8211; Koko taitettuna: 195 x 150 cm (P x L) &#8211; Paino: 0,75 kg Toimitus sis\u00e4lt\u00e4\u00e4: &#8211; 1 x piknikpeitto SONGMICS Huomautukset:- Valonolosuhteiden tai n\u00e4yt\u00f6n tarkkuuden vaihteluiden vuoksi tuotteiden v\u00e4rit voivat poiketa hieman kuvissa esitetyist\u00e4 tuotteista. &#8211; \u00c4l\u00e4 aseta t\u00e4t\u00e4 tuotetta ter\u00e4vien tai piikikk\u00e4iden esineiden, kuten kivien tai oksien, p\u00e4\u00e4lle, jotta v\u00e4lt\u00e4t loukkaantumiset tai vauriot. &#8211; Ei sovellu konepesuun tai kuivausrumpuun! \u00c4l\u00e4 silit\u00e4! Puhdista tuote vain kuivalla liinalla.<\/p>\n","protected":false},"excerpt":{"rendered":"<p>SONGMICS piknikpeite, 195 x 150 cm, suuri rantapeite, retkeilypeite, ulkok\u00e4ytt\u00f6\u00f6n, retkeilyyn, puistoon, puutarhaan, rannalle, vedenpit\u00e4v\u00e4 alapinta, taitettava, harmaa-valkoinen GCM60GW<\/p>\n","protected":false},"featured_media":39683,"comment_status":"open","ping_status":"closed","template":"","meta":[],"product_brand":[],"product_cat":[32],"product_tag":[],"class_list":{"0":"post-30422","1":"product","2":"type-product","3":"status-publish","4":"has-post-thumbnail","6":"product_cat-uncategorized-fi","8":"first","9":"instock","10":"shipping-taxable","11":"purchasable","12":"product-type-simple"},"_links":{"self":[{"href":"https:\/\/nordicmart.andreevmaster.com\/fi\/wp-json\/wp\/v2\/product\/30422","targetHints":{"allow":["GET"]}}],"collection":[{"href":"https:\/\/nordicmart.andreevmaster.com\/fi\/wp-json\/wp\/v2\/product"}],"about":[{"href":"https:\/\/nordicmart.andreevmaster.com\/fi\/wp-json\/wp\/v2\/types\/product"}],"replies":[{"embeddable":true,"href":"https:\/\/nordicmart.andreevmaster.com\/fi\/wp-json\/wp\/v2\/comments?post=30422"}],"wp:featuredmedia":[{"embeddable":true,"href":"https:\/\/nordicmart.andreevmaster.com\/fi\/wp-json\/wp\/v2\/media\/39683"}],"wp:attachment":[{"href":"https:\/\/nordicmart.andreevmaster.com\/fi\/wp-json\/wp\/v2\/media?parent=30422"}],"wp:term":[{"taxonomy":"product_brand","embeddable":true,"href":"https:\/\/nordicmart.andreevmaster.com\/fi\/wp-json\/wp\/v2\/product_brand?post=30422"},{"taxonomy":"product_cat","embeddable":true,"href":"https:\/\/nordicmart.andreevmaster.com\/fi\/wp-json\/wp\/v2\/product_cat?post=30422"},{"taxonomy":"product_tag","embeddable":true,"href":"https:\/\/nordicmart.andreevmaster.com\/fi\/wp-json\/wp\/v2\/product_tag?post=30422"}],"curies":[{"name":"wp","href":"https:\/\/api.w.org\/{rel}","templated":true}]}}