{"id":30421,"date":"2026-02-27T00:09:58","date_gmt":"2026-02-27T00:09:58","guid":{"rendered":"https:\/\/nordicmart.andreevmaster.com\/product\/songmics-eristetty-piknikpeite-varikas-xl\/"},"modified":"2026-02-27T09:33:36","modified_gmt":"2026-02-27T09:33:36","slug":"songmics-eristetty-piknikpeite-varikas-xl","status":"publish","type":"product","link":"https:\/\/nordicmart.andreevmaster.com\/fi\/tuote\/songmics-eristetty-piknikpeite-varikas-xl\/","title":{"rendered":"SONGMICS Eristetty piknikpeite, v\u00e4rik\u00e4s XL"},"content":{"rendered":"<p>Piknikpeite on kevyt mutta silti kest\u00e4v\u00e4, ja siin\u00e4 on yhteens\u00e4 kolme kerrosta: polyakryylinitriilipinta tekee peitteest\u00e4 pehme\u00e4n; pehmuste takaa mukavan makuualustan kovalla alustalla; erist\u00e4v\u00e4 alumiinipinnoitettu alapinta suojaa peitett\u00e4 m\u00e4r\u00e4lt\u00e4 ja kylm\u00e4lt\u00e4 maalta. N\u00e4in et p\u00e4\u00e4dy m\u00e4r\u00e4lle nurmikolle etk\u00e4 en\u00e4\u00e4 kastele takamustasi. Piknikpeitossa on kantokahva ja tarranauha, jotta sit\u00e4 on helpompi kuljettaa. T\u00e4m\u00e4 piknikpeitto on t\u00e4ydellinen kumppani rentouttaviin ja mukaviin p\u00e4iviin luonnossa, rannalla tai lomalla! Huomautukset: &#8211; \u00c4l\u00e4 puhdista peittoa vedell\u00e4, vaan harjaa se vain. &#8211; Varmista ennen k\u00e4ytt\u00f6\u00e4, ett\u00e4 peiton alla ei ole kivi\u00e4, juuria tai vastaavia esineit\u00e4. Muuten ne voivat painaa reiki\u00e4 peittoon tai vahingoittaa kehoasi istuessasi\/makaessasi. Tuotetiedot: &#8211; Materiaali: polyakryylinitriili + vaahtomuovi + alumiinipinnoite &#8211; Mitat avattuna: 195 x 150 cm  &#8211; Mitat taitettuna: noin 38 x 25 x 10 cm &#8211; Paino: noin 0,74 kg  Toimitus sis\u00e4lt\u00e4\u00e4: &#8211; 1 x piknikpeitto<\/p>\n","protected":false},"excerpt":{"rendered":"<p>SONGMICS 195 x 150 cm piknikpeite, l\u00e4mp\u00f6eristetty, vedenpit\u00e4v\u00e4 GCM50K<\/p>\n","protected":false},"featured_media":39682,"comment_status":"open","ping_status":"closed","template":"","meta":[],"product_brand":[],"product_cat":[32],"product_tag":[],"class_list":{"0":"post-30421","1":"product","2":"type-product","3":"status-publish","4":"has-post-thumbnail","6":"product_cat-uncategorized-fi","8":"first","9":"instock","10":"shipping-taxable","11":"purchasable","12":"product-type-simple"},"_links":{"self":[{"href":"https:\/\/nordicmart.andreevmaster.com\/fi\/wp-json\/wp\/v2\/product\/30421","targetHints":{"allow":["GET"]}}],"collection":[{"href":"https:\/\/nordicmart.andreevmaster.com\/fi\/wp-json\/wp\/v2\/product"}],"about":[{"href":"https:\/\/nordicmart.andreevmaster.com\/fi\/wp-json\/wp\/v2\/types\/product"}],"replies":[{"embeddable":true,"href":"https:\/\/nordicmart.andreevmaster.com\/fi\/wp-json\/wp\/v2\/comments?post=30421"}],"wp:featuredmedia":[{"embeddable":true,"href":"https:\/\/nordicmart.andreevmaster.com\/fi\/wp-json\/wp\/v2\/media\/39682"}],"wp:attachment":[{"href":"https:\/\/nordicmart.andreevmaster.com\/fi\/wp-json\/wp\/v2\/media?parent=30421"}],"wp:term":[{"taxonomy":"product_brand","embeddable":true,"href":"https:\/\/nordicmart.andreevmaster.com\/fi\/wp-json\/wp\/v2\/product_brand?post=30421"},{"taxonomy":"product_cat","embeddable":true,"href":"https:\/\/nordicmart.andreevmaster.com\/fi\/wp-json\/wp\/v2\/product_cat?post=30421"},{"taxonomy":"product_tag","embeddable":true,"href":"https:\/\/nordicmart.andreevmaster.com\/fi\/wp-json\/wp\/v2\/product_tag?post=30421"}],"curies":[{"name":"wp","href":"https:\/\/api.w.org\/{rel}","templated":true}]}}