{"id":30420,"date":"2026-02-27T00:09:58","date_gmt":"2026-02-27T00:09:58","guid":{"rendered":"https:\/\/nordicmart.andreevmaster.com\/product\/songmics-eristetty-piknikpeite-sinivihrea-xl\/"},"modified":"2026-02-27T09:33:36","modified_gmt":"2026-02-27T09:33:36","slug":"songmics-eristetty-piknikpeite-sinivihrea-xl","status":"publish","type":"product","link":"https:\/\/nordicmart.andreevmaster.com\/fi\/tuote\/songmics-eristetty-piknikpeite-sinivihrea-xl\/","title":{"rendered":"SONGMICS eristetty piknikpeite sinivihre\u00e4 XL"},"content":{"rendered":"<p>Takapuolella olevat taitto-ohjeet opastavat sinut askel askeleelta kannettavan laukun valmistamiseen. Pinta tuntuu iholla eritt\u00e4in pehme\u00e4lt\u00e4, keskell\u00e4 se on pehmustettu, alapuoli on kosteutta hylkiv\u00e4, l\u00e4mp\u00f6\u00e4 erist\u00e4v\u00e4 ja kest\u00e4v\u00e4. Pyyhi pinta liinalla. \u00c4l\u00e4 puhdista kemiallisesti, silit\u00e4 tai pese pesukoneessa. Tekniset tiedot Koko ja\/tai paino: 195 x 150 cm ; 490 g Paino: 650 grammaa Materiaalin tyyppi: akryyli Tuotteen paino pakkaus mukaan lukien: 599 g<\/p>\n","protected":false},"excerpt":{"rendered":"<p>SONGMICS 195 x 150 cm piknikpeite, l\u00e4mp\u00f6eristetty, vedenpit\u00e4v\u00e4 GCM50K<\/p>\n","protected":false},"featured_media":39681,"comment_status":"open","ping_status":"closed","template":"","meta":[],"product_brand":[],"product_cat":[32],"product_tag":[],"class_list":{"0":"post-30420","1":"product","2":"type-product","3":"status-publish","4":"has-post-thumbnail","6":"product_cat-uncategorized-fi","8":"first","9":"instock","10":"shipping-taxable","11":"purchasable","12":"product-type-simple"},"_links":{"self":[{"href":"https:\/\/nordicmart.andreevmaster.com\/fi\/wp-json\/wp\/v2\/product\/30420","targetHints":{"allow":["GET"]}}],"collection":[{"href":"https:\/\/nordicmart.andreevmaster.com\/fi\/wp-json\/wp\/v2\/product"}],"about":[{"href":"https:\/\/nordicmart.andreevmaster.com\/fi\/wp-json\/wp\/v2\/types\/product"}],"replies":[{"embeddable":true,"href":"https:\/\/nordicmart.andreevmaster.com\/fi\/wp-json\/wp\/v2\/comments?post=30420"}],"wp:featuredmedia":[{"embeddable":true,"href":"https:\/\/nordicmart.andreevmaster.com\/fi\/wp-json\/wp\/v2\/media\/39681"}],"wp:attachment":[{"href":"https:\/\/nordicmart.andreevmaster.com\/fi\/wp-json\/wp\/v2\/media?parent=30420"}],"wp:term":[{"taxonomy":"product_brand","embeddable":true,"href":"https:\/\/nordicmart.andreevmaster.com\/fi\/wp-json\/wp\/v2\/product_brand?post=30420"},{"taxonomy":"product_cat","embeddable":true,"href":"https:\/\/nordicmart.andreevmaster.com\/fi\/wp-json\/wp\/v2\/product_cat?post=30420"},{"taxonomy":"product_tag","embeddable":true,"href":"https:\/\/nordicmart.andreevmaster.com\/fi\/wp-json\/wp\/v2\/product_tag?post=30420"}],"curies":[{"name":"wp","href":"https:\/\/api.w.org\/{rel}","templated":true}]}}