{"id":30417,"date":"2026-02-27T00:09:57","date_gmt":"2026-02-27T00:09:57","guid":{"rendered":"https:\/\/nordicmart.andreevmaster.com\/product\/songmics-piknikpeite-200-x-200-cm-sininen\/"},"modified":"2026-02-27T09:33:35","modified_gmt":"2026-02-27T09:33:35","slug":"songmics-piknikpeite-200-x-200-cm-sininen","status":"publish","type":"product","link":"https:\/\/nordicmart.andreevmaster.com\/fi\/tuote\/songmics-piknikpeite-200-x-200-cm-sininen\/","title":{"rendered":"SONGMICS piknikpeite 200 x 200 cm sininen"},"content":{"rendered":"<p>Tuotetiedot: V\u00e4ri: sininen boho-kuvioilla Materiaali: flanellipinta, vaahtomuovipehmuste, alumiinipinnoite Koko taitettuna: 43 x 19 x 19 cm (P x L x K) Koko taitettuna: 200 x 200 cm (P x L) Paino: 1 kg Toimitus sis\u00e4lt\u00e4\u00e4: 1 x piknikpeite SONGMICS Huomautukset: Valonolosuhteiden tai n\u00e4yt\u00f6n tarkkuuden vaihteluiden vuoksi tuotteiden v\u00e4rit voivat poiketa hieman kuvissa esitetyist\u00e4.\u00c4l\u00e4 aseta t\u00e4t\u00e4 tuotetta ter\u00e4vien tai ter\u00e4vien esineiden, kuten kivien tai oksien, p\u00e4\u00e4lle, jotta v\u00e4lt\u00e4t loukkaantumiset tai vauriot. Ei sovellu konepesuun tai kuivausrumpuun! \u00c4l\u00e4 silit\u00e4! Puhdista tuote vain kuivalla liinalla.<\/p>\n","protected":false},"excerpt":{"rendered":"<p>SONGMICS piknikpeite, 200 x 200 cm:n kokoinen rantapeite, retkeilypeite, vedenpit\u00e4v\u00e4 alapinta, taitettava, puutarhaan, puistoon, rannalle, retkeilyyn, sininen boho-kuvioilla GCM104Q02<\/p>\n","protected":false},"featured_media":39678,"comment_status":"open","ping_status":"closed","template":"","meta":[],"product_brand":[],"product_cat":[32],"product_tag":[],"class_list":{"0":"post-30417","1":"product","2":"type-product","3":"status-publish","4":"has-post-thumbnail","6":"product_cat-uncategorized-fi","8":"first","9":"instock","10":"shipping-taxable","11":"purchasable","12":"product-type-simple"},"_links":{"self":[{"href":"https:\/\/nordicmart.andreevmaster.com\/fi\/wp-json\/wp\/v2\/product\/30417","targetHints":{"allow":["GET"]}}],"collection":[{"href":"https:\/\/nordicmart.andreevmaster.com\/fi\/wp-json\/wp\/v2\/product"}],"about":[{"href":"https:\/\/nordicmart.andreevmaster.com\/fi\/wp-json\/wp\/v2\/types\/product"}],"replies":[{"embeddable":true,"href":"https:\/\/nordicmart.andreevmaster.com\/fi\/wp-json\/wp\/v2\/comments?post=30417"}],"wp:featuredmedia":[{"embeddable":true,"href":"https:\/\/nordicmart.andreevmaster.com\/fi\/wp-json\/wp\/v2\/media\/39678"}],"wp:attachment":[{"href":"https:\/\/nordicmart.andreevmaster.com\/fi\/wp-json\/wp\/v2\/media?parent=30417"}],"wp:term":[{"taxonomy":"product_brand","embeddable":true,"href":"https:\/\/nordicmart.andreevmaster.com\/fi\/wp-json\/wp\/v2\/product_brand?post=30417"},{"taxonomy":"product_cat","embeddable":true,"href":"https:\/\/nordicmart.andreevmaster.com\/fi\/wp-json\/wp\/v2\/product_cat?post=30417"},{"taxonomy":"product_tag","embeddable":true,"href":"https:\/\/nordicmart.andreevmaster.com\/fi\/wp-json\/wp\/v2\/product_tag?post=30417"}],"curies":[{"name":"wp","href":"https:\/\/api.w.org\/{rel}","templated":true}]}}