{"id":30407,"date":"2026-02-27T00:09:55","date_gmt":"2026-02-27T00:09:55","guid":{"rendered":"https:\/\/nordicmart.andreevmaster.com\/product\/songmics-piknikpeite-200-x-150-cm-taitettava-vedenpitava\/"},"modified":"2026-02-27T09:33:34","modified_gmt":"2026-02-27T09:33:34","slug":"songmics-piknikpeite-200-x-150-cm-taitettava-vedenpitava","status":"publish","type":"product","link":"https:\/\/nordicmart.andreevmaster.com\/fi\/tuote\/songmics-piknikpeite-200-x-150-cm-taitettava-vedenpitava\/","title":{"rendered":"SONGMICS piknikpeite 200 x 150 cm, taitettava, vedenpit\u00e4v\u00e4"},"content":{"rendered":"<p>SONGMICS piknikpeite, 300 x 200 cm, rantapeite, ulkok\u00e4ytt\u00f6\u00f6n, retkeilyyn, puistoon, puutarhaan, vedenpit\u00e4v\u00e4 alapinta, taitettava, keltaiset ja siniset kolmiot GCM073Q01<br \/>\nV\u00e4ri: keltaiset ja siniset kolmiot<br \/>\nMateriaali: samettipinta, vaahtomuovipehmuste, alumiinipinnoite<br \/>\nKoko levitettyn\u00e4: 200 x 150 cm (P x L)<br \/>\nKoko taitettuna: 40 x 16 x 16 cm (P x L x K)<br \/>\nPaino: 0,7 kg<\/p>\n","protected":false},"excerpt":{"rendered":"<p>SONGMICS piknikpeite, 300 x 200 cm, rantapeite, ulkok\u00e4ytt\u00f6\u00f6n, retkeilyyn, puistoon, puutarhaan, vedenpit\u00e4v\u00e4 alapinta, taitettava, keltaiset ja siniset kolmiot GCM073Q01<\/p>\n","protected":false},"featured_media":39668,"comment_status":"open","ping_status":"closed","template":"","meta":[],"product_brand":[],"product_cat":[32],"product_tag":[],"class_list":{"0":"post-30407","1":"product","2":"type-product","3":"status-publish","4":"has-post-thumbnail","6":"product_cat-uncategorized-fi","8":"first","9":"instock","10":"shipping-taxable","11":"purchasable","12":"product-type-simple"},"_links":{"self":[{"href":"https:\/\/nordicmart.andreevmaster.com\/fi\/wp-json\/wp\/v2\/product\/30407","targetHints":{"allow":["GET"]}}],"collection":[{"href":"https:\/\/nordicmart.andreevmaster.com\/fi\/wp-json\/wp\/v2\/product"}],"about":[{"href":"https:\/\/nordicmart.andreevmaster.com\/fi\/wp-json\/wp\/v2\/types\/product"}],"replies":[{"embeddable":true,"href":"https:\/\/nordicmart.andreevmaster.com\/fi\/wp-json\/wp\/v2\/comments?post=30407"}],"wp:featuredmedia":[{"embeddable":true,"href":"https:\/\/nordicmart.andreevmaster.com\/fi\/wp-json\/wp\/v2\/media\/39668"}],"wp:attachment":[{"href":"https:\/\/nordicmart.andreevmaster.com\/fi\/wp-json\/wp\/v2\/media?parent=30407"}],"wp:term":[{"taxonomy":"product_brand","embeddable":true,"href":"https:\/\/nordicmart.andreevmaster.com\/fi\/wp-json\/wp\/v2\/product_brand?post=30407"},{"taxonomy":"product_cat","embeddable":true,"href":"https:\/\/nordicmart.andreevmaster.com\/fi\/wp-json\/wp\/v2\/product_cat?post=30407"},{"taxonomy":"product_tag","embeddable":true,"href":"https:\/\/nordicmart.andreevmaster.com\/fi\/wp-json\/wp\/v2\/product_tag?post=30407"}],"curies":[{"name":"wp","href":"https:\/\/api.w.org\/{rel}","templated":true}]}}