{"id":30406,"date":"2026-02-27T00:09:55","date_gmt":"2026-02-27T00:09:55","guid":{"rendered":"https:\/\/nordicmart.andreevmaster.com\/product\/songmics-piknikpeitto-punaiset-aallot\/"},"modified":"2026-02-27T09:33:33","modified_gmt":"2026-02-27T09:33:33","slug":"songmics-piknikpeitto-punaiset-aallot","status":"publish","type":"product","link":"https:\/\/nordicmart.andreevmaster.com\/fi\/tuote\/songmics-piknikpeitto-punaiset-aallot\/","title":{"rendered":"SONGMICS piknikpeitto, punaiset aallot"},"content":{"rendered":"<p>Nauti luonnon kauneudesta: Olitpa sitten valmistautumassa kev\u00e4iseen piknikkiin, kes\u00e4n retkeilyyn, musiikkifestivaaleille tai vain auringonottoon luonnossa, t\u00e4m\u00e4 viltti on ihanteellinen lis\u00e4varuste p\u00e4iv\u00e4\u00e4n puistossa, rannalla, puutarhassa tai uima-altaalla. Laadukas valmistus: Pehme\u00e4ll\u00e4 flanellipinnalla, alumiinipinnoitteella ja vaahtomuovikerroksella keskell\u00e4 t\u00e4m\u00e4 piknikpeite on mukava ja vedenpit\u00e4v\u00e4. Taitele se helposti kompaktiksi ja ota mukaan matkalle. Tuotetiedot: V\u00e4ri: punaiset aallot Materiaali: flanellipinta, vaahtomuovipehmuste, alumiinipinnoite Koko taitettuna: 38 x 25 x 8 cm (P x L x K) Koko taitettuna: 150 x 200 cm (P x L) Paino: 0,8 kg Toimitus sis\u00e4lt\u00e4\u00e4: 1 x piknikpeite SONGMICS Huomautukset: Valonolosuhteiden tai n\u00e4yt\u00f6n tarkkuuden vaihteluiden vuoksi tuotteiden v\u00e4rit voivat poiketa hieman kuvissa esitetyist\u00e4.\u00c4l\u00e4 aseta t\u00e4t\u00e4 tuotetta ter\u00e4vien tai ter\u00e4vien esineiden, kuten kivien tai oksien, p\u00e4\u00e4lle, jotta v\u00e4lt\u00e4t loukkaantumiset tai vauriot. Ei sovellu konepesuun tai kuivausrumpuun! \u00c4l\u00e4 silit\u00e4! Puhdista tuote vain kuivalla liinalla.<\/p>\n","protected":false},"excerpt":{"rendered":"<p>SONGMICS piknikpeite, 150 x 200 cm, rantapeite, ulkok\u00e4ytt\u00f6\u00f6n, retkeilyyn, puistoon, puutarhaan, vedenpit\u00e4v\u00e4 alapinta, taitettava, punaiset aallot GCM07KW<\/p>\n","protected":false},"featured_media":39667,"comment_status":"open","ping_status":"closed","template":"","meta":[],"product_brand":[],"product_cat":[32],"product_tag":[],"class_list":{"0":"post-30406","1":"product","2":"type-product","3":"status-publish","4":"has-post-thumbnail","6":"product_cat-uncategorized-fi","8":"first","9":"instock","10":"shipping-taxable","11":"purchasable","12":"product-type-simple"},"_links":{"self":[{"href":"https:\/\/nordicmart.andreevmaster.com\/fi\/wp-json\/wp\/v2\/product\/30406","targetHints":{"allow":["GET"]}}],"collection":[{"href":"https:\/\/nordicmart.andreevmaster.com\/fi\/wp-json\/wp\/v2\/product"}],"about":[{"href":"https:\/\/nordicmart.andreevmaster.com\/fi\/wp-json\/wp\/v2\/types\/product"}],"replies":[{"embeddable":true,"href":"https:\/\/nordicmart.andreevmaster.com\/fi\/wp-json\/wp\/v2\/comments?post=30406"}],"wp:featuredmedia":[{"embeddable":true,"href":"https:\/\/nordicmart.andreevmaster.com\/fi\/wp-json\/wp\/v2\/media\/39667"}],"wp:attachment":[{"href":"https:\/\/nordicmart.andreevmaster.com\/fi\/wp-json\/wp\/v2\/media?parent=30406"}],"wp:term":[{"taxonomy":"product_brand","embeddable":true,"href":"https:\/\/nordicmart.andreevmaster.com\/fi\/wp-json\/wp\/v2\/product_brand?post=30406"},{"taxonomy":"product_cat","embeddable":true,"href":"https:\/\/nordicmart.andreevmaster.com\/fi\/wp-json\/wp\/v2\/product_cat?post=30406"},{"taxonomy":"product_tag","embeddable":true,"href":"https:\/\/nordicmart.andreevmaster.com\/fi\/wp-json\/wp\/v2\/product_tag?post=30406"}],"curies":[{"name":"wp","href":"https:\/\/api.w.org\/{rel}","templated":true}]}}