{"id":30401,"date":"2026-02-27T00:09:54","date_gmt":"2026-02-27T00:09:54","guid":{"rendered":"https:\/\/nordicmart.andreevmaster.com\/product\/songmics-piknikpeite-200-x-200-cm-vedenpitava-vihrea-sininen\/"},"modified":"2026-02-27T09:33:32","modified_gmt":"2026-02-27T09:33:32","slug":"songmics-piknikpeite-200-x-200-cm-vedenpitava-vihrea-sininen","status":"publish","type":"product","link":"https:\/\/nordicmart.andreevmaster.com\/fi\/tuote\/songmics-piknikpeite-200-x-200-cm-vedenpitava-vihrea-sininen\/","title":{"rendered":"SONGMICS piknikpeite 200 x 200 cm, vedenpit\u00e4v\u00e4, vihre\u00e4-sininen"},"content":{"rendered":"<p>SONGMICS piknikpeite, 200 x 200 cm, 4 maakiinnikkeell\u00e4, suuri, retkeilypeite, puistoon, puutarhaan, rannalle, vedenpit\u00e4v\u00e4, taitettava, vihre\u00e4-sininen GCM011Q02<br \/>\nV\u00e4ri: vihre\u00e4-sininen<br \/>\nMateriaali: samettipinta, vaahtomuovipehmuste, alumiinipinnoite<br \/>\nKoko levitettyn\u00e4: 200 x 200 cm (P x L)<br \/>\nKoko taitettuna: 43 x 19 x 19 cm (P x L x K)<br \/>\nPaino: 1 kg<\/p>\n","protected":false},"excerpt":{"rendered":"<p>SONGMICS piknikpeite, 200 x 200 cm, 4 maakiinnikkeell\u00e4, suuri, retkeilypeite, puistoon, puutarhaan, rannalle, vedenpit\u00e4v\u00e4, taitettava, vihre\u00e4-sininen GCM011Q02<\/p>\n","protected":false},"featured_media":39662,"comment_status":"open","ping_status":"closed","template":"","meta":[],"product_brand":[],"product_cat":[32],"product_tag":[],"class_list":{"0":"post-30401","1":"product","2":"type-product","3":"status-publish","4":"has-post-thumbnail","6":"product_cat-uncategorized-fi","8":"first","9":"instock","10":"shipping-taxable","11":"purchasable","12":"product-type-simple"},"_links":{"self":[{"href":"https:\/\/nordicmart.andreevmaster.com\/fi\/wp-json\/wp\/v2\/product\/30401","targetHints":{"allow":["GET"]}}],"collection":[{"href":"https:\/\/nordicmart.andreevmaster.com\/fi\/wp-json\/wp\/v2\/product"}],"about":[{"href":"https:\/\/nordicmart.andreevmaster.com\/fi\/wp-json\/wp\/v2\/types\/product"}],"replies":[{"embeddable":true,"href":"https:\/\/nordicmart.andreevmaster.com\/fi\/wp-json\/wp\/v2\/comments?post=30401"}],"wp:featuredmedia":[{"embeddable":true,"href":"https:\/\/nordicmart.andreevmaster.com\/fi\/wp-json\/wp\/v2\/media\/39662"}],"wp:attachment":[{"href":"https:\/\/nordicmart.andreevmaster.com\/fi\/wp-json\/wp\/v2\/media?parent=30401"}],"wp:term":[{"taxonomy":"product_brand","embeddable":true,"href":"https:\/\/nordicmart.andreevmaster.com\/fi\/wp-json\/wp\/v2\/product_brand?post=30401"},{"taxonomy":"product_cat","embeddable":true,"href":"https:\/\/nordicmart.andreevmaster.com\/fi\/wp-json\/wp\/v2\/product_cat?post=30401"},{"taxonomy":"product_tag","embeddable":true,"href":"https:\/\/nordicmart.andreevmaster.com\/fi\/wp-json\/wp\/v2\/product_tag?post=30401"}],"curies":[{"name":"wp","href":"https:\/\/api.w.org\/{rel}","templated":true}]}}