{"id":30397,"date":"2026-02-27T00:09:53","date_gmt":"2026-02-27T00:09:53","guid":{"rendered":"https:\/\/nordicmart.andreevmaster.com\/product\/songmics-piknikpeite-200-x-200-cm-konepestava-khaki\/"},"modified":"2026-02-27T09:33:32","modified_gmt":"2026-02-27T09:33:32","slug":"songmics-piknikpeite-200-x-200-cm-konepestava-khaki","status":"publish","type":"product","link":"https:\/\/nordicmart.andreevmaster.com\/fi\/tuote\/songmics-piknikpeite-200-x-200-cm-konepestava-khaki\/","title":{"rendered":"SONGMICS piknikpeite 200 x 200 cm konepest\u00e4v\u00e4 khaki"},"content":{"rendered":"<p>SONGMICS piknikpeite, 200 x 200 cm, 4 maakiinnikkeell\u00e4, suuri, retkeilypeite, puistoon, puutarhaan, rannalle, vedenpit\u00e4v\u00e4, konepest\u00e4v\u00e4, taitettava, vaaleansininen, trooppisilla saniaisilla GCM010Q02<br \/>\nV\u00e4ri: khaki, trooppinen saniainen<br \/>\nMateriaali: polyesteripinta, vaahtomuovipehmuste, kuitukangas, alumiinipinnoite<br \/>\nKoko avattuna: 200 x 200 cm (P x L)<br \/>\nKoko taitettuna: 42 x 18 x 18 cm (P x L x K)<br \/>\nPaino: 1,1 kg<\/p>\n","protected":false},"excerpt":{"rendered":"<p>SONGMICS piknikpeite, 200 x 200 cm, 4 maakiinnikkeell\u00e4, suuri, retkeilypeite, puistoon, puutarhaan, rannalle, vedenpit\u00e4v\u00e4, konepest\u00e4v\u00e4, taitettava, vaaleansininen, trooppisilla saniaisilla GCM010Q02<\/p>\n","protected":false},"featured_media":39658,"comment_status":"open","ping_status":"closed","template":"","meta":[],"product_brand":[],"product_cat":[32],"product_tag":[],"class_list":{"0":"post-30397","1":"product","2":"type-product","3":"status-publish","4":"has-post-thumbnail","6":"product_cat-uncategorized-fi","8":"first","9":"instock","10":"shipping-taxable","11":"purchasable","12":"product-type-simple"},"_links":{"self":[{"href":"https:\/\/nordicmart.andreevmaster.com\/fi\/wp-json\/wp\/v2\/product\/30397","targetHints":{"allow":["GET"]}}],"collection":[{"href":"https:\/\/nordicmart.andreevmaster.com\/fi\/wp-json\/wp\/v2\/product"}],"about":[{"href":"https:\/\/nordicmart.andreevmaster.com\/fi\/wp-json\/wp\/v2\/types\/product"}],"replies":[{"embeddable":true,"href":"https:\/\/nordicmart.andreevmaster.com\/fi\/wp-json\/wp\/v2\/comments?post=30397"}],"wp:featuredmedia":[{"embeddable":true,"href":"https:\/\/nordicmart.andreevmaster.com\/fi\/wp-json\/wp\/v2\/media\/39658"}],"wp:attachment":[{"href":"https:\/\/nordicmart.andreevmaster.com\/fi\/wp-json\/wp\/v2\/media?parent=30397"}],"wp:term":[{"taxonomy":"product_brand","embeddable":true,"href":"https:\/\/nordicmart.andreevmaster.com\/fi\/wp-json\/wp\/v2\/product_brand?post=30397"},{"taxonomy":"product_cat","embeddable":true,"href":"https:\/\/nordicmart.andreevmaster.com\/fi\/wp-json\/wp\/v2\/product_cat?post=30397"},{"taxonomy":"product_tag","embeddable":true,"href":"https:\/\/nordicmart.andreevmaster.com\/fi\/wp-json\/wp\/v2\/product_tag?post=30397"}],"curies":[{"name":"wp","href":"https:\/\/api.w.org\/{rel}","templated":true}]}}