{"id":30396,"date":"2026-02-27T00:09:53","date_gmt":"2026-02-27T00:09:53","guid":{"rendered":"https:\/\/nordicmart.andreevmaster.com\/product\/songmics-suuri-piknikpeite-300-x-200-cm-rannalle\/"},"modified":"2026-02-27T09:33:32","modified_gmt":"2026-02-27T09:33:32","slug":"songmics-suuri-piknikpeite-300-x-200-cm-rannalle","status":"publish","type":"product","link":"https:\/\/nordicmart.andreevmaster.com\/fi\/tuote\/songmics-suuri-piknikpeite-300-x-200-cm-rannalle\/","title":{"rendered":"SONGMICS suuri piknikpeite 300 x 200 cm rannalle"},"content":{"rendered":"<p>SONGMICS piknikpeite, 300 x 200 cm, suuri, retkeilypeite, puistoon, puutarhaan, rannalle, vedenpit\u00e4v\u00e4, konepest\u00e4v\u00e4, taitettava, v\u00e4rikk\u00e4\u00e4t lehdet GCM008U03<br \/>\nV\u00e4ri: v\u00e4rikk\u00e4\u00e4t lehdet<br \/>\nMateriaali: polyesteripinta, vaahtomuovipehmuste, kuitukangas, alumiinipinnoite<br \/>\nKoko levitettyn\u00e4: 300 x 200 cm (P x L)<br \/>\nKoko taitettuna: 42 x 19 x 19 cm (P x L x K)<br \/>\nPaino: 1,6 kg<\/p>\n","protected":false},"excerpt":{"rendered":"<p>SONGMICS piknikpeite, 300 x 200 cm, suuri, retkeilypeite, puistoon, puutarhaan, rannalle, vedenpit\u00e4v\u00e4, konepest\u00e4v\u00e4, taitettava, v\u00e4rikk\u00e4\u00e4t lehdet GCM008U03<\/p>\n","protected":false},"featured_media":39657,"comment_status":"open","ping_status":"closed","template":"","meta":[],"product_brand":[],"product_cat":[32],"product_tag":[],"class_list":{"0":"post-30396","1":"product","2":"type-product","3":"status-publish","4":"has-post-thumbnail","6":"product_cat-uncategorized-fi","8":"first","9":"instock","10":"shipping-taxable","11":"purchasable","12":"product-type-simple"},"_links":{"self":[{"href":"https:\/\/nordicmart.andreevmaster.com\/fi\/wp-json\/wp\/v2\/product\/30396","targetHints":{"allow":["GET"]}}],"collection":[{"href":"https:\/\/nordicmart.andreevmaster.com\/fi\/wp-json\/wp\/v2\/product"}],"about":[{"href":"https:\/\/nordicmart.andreevmaster.com\/fi\/wp-json\/wp\/v2\/types\/product"}],"replies":[{"embeddable":true,"href":"https:\/\/nordicmart.andreevmaster.com\/fi\/wp-json\/wp\/v2\/comments?post=30396"}],"wp:featuredmedia":[{"embeddable":true,"href":"https:\/\/nordicmart.andreevmaster.com\/fi\/wp-json\/wp\/v2\/media\/39657"}],"wp:attachment":[{"href":"https:\/\/nordicmart.andreevmaster.com\/fi\/wp-json\/wp\/v2\/media?parent=30396"}],"wp:term":[{"taxonomy":"product_brand","embeddable":true,"href":"https:\/\/nordicmart.andreevmaster.com\/fi\/wp-json\/wp\/v2\/product_brand?post=30396"},{"taxonomy":"product_cat","embeddable":true,"href":"https:\/\/nordicmart.andreevmaster.com\/fi\/wp-json\/wp\/v2\/product_cat?post=30396"},{"taxonomy":"product_tag","embeddable":true,"href":"https:\/\/nordicmart.andreevmaster.com\/fi\/wp-json\/wp\/v2\/product_tag?post=30396"}],"curies":[{"name":"wp","href":"https:\/\/api.w.org\/{rel}","templated":true}]}}