{"id":30391,"date":"2026-02-27T00:09:52","date_gmt":"2026-02-27T00:09:52","guid":{"rendered":"https:\/\/nordicmart.andreevmaster.com\/product\/songmics-piknikpeite-300-x-200-cm-konepestava-vaaleansininen\/"},"modified":"2026-02-27T09:33:31","modified_gmt":"2026-02-27T09:33:31","slug":"songmics-piknikpeite-300-x-200-cm-konepestava-vaaleansininen","status":"publish","type":"product","link":"https:\/\/nordicmart.andreevmaster.com\/fi\/tuote\/songmics-piknikpeite-300-x-200-cm-konepestava-vaaleansininen\/","title":{"rendered":"SONGMICS piknikpeite 300 x 200 cm konepest\u00e4v\u00e4 vaaleansininen"},"content":{"rendered":"<p>SONGMICS piknikpeite, 200 x 200 cm:n rantapeite, retkeilypeite, vedenpit\u00e4v\u00e4 alapinta, konepest\u00e4v\u00e4, taitettava, puutarhaan, puistoon, rannalle, retkeilyyn, oranssi, trooppinen saniainen GCM001O02<br \/>\nV\u00e4ri: vaaleansininen, trooppinen saniainen<br \/>\nMateriaali: polyesteripinta, vaahtomuovipehmuste, kuitukangas, alumiinipinnoite<br \/>\nKoko avattuna: 300 x 200 cm (P x L)<br \/>\nKoko taitettuna: 42 x 19 x 19 cm (P x L x K)<br \/>\nPaino: 1,6 kg<\/p>\n","protected":false},"excerpt":{"rendered":"<p>SONGMICS piknikpeite, 200 x 200 cm:n rantapeite, retkeilypeite, vedenpit\u00e4v\u00e4 alapinta, konepest\u00e4v\u00e4, taitettava, puutarhaan, puistoon, rannalle, retkeilyyn, oranssi, trooppinen saniainen GCM001O02<\/p>\n","protected":false},"featured_media":39652,"comment_status":"open","ping_status":"closed","template":"","meta":[],"product_brand":[],"product_cat":[32],"product_tag":[],"class_list":{"0":"post-30391","1":"product","2":"type-product","3":"status-publish","4":"has-post-thumbnail","6":"product_cat-uncategorized-fi","8":"first","9":"instock","10":"shipping-taxable","11":"purchasable","12":"product-type-simple"},"_links":{"self":[{"href":"https:\/\/nordicmart.andreevmaster.com\/fi\/wp-json\/wp\/v2\/product\/30391","targetHints":{"allow":["GET"]}}],"collection":[{"href":"https:\/\/nordicmart.andreevmaster.com\/fi\/wp-json\/wp\/v2\/product"}],"about":[{"href":"https:\/\/nordicmart.andreevmaster.com\/fi\/wp-json\/wp\/v2\/types\/product"}],"replies":[{"embeddable":true,"href":"https:\/\/nordicmart.andreevmaster.com\/fi\/wp-json\/wp\/v2\/comments?post=30391"}],"wp:featuredmedia":[{"embeddable":true,"href":"https:\/\/nordicmart.andreevmaster.com\/fi\/wp-json\/wp\/v2\/media\/39652"}],"wp:attachment":[{"href":"https:\/\/nordicmart.andreevmaster.com\/fi\/wp-json\/wp\/v2\/media?parent=30391"}],"wp:term":[{"taxonomy":"product_brand","embeddable":true,"href":"https:\/\/nordicmart.andreevmaster.com\/fi\/wp-json\/wp\/v2\/product_brand?post=30391"},{"taxonomy":"product_cat","embeddable":true,"href":"https:\/\/nordicmart.andreevmaster.com\/fi\/wp-json\/wp\/v2\/product_cat?post=30391"},{"taxonomy":"product_tag","embeddable":true,"href":"https:\/\/nordicmart.andreevmaster.com\/fi\/wp-json\/wp\/v2\/product_tag?post=30391"}],"curies":[{"name":"wp","href":"https:\/\/api.w.org\/{rel}","templated":true}]}}