{"id":30389,"date":"2026-02-27T00:09:52","date_gmt":"2026-02-27T00:09:52","guid":{"rendered":"https:\/\/nordicmart.andreevmaster.com\/product\/songmics-vedenpitava-piknikpeite\/"},"modified":"2026-02-27T09:33:30","modified_gmt":"2026-02-27T09:33:30","slug":"songmics-vedenpitava-piknikpeite","status":"publish","type":"product","link":"https:\/\/nordicmart.andreevmaster.com\/fi\/tuote\/songmics-vedenpitava-piknikpeite\/","title":{"rendered":"SONGMICS vedenpit\u00e4v\u00e4 piknikpeite"},"content":{"rendered":"<p>Nauti luonnon kauneudesta: Olitpa sitten valmistautumassa kev\u00e4iseen piknikkiin, kes\u00e4n retkeilyyn, musiikkifestivaaleille tai vain auringonottoon luonnossa, t\u00e4m\u00e4 viltti on ihanteellinen lis\u00e4varuste p\u00e4iv\u00e4\u00e4n puistossa, rannalla, puutarhassa tai uima-altaalla. Laadukas valmistus: Pehme\u00e4ll\u00e4 polyesteripinnalla, alumiinipinnoitteella ja vaahtomuovikerroksella keskell\u00e4 t\u00e4m\u00e4 piknikpeite on sek\u00e4 mukava ett\u00e4 vedenpit\u00e4v\u00e4. Taitele se kompaktiin kokoon ja ota mukaan matkalle. Tuotetiedot:V\u00e4ri: Oranssi trooppisilla saniaisilla Materiaali: Polyesteripinta, vaahtomuovipehmuste, alumiinipinnoite Koko taitettuna: 42 x 18 x 18 cm (P x L x K) Koko levitettyn\u00e4: 200 x 200 cm (P x L) Paino: 1,1 kg Toimitus sis\u00e4lt\u00e4\u00e4: 1 x piknikpeitto SONGMICS Huomautukset:Eri valaistusolosuhteiden tai eri tarkkuuden n\u00e4ytt\u00f6jen vuoksi tuotteiden v\u00e4rit voivat poiketa hieman kuvissa esitetyist\u00e4 tuotteista. \u00c4l\u00e4 aseta t\u00e4t\u00e4 tuotetta ter\u00e4vien tai ter\u00e4vien esineiden, kuten kivien tai oksien, p\u00e4\u00e4lle, jotta v\u00e4lt\u00e4t loukkaantumiset tai vauriot. \u00c4l\u00e4 pese tuotetta liian usein pesukoneessa, koska se voi lyhent\u00e4\u00e4 sen k\u00e4ytt\u00f6ik\u00e4\u00e4.<\/p>\n","protected":false},"excerpt":{"rendered":"<p>SONGMICS piknikpeite, 200 x 200 cm:n rantapeite, retkeilypeite, vedenpit\u00e4v\u00e4 alapinta, konepest\u00e4v\u00e4, taitettava, puutarhaan, puistoon, rannalle, retkeilyyn, oranssi, trooppinen saniainen GCM001O02<\/p>\n","protected":false},"featured_media":39650,"comment_status":"open","ping_status":"closed","template":"","meta":[],"product_brand":[],"product_cat":[32],"product_tag":[],"class_list":{"0":"post-30389","1":"product","2":"type-product","3":"status-publish","4":"has-post-thumbnail","6":"product_cat-uncategorized-fi","8":"first","9":"instock","10":"shipping-taxable","11":"purchasable","12":"product-type-simple"},"_links":{"self":[{"href":"https:\/\/nordicmart.andreevmaster.com\/fi\/wp-json\/wp\/v2\/product\/30389","targetHints":{"allow":["GET"]}}],"collection":[{"href":"https:\/\/nordicmart.andreevmaster.com\/fi\/wp-json\/wp\/v2\/product"}],"about":[{"href":"https:\/\/nordicmart.andreevmaster.com\/fi\/wp-json\/wp\/v2\/types\/product"}],"replies":[{"embeddable":true,"href":"https:\/\/nordicmart.andreevmaster.com\/fi\/wp-json\/wp\/v2\/comments?post=30389"}],"wp:featuredmedia":[{"embeddable":true,"href":"https:\/\/nordicmart.andreevmaster.com\/fi\/wp-json\/wp\/v2\/media\/39650"}],"wp:attachment":[{"href":"https:\/\/nordicmart.andreevmaster.com\/fi\/wp-json\/wp\/v2\/media?parent=30389"}],"wp:term":[{"taxonomy":"product_brand","embeddable":true,"href":"https:\/\/nordicmart.andreevmaster.com\/fi\/wp-json\/wp\/v2\/product_brand?post=30389"},{"taxonomy":"product_cat","embeddable":true,"href":"https:\/\/nordicmart.andreevmaster.com\/fi\/wp-json\/wp\/v2\/product_cat?post=30389"},{"taxonomy":"product_tag","embeddable":true,"href":"https:\/\/nordicmart.andreevmaster.com\/fi\/wp-json\/wp\/v2\/product_tag?post=30389"}],"curies":[{"name":"wp","href":"https:\/\/api.w.org\/{rel}","templated":true}]}}