{"id":30383,"date":"2026-02-27T00:09:50","date_gmt":"2026-02-27T00:09:50","guid":{"rendered":"https:\/\/nordicmart.andreevmaster.com\/product\/rantatuoli-2-kpl-kokoontaitettava-tuoli-korkealla-selkanojalla-kokoontaitettava-2\/"},"modified":"2026-02-27T09:33:30","modified_gmt":"2026-02-27T09:33:30","slug":"rantatuoli-2-kpl-kokoontaitettava-tuoli-korkealla-selkanojalla-kokoontaitettava-2","status":"publish","type":"product","link":"https:\/\/nordicmart.andreevmaster.com\/fi\/tuote\/rantatuoli-2-kpl-kokoontaitettava-tuoli-korkealla-selkanojalla-kokoontaitettava-2\/","title":{"rendered":"Rantatuoli 2 kpl, kokoontaitettava tuoli korkealla selk\u00e4nojalla, kokoontaitettava"},"content":{"rendered":"<p>Luotettava rantatuoli, jonka ter\u00e4sputkirunko takaa vakauden.  Taittotoiminto on loistava ja minimoi tuolin eritt\u00e4in pieneen kokoon.  N\u00e4in se vie tuskin tilaa, kun sit\u00e4 kuljetetaan esim. autossa.  Sit\u00e4 on my\u00f6s helppo kuljettaa mukana toimitetun kantolaukun ansiosta. Istuinmukavuus on my\u00f6s valtava, istut matalalla, mik\u00e4 johtaa eritt\u00e4in mukavaan istumakokemukseen. Tee Songmics-rantatuolista vakituinen rantakumppanisi ulkoilukauden aikana. Neuvoja: &#8211; V\u00e4lt\u00e4 yleens\u00e4 p\u00e4\u00e4llisen kosketusta ter\u00e4viin tai ter\u00e4v\u00e4k\u00e4rkisiin esineisiin. &#8211; Ole varovainen kokoonpanossa: Taittuvan rungon virheellinen k\u00e4sittely voi aiheuttaa mustelmia tai viiltoja. &#8211; P\u00e4\u00e4llyst\u00e4 ei voi irrottaa, mutta se voidaan pyyhki\u00e4 puhtaaksi harjalla.  Tuotetiedot: Pakkaus on varustettu suojuksella, joka on varustettu suojuksella, joka ei ole suojattu: &#8211; V\u00e4ri: taivaansininen (GCB61S); vihre\u00e4 (GCB61G) &#8211; Mitat: 1,5 cm: Mitat: 64 x 56 x 53 cm (L x K x S) &#8211; Nettopaino: n. 2,4 kg &#8211; Bruttopaino: n. 2,9 kg &#8211; Mitat kokoontaitettuna: 76,5 x 16 x 9,5 cm &#8211; Tilastollinen kantavuus tasaisella painojakaumalla: max. 140 kg Toimituksen sis\u00e4lt\u00f6: &#8211; 1 x rantatuoli &#8211; 1 x kantolaukku<\/p>\n","protected":false},"excerpt":{"rendered":"<p>Luotettava rantatuoli, jonka ter\u00e4sputkirunko takaa vakauden. Taittotoiminto on loistava ja minimoi tuolin eritt\u00e4in pieneen kokoon. N\u00e4in se vie tuskin tilaa, kun sit\u00e4 kuljetetaan esim. autossa. Sit\u00e4 on my\u00f6s helppo kuljettaa mukana toimitetun kantolaukun ansiosta. Istuinmukavuus on my\u00f6s valtava, istut matalalla, mik\u00e4 johtaa eritt\u00e4in mukavaan istumakokemukseen. Tee Songmics-rantatuolista vakituinen rantakumppanisi ulkoilukauden aikana. Neuvoja: &#8211; V\u00e4lt\u00e4 yleens\u00e4 [&hellip;]<\/p>\n","protected":false},"featured_media":0,"comment_status":"open","ping_status":"closed","template":"","meta":[],"product_brand":[],"product_cat":[32],"product_tag":[],"class_list":{"0":"post-30383","1":"product","2":"type-product","3":"status-publish","5":"product_cat-uncategorized-fi","7":"first","8":"instock","9":"shipping-taxable","10":"product-type-simple"},"_links":{"self":[{"href":"https:\/\/nordicmart.andreevmaster.com\/fi\/wp-json\/wp\/v2\/product\/30383","targetHints":{"allow":["GET"]}}],"collection":[{"href":"https:\/\/nordicmart.andreevmaster.com\/fi\/wp-json\/wp\/v2\/product"}],"about":[{"href":"https:\/\/nordicmart.andreevmaster.com\/fi\/wp-json\/wp\/v2\/types\/product"}],"replies":[{"embeddable":true,"href":"https:\/\/nordicmart.andreevmaster.com\/fi\/wp-json\/wp\/v2\/comments?post=30383"}],"wp:attachment":[{"href":"https:\/\/nordicmart.andreevmaster.com\/fi\/wp-json\/wp\/v2\/media?parent=30383"}],"wp:term":[{"taxonomy":"product_brand","embeddable":true,"href":"https:\/\/nordicmart.andreevmaster.com\/fi\/wp-json\/wp\/v2\/product_brand?post=30383"},{"taxonomy":"product_cat","embeddable":true,"href":"https:\/\/nordicmart.andreevmaster.com\/fi\/wp-json\/wp\/v2\/product_cat?post=30383"},{"taxonomy":"product_tag","embeddable":true,"href":"https:\/\/nordicmart.andreevmaster.com\/fi\/wp-json\/wp\/v2\/product_tag?post=30383"}],"curies":[{"name":"wp","href":"https:\/\/api.w.org\/{rel}","templated":true}]}}