{"id":30381,"date":"2026-02-27T00:09:50","date_gmt":"2026-02-27T00:09:50","guid":{"rendered":"https:\/\/nordicmart.andreevmaster.com\/product\/songmics-puutarhatuoli-2-kpl-taitettava-tuoli-kantavuus-150-kg-metallirunko\/"},"modified":"2026-02-27T09:33:29","modified_gmt":"2026-02-27T09:33:29","slug":"songmics-puutarhatuoli-2-kpl-taitettava-tuoli-kantavuus-150-kg-metallirunko","status":"publish","type":"product","link":"https:\/\/nordicmart.andreevmaster.com\/fi\/tuote\/songmics-puutarhatuoli-2-kpl-taitettava-tuoli-kantavuus-150-kg-metallirunko\/","title":{"rendered":"SONGMICS puutarhatuoli 2 kpl, taitettava tuoli, kantavuus 150 kg, metallirunko"},"content":{"rendered":"<p>SONGMICS puutarhatuolit, 2 kpl, taitettavat tuolit, ulkotuolit tukevalla alumiinirungolla, 8-asentoinen selk\u00e4noja, kantavuus 150 kg, musta GCB29BK<br \/>\nTuotetiedot:<br \/>\n&#8211; V\u00e4ri: musta<br \/>\n&#8211; Materiaali: alumiinirunko, synteettinen kuitukangas<br \/>\n&#8211; Koko per tuoli: 70 x 56 x 107 cm (S x L x K)<br \/>\n&#8211; Koko taitettuna per tuoli: 14 x 56 x 87 cm (S x L x K)<br \/>\n&#8211; Paino per tuoli: 3,4 kg<br \/>\n&#8211; Maks. staattinen kantavuus: 150 kg<\/p>\n<p>Toimitus sis\u00e4lt\u00e4\u00e4:<br \/>\n&#8211; 2 x puutarhatuoli<\/p>\n<p>Huomautukset:<br \/>\n&#8211; \u00c4l\u00e4 ylit\u00e4 puutarhatuolin suurinta staattista kantavuutta.<br \/>\n&#8211; Varmista ennen k\u00e4ytt\u00f6\u00e4, ett\u00e4 taitettava tuoli on vakaa.<br \/>\n&#8211; Suojaa ulkotuoli sateelta; \u00e4l\u00e4 altista tuolia voimakkaalle auringonvalolle pitk\u00e4ksi aikaa.<\/p>\n","protected":false},"excerpt":{"rendered":"<p>SONGMICS puutarhatuolit, 2 kpl, taitettavat tuolit, ulkotuolit tukevalla alumiinirungolla, 8-asentoinen selk\u00e4noja, kantavuus 150 kg, musta GCB29BK<\/p>\n","protected":false},"featured_media":39643,"comment_status":"open","ping_status":"closed","template":"","meta":[],"product_brand":[],"product_cat":[32],"product_tag":[],"class_list":{"0":"post-30381","1":"product","2":"type-product","3":"status-publish","4":"has-post-thumbnail","6":"product_cat-uncategorized-fi","8":"first","9":"instock","10":"shipping-taxable","11":"purchasable","12":"product-type-simple"},"_links":{"self":[{"href":"https:\/\/nordicmart.andreevmaster.com\/fi\/wp-json\/wp\/v2\/product\/30381","targetHints":{"allow":["GET"]}}],"collection":[{"href":"https:\/\/nordicmart.andreevmaster.com\/fi\/wp-json\/wp\/v2\/product"}],"about":[{"href":"https:\/\/nordicmart.andreevmaster.com\/fi\/wp-json\/wp\/v2\/types\/product"}],"replies":[{"embeddable":true,"href":"https:\/\/nordicmart.andreevmaster.com\/fi\/wp-json\/wp\/v2\/comments?post=30381"}],"wp:featuredmedia":[{"embeddable":true,"href":"https:\/\/nordicmart.andreevmaster.com\/fi\/wp-json\/wp\/v2\/media\/39643"}],"wp:attachment":[{"href":"https:\/\/nordicmart.andreevmaster.com\/fi\/wp-json\/wp\/v2\/media?parent=30381"}],"wp:term":[{"taxonomy":"product_brand","embeddable":true,"href":"https:\/\/nordicmart.andreevmaster.com\/fi\/wp-json\/wp\/v2\/product_brand?post=30381"},{"taxonomy":"product_cat","embeddable":true,"href":"https:\/\/nordicmart.andreevmaster.com\/fi\/wp-json\/wp\/v2\/product_cat?post=30381"},{"taxonomy":"product_tag","embeddable":true,"href":"https:\/\/nordicmart.andreevmaster.com\/fi\/wp-json\/wp\/v2\/product_tag?post=30381"}],"curies":[{"name":"wp","href":"https:\/\/api.w.org\/{rel}","templated":true}]}}