{"id":30378,"date":"2026-02-27T00:09:50","date_gmt":"2026-02-27T00:09:50","guid":{"rendered":"https:\/\/nordicmart.andreevmaster.com\/product\/songmics-rantatuoli-2-kpl-retkituoli-aurinkotuoli\/"},"modified":"2026-02-27T09:33:29","modified_gmt":"2026-02-27T09:33:29","slug":"songmics-rantatuoli-2-kpl-retkituoli-aurinkotuoli","status":"publish","type":"product","link":"https:\/\/nordicmart.andreevmaster.com\/fi\/tuote\/songmics-rantatuoli-2-kpl-retkituoli-aurinkotuoli\/","title":{"rendered":"SONGMICS rantatuoli 2 kpl, retkituoli, aurinkotuoli"},"content":{"rendered":"<p>Rantatuoli, retkituoli, aurinkotuoli, taitettava, s\u00e4\u00e4dett\u00e4v\u00e4 selk\u00e4noja, kahva, retkeily, puutarha, uima-allas, 158 x 55 cm, liuskekivi<br \/>\nTuotetiedot:<br \/>\n&#8211; V\u00e4ri: merensininen<br \/>\n&#8211; Materiaali: galvanoitu ter\u00e4s, Oxford-kangas<br \/>\n&#8211; Koko: 158 x 55 cm (syvyys x leveys)<br \/>\n&#8211; Koko taitettuna: 57 x 7 x 56 cm (S x L x K)<br \/>\n&#8211; Paino per rantatuoli: 1,9 kg<br \/>\n&#8211; Maks. staattinen kantavuus per rantatuoli: 150 kg<\/p>\n<p>Toimitus sis\u00e4lt\u00e4\u00e4:<br \/>\n&#8211; 2 x rantatuoli<\/p>\n<p>SONGMICS-huomautukset:<br \/>\n&#8211; \u00c4l\u00e4 ylit\u00e4 t\u00e4t\u00e4 enimm\u00e4ispainoa.<br \/>\n&#8211; Varmista, ett\u00e4 rantatuoli on t\u00e4ysin auki ennen k\u00e4ytt\u00f6\u00e4.<br \/>\n&#8211; \u00c4l\u00e4 altista rantatuolia sateelle tai pitk\u00e4aikaiselle auringonvalolle.<\/p>\n","protected":false},"excerpt":{"rendered":"<p>Rantatuoli, retkituoli, aurinkotuoli, taitettava, s\u00e4\u00e4dett\u00e4v\u00e4 selk\u00e4noja, kahva, retkeily, puutarha, uima-allas, 158 x 55 cm, liuskekivi<\/p>\n","protected":false},"featured_media":39640,"comment_status":"open","ping_status":"closed","template":"","meta":[],"product_brand":[],"product_cat":[32],"product_tag":[],"class_list":{"0":"post-30378","1":"product","2":"type-product","3":"status-publish","4":"has-post-thumbnail","6":"product_cat-uncategorized-fi","8":"first","9":"instock","10":"shipping-taxable","11":"purchasable","12":"product-type-simple"},"_links":{"self":[{"href":"https:\/\/nordicmart.andreevmaster.com\/fi\/wp-json\/wp\/v2\/product\/30378","targetHints":{"allow":["GET"]}}],"collection":[{"href":"https:\/\/nordicmart.andreevmaster.com\/fi\/wp-json\/wp\/v2\/product"}],"about":[{"href":"https:\/\/nordicmart.andreevmaster.com\/fi\/wp-json\/wp\/v2\/types\/product"}],"replies":[{"embeddable":true,"href":"https:\/\/nordicmart.andreevmaster.com\/fi\/wp-json\/wp\/v2\/comments?post=30378"}],"wp:featuredmedia":[{"embeddable":true,"href":"https:\/\/nordicmart.andreevmaster.com\/fi\/wp-json\/wp\/v2\/media\/39640"}],"wp:attachment":[{"href":"https:\/\/nordicmart.andreevmaster.com\/fi\/wp-json\/wp\/v2\/media?parent=30378"}],"wp:term":[{"taxonomy":"product_brand","embeddable":true,"href":"https:\/\/nordicmart.andreevmaster.com\/fi\/wp-json\/wp\/v2\/product_brand?post=30378"},{"taxonomy":"product_cat","embeddable":true,"href":"https:\/\/nordicmart.andreevmaster.com\/fi\/wp-json\/wp\/v2\/product_cat?post=30378"},{"taxonomy":"product_tag","embeddable":true,"href":"https:\/\/nordicmart.andreevmaster.com\/fi\/wp-json\/wp\/v2\/product_tag?post=30378"}],"curies":[{"name":"wp","href":"https:\/\/api.w.org\/{rel}","templated":true}]}}