{"id":30375,"date":"2026-02-27T00:09:49","date_gmt":"2026-02-27T00:09:49","guid":{"rendered":"https:\/\/nordicmart.andreevmaster.com\/product\/songmics-keinutuoli-151-x-56-x-90-cm-lepotuoli\/"},"modified":"2026-02-27T09:33:28","modified_gmt":"2026-02-27T09:33:28","slug":"songmics-keinutuoli-151-x-56-x-90-cm-lepotuoli","status":"publish","type":"product","link":"https:\/\/nordicmart.andreevmaster.com\/fi\/tuote\/songmics-keinutuoli-151-x-56-x-90-cm-lepotuoli\/","title":{"rendered":"SONGMICS keinutuoli, 151 x 56 x 90 cm, lepotuoli"},"content":{"rendered":"<p>Keinutuoli, 151 x 56 x 90 cm, lepotuoli, keinutuoli, kaatumisenestotuki, s\u00e4\u00e4dett\u00e4v\u00e4 p\u00e4\u00e4ntuki, sivutasku, musta<br \/>\nTuotetiedot:<br \/>\n&#8211; V\u00e4ri: musta<br \/>\n&#8211; Materiaali: galvanoitu ter\u00e4s, synteettinen kuitukangas<br \/>\n&#8211; Koko: 151 x 56 x 90 cm (S x L x K)<br \/>\n&#8211; Paino: 10,5 kg<br \/>\n&#8211; Maks. staattinen kantavuus: 150 kg<\/p>\n<p>Toimitus sis\u00e4lt\u00e4\u00e4<br \/>\n&#8211; 1 x keinutuoli<br \/>\n&#8211; 1 x lis\u00e4varustepaketti<br \/>\n&#8211; 1 x ohjeet<\/p>\n<p>Huomautukset:<br \/>\n&#8211; \u00c4l\u00e4 ylit\u00e4 lepotuolin suurinta staattista kantavuutta.<br \/>\n&#8211; Varmista ennen k\u00e4ytt\u00f6\u00e4, ett\u00e4 keinutuoli on vakaa.<br \/>\n&#8211; \u00c4l\u00e4 altista keinutuolia sateelle tai pitk\u00e4aikaiselle auringonvalolle.<\/p>\n","protected":false},"excerpt":{"rendered":"<p>Keinutuoli, 151 x 56 x 90 cm, lepotuoli, keinutuoli, kaatumisenestotuki, s\u00e4\u00e4dett\u00e4v\u00e4 p\u00e4\u00e4ntuki, sivutasku, musta<\/p>\n","protected":false},"featured_media":39637,"comment_status":"open","ping_status":"closed","template":"","meta":[],"product_brand":[],"product_cat":[32],"product_tag":[],"class_list":{"0":"post-30375","1":"product","2":"type-product","3":"status-publish","4":"has-post-thumbnail","6":"product_cat-uncategorized-fi","8":"first","9":"instock","10":"shipping-taxable","11":"purchasable","12":"product-type-simple"},"_links":{"self":[{"href":"https:\/\/nordicmart.andreevmaster.com\/fi\/wp-json\/wp\/v2\/product\/30375","targetHints":{"allow":["GET"]}}],"collection":[{"href":"https:\/\/nordicmart.andreevmaster.com\/fi\/wp-json\/wp\/v2\/product"}],"about":[{"href":"https:\/\/nordicmart.andreevmaster.com\/fi\/wp-json\/wp\/v2\/types\/product"}],"replies":[{"embeddable":true,"href":"https:\/\/nordicmart.andreevmaster.com\/fi\/wp-json\/wp\/v2\/comments?post=30375"}],"wp:featuredmedia":[{"embeddable":true,"href":"https:\/\/nordicmart.andreevmaster.com\/fi\/wp-json\/wp\/v2\/media\/39637"}],"wp:attachment":[{"href":"https:\/\/nordicmart.andreevmaster.com\/fi\/wp-json\/wp\/v2\/media?parent=30375"}],"wp:term":[{"taxonomy":"product_brand","embeddable":true,"href":"https:\/\/nordicmart.andreevmaster.com\/fi\/wp-json\/wp\/v2\/product_brand?post=30375"},{"taxonomy":"product_cat","embeddable":true,"href":"https:\/\/nordicmart.andreevmaster.com\/fi\/wp-json\/wp\/v2\/product_cat?post=30375"},{"taxonomy":"product_tag","embeddable":true,"href":"https:\/\/nordicmart.andreevmaster.com\/fi\/wp-json\/wp\/v2\/product_tag?post=30375"}],"curies":[{"name":"wp","href":"https:\/\/api.w.org\/{rel}","templated":true}]}}