{"id":30372,"date":"2026-02-27T00:09:48","date_gmt":"2026-02-27T00:09:48","guid":{"rendered":"https:\/\/nordicmart.andreevmaster.com\/product\/aurinkotuoli-kokoontaitettava-aurinkotuoli-53-x-193-x-29-cm-2\/"},"modified":"2026-02-27T09:33:28","modified_gmt":"2026-02-27T09:33:28","slug":"aurinkotuoli-kokoontaitettava-aurinkotuoli-53-x-193-x-29-cm-2","status":"publish","type":"product","link":"https:\/\/nordicmart.andreevmaster.com\/fi\/tuote\/aurinkotuoli-kokoontaitettava-aurinkotuoli-53-x-193-x-29-cm-2\/","title":{"rendered":"Aurinkotuoli, kokoontaitettava aurinkotuoli, 53 x 193 x 29 cm."},"content":{"rendered":"<p>Rento ilmapiiri! T\u00e4m\u00e4 aurinkotuoli on t\u00e4ydellinen sisustuselementti, joka luo rentoa tunnelmaa terassilla, parvekkeella tai puutarhassa. Kotonakin tuntuu kuin viett\u00e4isit lomasi rannalla &#8211; tekem\u00e4tt\u00e4 mit\u00e4\u00e4n! Kuka haluaa koota t\u00e4m\u00e4n aurinkotuolin? Ei kukaan&#8230; \u00c4l\u00e4 huoli, SONGMICSilla oli hyv\u00e4 idea! Sinun tarvitsee vain taittaa se kokoon, ja sinulla on aurinkotuoli k\u00e4ytett\u00e4viss\u00e4si t\u00e4ydellisen rentoutumisen hetkiin.Tuotetiedot:V\u00e4ri: V\u00e4ri: TummanharmaaMateriaali: Tumma harmaa: Materiaali: Rauta, synteettikuitukangasKoko: 53 x 193 x 29,5 cm (P x L x K) Paino: 6,8 kg Maks. staattinen kantavuus: 150 kg Toimituksen laajuus: 1 x aurinkotuoli SONGMICS Huomautuksia: Aurinkotuolin maksimikuormitettavuus on 150 kg. \u00c4l\u00e4 ylit\u00e4 t\u00e4t\u00e4 maksimipainoa.Taita aurinkotuoli kokonaan auki ennen k\u00e4ytt\u00f6\u00e4.\u00c4l\u00e4 aseta tuotetta pitk\u00e4ksi aikaa ulkotiloihin; \u00e4l\u00e4 altista aurinkotuolia sateelle tai voimakkaalle auringonvalolle.<\/p>\n","protected":false},"excerpt":{"rendered":"<p>Rento ilmapiiri! T\u00e4m\u00e4 aurinkotuoli on t\u00e4ydellinen sisustuselementti, joka luo rentoa tunnelmaa terassilla, parvekkeella tai puutarhassa. Kotonakin tuntuu kuin viett\u00e4isit lomasi rannalla &#8211; tekem\u00e4tt\u00e4 mit\u00e4\u00e4n! Kuka haluaa koota t\u00e4m\u00e4n aurinkotuolin? Ei kukaan&#8230; \u00c4l\u00e4 huoli, SONGMICSilla oli hyv\u00e4 idea! Sinun tarvitsee vain taittaa se kokoon, ja sinulla on aurinkotuoli k\u00e4ytett\u00e4viss\u00e4si t\u00e4ydellisen rentoutumisen hetkiin.Tuotetiedot:V\u00e4ri: V\u00e4ri: TummanharmaaMateriaali: Tumma harmaa: [&hellip;]<\/p>\n","protected":false},"featured_media":0,"comment_status":"open","ping_status":"closed","template":"","meta":[],"product_brand":[],"product_cat":[32],"product_tag":[],"class_list":{"0":"post-30372","1":"product","2":"type-product","3":"status-publish","5":"product_cat-uncategorized-fi","7":"first","8":"instock","9":"shipping-taxable","10":"product-type-simple"},"_links":{"self":[{"href":"https:\/\/nordicmart.andreevmaster.com\/fi\/wp-json\/wp\/v2\/product\/30372","targetHints":{"allow":["GET"]}}],"collection":[{"href":"https:\/\/nordicmart.andreevmaster.com\/fi\/wp-json\/wp\/v2\/product"}],"about":[{"href":"https:\/\/nordicmart.andreevmaster.com\/fi\/wp-json\/wp\/v2\/types\/product"}],"replies":[{"embeddable":true,"href":"https:\/\/nordicmart.andreevmaster.com\/fi\/wp-json\/wp\/v2\/comments?post=30372"}],"wp:attachment":[{"href":"https:\/\/nordicmart.andreevmaster.com\/fi\/wp-json\/wp\/v2\/media?parent=30372"}],"wp:term":[{"taxonomy":"product_brand","embeddable":true,"href":"https:\/\/nordicmart.andreevmaster.com\/fi\/wp-json\/wp\/v2\/product_brand?post=30372"},{"taxonomy":"product_cat","embeddable":true,"href":"https:\/\/nordicmart.andreevmaster.com\/fi\/wp-json\/wp\/v2\/product_cat?post=30372"},{"taxonomy":"product_tag","embeddable":true,"href":"https:\/\/nordicmart.andreevmaster.com\/fi\/wp-json\/wp\/v2\/product_tag?post=30372"}],"curies":[{"name":"wp","href":"https:\/\/api.w.org\/{rel}","templated":true}]}}