{"id":30359,"date":"2026-02-27T00:09:46","date_gmt":"2026-02-27T00:09:46","guid":{"rendered":"https:\/\/nordicmart.andreevmaster.com\/product\/songmics-rantatuoli-retkituoli-taitettava\/"},"modified":"2026-02-27T09:33:26","modified_gmt":"2026-02-27T09:33:26","slug":"songmics-rantatuoli-retkituoli-taitettava","status":"publish","type":"product","link":"https:\/\/nordicmart.andreevmaster.com\/fi\/tuote\/songmics-rantatuoli-retkituoli-taitettava\/","title":{"rendered":"SONGMICS rantatuoli, retkituoli, taitettava"},"content":{"rendered":"<p>SONGMICS rantatuoli, retkituoli, taitettava tuoli, ulkotuoli, kannettava, olkahihnat, taitettava, s\u00e4\u00e4dett\u00e4v\u00e4 selk\u00e4noja, p\u00e4\u00e4ntuki, k\u00e4sinojat, 2 sivutaskua<br \/>\nTuotetiedot:<\/p>\n<p>&#8211; V\u00e4ri: punainen-valkoinen<br \/>\n&#8211; Materiaali: alumiini, Oxford-kangas<br \/>\n&#8211; Koko avattuna: 68 x 63 x 75 cm (S x L x K)<br \/>\n&#8211; Koko taitettuna: 66,5 x 70 x 11 cm (S x L x K)<br \/>\n&#8211; Istuimen koko: 48 x 39 cm (S x L)<br \/>\n&#8211; Selk\u00e4nojan korkeus: 65 cm<br \/>\n&#8211; Istuimen ja lattian v\u00e4linen et\u00e4isyys: 21 cm<br \/>\n&#8211; Paino: 3,1 kg<br \/>\n&#8211; Maks. staattinen kantavuus: 150 kg<\/p>\n<p>Toimitus sis\u00e4lt\u00e4\u00e4:<\/p>\n<p>&#8211; 1 x retkituoli<\/p>\n<p>SONGMICS-ohjeet:<\/p>\n<p>&#8211; \u00c4l\u00e4 ylit\u00e4 taitettavien tuolien kantavuutta.<br \/>\n&#8211; Avaa kalastustuolit kokonaan ennen k\u00e4ytt\u00f6\u00e4.<br \/>\n&#8211; Suojaa taitettavat retkituolit sateelta; \u00e4l\u00e4 altista tuoleja voimakkaalle auringonvalolle pitk\u00e4ksi aikaa.<\/p>\n","protected":false},"excerpt":{"rendered":"<p>SONGMICS rantatuoli, retkituoli, taitettava tuoli, ulkotuoli, kannettava, olkahihnat, taitettava, s\u00e4\u00e4dett\u00e4v\u00e4 selk\u00e4noja, p\u00e4\u00e4ntuki, k\u00e4sinojat, 2 sivutaskua<\/p>\n","protected":false},"featured_media":39622,"comment_status":"open","ping_status":"closed","template":"","meta":[],"product_brand":[],"product_cat":[32],"product_tag":[],"class_list":{"0":"post-30359","1":"product","2":"type-product","3":"status-publish","4":"has-post-thumbnail","6":"product_cat-uncategorized-fi","8":"first","9":"instock","10":"shipping-taxable","11":"purchasable","12":"product-type-simple"},"_links":{"self":[{"href":"https:\/\/nordicmart.andreevmaster.com\/fi\/wp-json\/wp\/v2\/product\/30359","targetHints":{"allow":["GET"]}}],"collection":[{"href":"https:\/\/nordicmart.andreevmaster.com\/fi\/wp-json\/wp\/v2\/product"}],"about":[{"href":"https:\/\/nordicmart.andreevmaster.com\/fi\/wp-json\/wp\/v2\/types\/product"}],"replies":[{"embeddable":true,"href":"https:\/\/nordicmart.andreevmaster.com\/fi\/wp-json\/wp\/v2\/comments?post=30359"}],"wp:featuredmedia":[{"embeddable":true,"href":"https:\/\/nordicmart.andreevmaster.com\/fi\/wp-json\/wp\/v2\/media\/39622"}],"wp:attachment":[{"href":"https:\/\/nordicmart.andreevmaster.com\/fi\/wp-json\/wp\/v2\/media?parent=30359"}],"wp:term":[{"taxonomy":"product_brand","embeddable":true,"href":"https:\/\/nordicmart.andreevmaster.com\/fi\/wp-json\/wp\/v2\/product_brand?post=30359"},{"taxonomy":"product_cat","embeddable":true,"href":"https:\/\/nordicmart.andreevmaster.com\/fi\/wp-json\/wp\/v2\/product_cat?post=30359"},{"taxonomy":"product_tag","embeddable":true,"href":"https:\/\/nordicmart.andreevmaster.com\/fi\/wp-json\/wp\/v2\/product_tag?post=30359"}],"curies":[{"name":"wp","href":"https:\/\/api.w.org\/{rel}","templated":true}]}}