{"id":30353,"date":"2026-02-27T00:09:44","date_gmt":"2026-02-27T00:09:44","guid":{"rendered":"https:\/\/nordicmart.andreevmaster.com\/product\/songmics-retkituoli-2-kpl-kalastustuoli-kantavuus-150-kg\/"},"modified":"2026-02-27T09:33:25","modified_gmt":"2026-02-27T09:33:25","slug":"songmics-retkituoli-2-kpl-kalastustuoli-kantavuus-150-kg","status":"publish","type":"product","link":"https:\/\/nordicmart.andreevmaster.com\/fi\/tuote\/songmics-retkituoli-2-kpl-kalastustuoli-kantavuus-150-kg\/","title":{"rendered":"SONGMICS retkituoli 2 kpl, kalastustuoli, kantavuus 150 kg"},"content":{"rendered":"<p>Retkituoli 2 kpl, kalastustuoli, kantavuus 150 kg, korkea selk\u00e4noja, k\u00e4sinojat, juomateline, taitettava ulkotuoli, taitettava, liuskekivi<br \/>\nTuotetiedot:<br \/>\n&#8211; V\u00e4ri: liuskekivi<br \/>\n&#8211; Materiaali: ter\u00e4s, Oxford-kangas<br \/>\n&#8211; Koko per tuoli: 54 x 86 x 97 cm (S x L x K)<br \/>\n&#8211; Koko taitettuna: 13 x 90 x 13 cm (S x L x K)<br \/>\n&#8211; Istuimen koko: 42 x 42 cm (S x L)<br \/>\n&#8211; Selk\u00e4nojan korkeus: 54 cm<br \/>\n&#8211; Istuimen ja lattian v\u00e4linen et\u00e4isyys: 43 cm<br \/>\n&#8211; Paino per tuoli: 2,6 kg<br \/>\n&#8211; Tuolin suurin staattinen kantavuus: 150 kg<\/p>\n<p>Toimitus sis\u00e4lt\u00e4\u00e4:<br \/>\n&#8211; 2 x retkituoli<br \/>\n&#8211; 2 x kuljetuslaukku<\/p>\n<p>Huomautukset:<br \/>\n&#8211; \u00c4l\u00e4 ylit\u00e4 taitettavien tuolien kantokyky\u00e4.<br \/>\n&#8211; Avaa kalastustuolit kokonaan ennen k\u00e4ytt\u00f6\u00e4.<br \/>\n&#8211; Suojaa taitettavat retkituolit sateelta; \u00e4l\u00e4 altista tuoleja voimakkaalle auringonvalolle pitk\u00e4ksi aikaa.<\/p>\n","protected":false},"excerpt":{"rendered":"<p>Retkituoli 2 kpl, kalastustuoli, kantavuus 150 kg, korkea selk\u00e4noja, k\u00e4sinojat, juomateline, taitettava ulkotuoli, taitettava, liuskekivi<\/p>\n","protected":false},"featured_media":39616,"comment_status":"open","ping_status":"closed","template":"","meta":[],"product_brand":[],"product_cat":[32],"product_tag":[],"class_list":{"0":"post-30353","1":"product","2":"type-product","3":"status-publish","4":"has-post-thumbnail","6":"product_cat-uncategorized-fi","8":"first","9":"instock","10":"shipping-taxable","11":"purchasable","12":"product-type-simple"},"_links":{"self":[{"href":"https:\/\/nordicmart.andreevmaster.com\/fi\/wp-json\/wp\/v2\/product\/30353","targetHints":{"allow":["GET"]}}],"collection":[{"href":"https:\/\/nordicmart.andreevmaster.com\/fi\/wp-json\/wp\/v2\/product"}],"about":[{"href":"https:\/\/nordicmart.andreevmaster.com\/fi\/wp-json\/wp\/v2\/types\/product"}],"replies":[{"embeddable":true,"href":"https:\/\/nordicmart.andreevmaster.com\/fi\/wp-json\/wp\/v2\/comments?post=30353"}],"wp:featuredmedia":[{"embeddable":true,"href":"https:\/\/nordicmart.andreevmaster.com\/fi\/wp-json\/wp\/v2\/media\/39616"}],"wp:attachment":[{"href":"https:\/\/nordicmart.andreevmaster.com\/fi\/wp-json\/wp\/v2\/media?parent=30353"}],"wp:term":[{"taxonomy":"product_brand","embeddable":true,"href":"https:\/\/nordicmart.andreevmaster.com\/fi\/wp-json\/wp\/v2\/product_brand?post=30353"},{"taxonomy":"product_cat","embeddable":true,"href":"https:\/\/nordicmart.andreevmaster.com\/fi\/wp-json\/wp\/v2\/product_cat?post=30353"},{"taxonomy":"product_tag","embeddable":true,"href":"https:\/\/nordicmart.andreevmaster.com\/fi\/wp-json\/wp\/v2\/product_tag?post=30353"}],"curies":[{"name":"wp","href":"https:\/\/api.w.org\/{rel}","templated":true}]}}