{"id":30352,"date":"2026-02-27T00:09:44","date_gmt":"2026-02-27T00:09:44","guid":{"rendered":"https:\/\/nordicmart.andreevmaster.com\/product\/songmics-taitettava-rantatuoli-retkituoli-kantavuus-250-kg\/"},"modified":"2026-02-27T09:33:25","modified_gmt":"2026-02-27T09:33:25","slug":"songmics-taitettava-rantatuoli-retkituoli-kantavuus-250-kg","status":"publish","type":"product","link":"https:\/\/nordicmart.andreevmaster.com\/fi\/tuote\/songmics-taitettava-rantatuoli-retkituoli-kantavuus-250-kg\/","title":{"rendered":"SONGMICS taitettava rantatuoli, retkituoli, kantavuus 250 kg"},"content":{"rendered":"<p>Taitettava rantatuoli, retkituoli, kantavuus 250 kg, taitettava tuoli juomatelineell\u00e4, vaahtomuovipehmuste, ulkotuoli, vihre\u00e4-musta<br \/>\nTuotetiedot:<br \/>\n&#8211; V\u00e4ri: vihre\u00e4-musta<br \/>\n&#8211; Materiaali: 600D Oxford-kangas, vaahtomuovi, jauhemaalattu ter\u00e4s, nylonkassi<br \/>\n&#8211; Koko: 55 x 90 x 102 cm (S x L x K)<br \/>\n&#8211; Paino: 4,5 kg<br \/>\n&#8211; Maks. staattinen kantavuus: 250 kg<\/p>\n<p>Toimitus sis\u00e4lt\u00e4\u00e4:<br \/>\n&#8211; 1 x retkituoli<br \/>\n&#8211; 1 x kantolaukku<\/p>\n<p>Huomautukset:<br \/>\n&#8211; Pid\u00e4 t\u00e4m\u00e4 rantatuoli poissa ter\u00e4vien tai ter\u00e4vien esineiden l\u00e4heisyydest\u00e4.<br \/>\n&#8211; Retkituoli toimitetaan nylonkantokassissa, joka kest\u00e4\u00e4 vain kevytt\u00e4 sadetta.<\/p>\n","protected":false},"excerpt":{"rendered":"<p>Taitettava rantatuoli, retkituoli, kantavuus 250 kg, taitettava tuoli juomatelineell\u00e4, vaahtomuovipehmuste, ulkotuoli, vihre\u00e4-musta<\/p>\n","protected":false},"featured_media":39615,"comment_status":"open","ping_status":"closed","template":"","meta":[],"product_brand":[],"product_cat":[32],"product_tag":[],"class_list":{"0":"post-30352","1":"product","2":"type-product","3":"status-publish","4":"has-post-thumbnail","6":"product_cat-uncategorized-fi","8":"first","9":"instock","10":"shipping-taxable","11":"purchasable","12":"product-type-simple"},"_links":{"self":[{"href":"https:\/\/nordicmart.andreevmaster.com\/fi\/wp-json\/wp\/v2\/product\/30352","targetHints":{"allow":["GET"]}}],"collection":[{"href":"https:\/\/nordicmart.andreevmaster.com\/fi\/wp-json\/wp\/v2\/product"}],"about":[{"href":"https:\/\/nordicmart.andreevmaster.com\/fi\/wp-json\/wp\/v2\/types\/product"}],"replies":[{"embeddable":true,"href":"https:\/\/nordicmart.andreevmaster.com\/fi\/wp-json\/wp\/v2\/comments?post=30352"}],"wp:featuredmedia":[{"embeddable":true,"href":"https:\/\/nordicmart.andreevmaster.com\/fi\/wp-json\/wp\/v2\/media\/39615"}],"wp:attachment":[{"href":"https:\/\/nordicmart.andreevmaster.com\/fi\/wp-json\/wp\/v2\/media?parent=30352"}],"wp:term":[{"taxonomy":"product_brand","embeddable":true,"href":"https:\/\/nordicmart.andreevmaster.com\/fi\/wp-json\/wp\/v2\/product_brand?post=30352"},{"taxonomy":"product_cat","embeddable":true,"href":"https:\/\/nordicmart.andreevmaster.com\/fi\/wp-json\/wp\/v2\/product_cat?post=30352"},{"taxonomy":"product_tag","embeddable":true,"href":"https:\/\/nordicmart.andreevmaster.com\/fi\/wp-json\/wp\/v2\/product_tag?post=30352"}],"curies":[{"name":"wp","href":"https:\/\/api.w.org\/{rel}","templated":true}]}}