{"id":30349,"date":"2026-02-27T00:09:43","date_gmt":"2026-02-27T00:09:43","guid":{"rendered":"https:\/\/nordicmart.andreevmaster.com\/product\/songmics-rantatuoli-sinivihrea-valkoinen-raidallinen\/"},"modified":"2026-02-27T09:33:24","modified_gmt":"2026-02-27T09:33:24","slug":"songmics-rantatuoli-sinivihrea-valkoinen-raidallinen","status":"publish","type":"product","link":"https:\/\/nordicmart.andreevmaster.com\/fi\/tuote\/songmics-rantatuoli-sinivihrea-valkoinen-raidallinen\/","title":{"rendered":"SONGMICS rantatuoli sinivihre\u00e4-valkoinen raidallinen"},"content":{"rendered":"<p>Suunnitteletko lomaa rannalla? Haluatko rentoutua aurinkovarjon alla meren rannalla? Tutustu t\u00e4h\u00e4n SONGMICS-rantatuoliin! T\u00e4m\u00e4n rantatuolin kohokohdat: Istuin on valmistettu mukavasta 600D Oxford-kankaasta. Korkea istuin helpottaa nousemista ja istumista. Korkea selk\u00e4noja on 3-asentoinen, joten l\u00f6yd\u00e4t helposti itsellesi sopivan asennon. Tukevat puiset k\u00e4sinojat tarjoavat k\u00e4sivarsillesi tukevan tuen. Alumiinirunko on vakaa, mutta samalla takaa tuolin keveyden. Kahva helpottaa tuolin kuljettamista. V\u00e4rikombinaation ansiosta t\u00e4m\u00e4 tuoli sopii t\u00e4ydellisesti rannalle. Tuotetiedot: V\u00e4ri: sinivihre\u00e4-valkoinen raidallinen Materiaali: alumiinirunko, 600D Oxford-kangas, puiset k\u00e4sinojat Kokonaiskoko: 64 x 53 x 87 cm (P x L x K) Pakkauksen koko: 82,5 x 66 x 13,5 cm Paino: 3,4 kg Maks. staattinen kantavuus: 150 kg Toimitus sis\u00e4lt\u00e4\u00e4: 1 x rantatuoli SONGMICS Huomautukset:Retkituolin suurin kantavuus on 150 kg. \u00c4l\u00e4 ylit\u00e4 t\u00e4t\u00e4 enimm\u00e4ispainoa. Avaa retkituoli kokonaan ennen k\u00e4ytt\u00f6\u00e4. Suojaa tuote sateelta; \u00e4l\u00e4 altista retkituolia voimakkaalle auringonvalolle pitk\u00e4ksi aikaa.<\/p>\n","protected":false},"excerpt":{"rendered":"<p>SONGMICS rantatuoli, retkituoli, korkea selk\u00e4noja, 3-asentoinen, helppo kuljettaa, taitettava tuoli, puiset k\u00e4sinojat, kantavuus 150 kg, sinivihre\u00e4valkoinen raidallinen GCB66UW<\/p>\n","protected":false},"featured_media":39612,"comment_status":"open","ping_status":"closed","template":"","meta":[],"product_brand":[],"product_cat":[32],"product_tag":[],"class_list":{"0":"post-30349","1":"product","2":"type-product","3":"status-publish","4":"has-post-thumbnail","6":"product_cat-uncategorized-fi","8":"first","9":"instock","10":"shipping-taxable","11":"purchasable","12":"product-type-simple"},"_links":{"self":[{"href":"https:\/\/nordicmart.andreevmaster.com\/fi\/wp-json\/wp\/v2\/product\/30349","targetHints":{"allow":["GET"]}}],"collection":[{"href":"https:\/\/nordicmart.andreevmaster.com\/fi\/wp-json\/wp\/v2\/product"}],"about":[{"href":"https:\/\/nordicmart.andreevmaster.com\/fi\/wp-json\/wp\/v2\/types\/product"}],"replies":[{"embeddable":true,"href":"https:\/\/nordicmart.andreevmaster.com\/fi\/wp-json\/wp\/v2\/comments?post=30349"}],"wp:featuredmedia":[{"embeddable":true,"href":"https:\/\/nordicmart.andreevmaster.com\/fi\/wp-json\/wp\/v2\/media\/39612"}],"wp:attachment":[{"href":"https:\/\/nordicmart.andreevmaster.com\/fi\/wp-json\/wp\/v2\/media?parent=30349"}],"wp:term":[{"taxonomy":"product_brand","embeddable":true,"href":"https:\/\/nordicmart.andreevmaster.com\/fi\/wp-json\/wp\/v2\/product_brand?post=30349"},{"taxonomy":"product_cat","embeddable":true,"href":"https:\/\/nordicmart.andreevmaster.com\/fi\/wp-json\/wp\/v2\/product_cat?post=30349"},{"taxonomy":"product_tag","embeddable":true,"href":"https:\/\/nordicmart.andreevmaster.com\/fi\/wp-json\/wp\/v2\/product_tag?post=30349"}],"curies":[{"name":"wp","href":"https:\/\/api.w.org\/{rel}","templated":true}]}}