{"id":30348,"date":"2026-02-27T00:09:43","date_gmt":"2026-02-27T00:09:43","guid":{"rendered":"https:\/\/nordicmart.andreevmaster.com\/product\/songmics-kannettava-taitettava-tuoli-kasinojilla-mukava\/"},"modified":"2026-02-27T09:33:24","modified_gmt":"2026-02-27T09:33:24","slug":"songmics-kannettava-taitettava-tuoli-kasinojilla-mukava","status":"publish","type":"product","link":"https:\/\/nordicmart.andreevmaster.com\/fi\/tuote\/songmics-kannettava-taitettava-tuoli-kasinojilla-mukava\/","title":{"rendered":"SONGMICS kannettava taitettava tuoli k\u00e4sinojilla, mukava"},"content":{"rendered":"<p>SONGMICS rantatuoli, kannettava taitettava tuoli, 4-asentoinen selk\u00e4noja, k\u00e4sinojat, hengitt\u00e4v\u00e4 ja mukava, ulkotuoli, sininen GCB65BU<br \/>\nV\u00e4ri: sininen<br \/>\nMateriaali: alumiinirunko, synteettinen kuitukangas<br \/>\nTuolin koko: 57 x 59 x 71 cm (P x L x K)<br \/>\nPaino per tuoli: 2,5 kg<br \/>\nMaks. staattinen kantavuus: 150 kg<\/p>\n","protected":false},"excerpt":{"rendered":"<p>SONGMICS rantatuoli, kannettava taitettava tuoli, 4-asentoinen selk\u00e4noja, k\u00e4sinojat, hengitt\u00e4v\u00e4 ja mukava, ulkotuoli, sininen GCB65BU<\/p>\n","protected":false},"featured_media":39611,"comment_status":"open","ping_status":"closed","template":"","meta":[],"product_brand":[],"product_cat":[32],"product_tag":[],"class_list":{"0":"post-30348","1":"product","2":"type-product","3":"status-publish","4":"has-post-thumbnail","6":"product_cat-uncategorized-fi","8":"first","9":"instock","10":"shipping-taxable","11":"purchasable","12":"product-type-simple"},"_links":{"self":[{"href":"https:\/\/nordicmart.andreevmaster.com\/fi\/wp-json\/wp\/v2\/product\/30348","targetHints":{"allow":["GET"]}}],"collection":[{"href":"https:\/\/nordicmart.andreevmaster.com\/fi\/wp-json\/wp\/v2\/product"}],"about":[{"href":"https:\/\/nordicmart.andreevmaster.com\/fi\/wp-json\/wp\/v2\/types\/product"}],"replies":[{"embeddable":true,"href":"https:\/\/nordicmart.andreevmaster.com\/fi\/wp-json\/wp\/v2\/comments?post=30348"}],"wp:featuredmedia":[{"embeddable":true,"href":"https:\/\/nordicmart.andreevmaster.com\/fi\/wp-json\/wp\/v2\/media\/39611"}],"wp:attachment":[{"href":"https:\/\/nordicmart.andreevmaster.com\/fi\/wp-json\/wp\/v2\/media?parent=30348"}],"wp:term":[{"taxonomy":"product_brand","embeddable":true,"href":"https:\/\/nordicmart.andreevmaster.com\/fi\/wp-json\/wp\/v2\/product_brand?post=30348"},{"taxonomy":"product_cat","embeddable":true,"href":"https:\/\/nordicmart.andreevmaster.com\/fi\/wp-json\/wp\/v2\/product_cat?post=30348"},{"taxonomy":"product_tag","embeddable":true,"href":"https:\/\/nordicmart.andreevmaster.com\/fi\/wp-json\/wp\/v2\/product_tag?post=30348"}],"curies":[{"name":"wp","href":"https:\/\/api.w.org\/{rel}","templated":true}]}}