{"id":30347,"date":"2026-02-27T00:09:43","date_gmt":"2026-02-27T00:09:43","guid":{"rendered":"https:\/\/nordicmart.andreevmaster.com\/product\/songmics-rantatuoli-sininen\/"},"modified":"2026-02-27T09:33:24","modified_gmt":"2026-02-27T09:33:24","slug":"songmics-rantatuoli-sininen","status":"publish","type":"product","link":"https:\/\/nordicmart.andreevmaster.com\/fi\/tuote\/songmics-rantatuoli-sininen\/","title":{"rendered":"SONGMICS rantatuoli sininen"},"content":{"rendered":"<p>Odotatko innolla rantalomaa? Haluatko viett\u00e4\u00e4 koko iltap\u00e4iv\u00e4n huolettomasti ja onnellisena meren rannalla? Ota mukaan t\u00e4m\u00e4 SONGMICS-rantatuoli! Se on aina mukana: Haluatko lukea hyv\u00e4\u00e4 kirjaa aamuauringossa? Haluatko ottaa keskip\u00e4iv\u00e4ll\u00e4 nokoset? Vai haluatko siemailla cocktailia katsellen auringonlaskua? T\u00e4m\u00e4 taitettava tuoli, joka on valmistettu hengitt\u00e4v\u00e4st\u00e4 synteettisest\u00e4 kuitukankaasta ja jossa on 4-asentoinen s\u00e4\u00e4dett\u00e4v\u00e4 selk\u00e4noja, toteuttaa kaikki suunnitelmasi! Tuotetiedot: V\u00e4ri: Sininen Materiaali: Alumiinirunko, synteettinen kuitukangas Kokonaiskoko: 57 x 59 x 71 cm (P x L x K) Pakkauksen koko: 66 x 59 x 9 cm Paino: 2,5 kg Maks. staattinen kantavuus: 150 kg Toimitus sis\u00e4lt\u00e4\u00e4: 1 x rantatuoli SONGMICS Huomautukset: Rantatuolin suurin kantavuus on 150 kg. \u00c4l\u00e4 ylit\u00e4 t\u00e4t\u00e4 enimm\u00e4ispainoa. Avaa rantatuoli kokonaan ennen k\u00e4ytt\u00f6\u00e4.<\/p>\n","protected":false},"excerpt":{"rendered":"<p>SONGMICS rantatuoli, kannettava taitettava tuoli, 4-asentoinen selk\u00e4noja, k\u00e4sinojat, hengitt\u00e4v\u00e4 ja mukava, ulkotuoli, sininen GCB65BU<\/p>\n","protected":false},"featured_media":39610,"comment_status":"open","ping_status":"closed","template":"","meta":[],"product_brand":[],"product_cat":[32],"product_tag":[],"class_list":{"0":"post-30347","1":"product","2":"type-product","3":"status-publish","4":"has-post-thumbnail","6":"product_cat-uncategorized-fi","8":"first","9":"instock","10":"shipping-taxable","11":"purchasable","12":"product-type-simple"},"_links":{"self":[{"href":"https:\/\/nordicmart.andreevmaster.com\/fi\/wp-json\/wp\/v2\/product\/30347","targetHints":{"allow":["GET"]}}],"collection":[{"href":"https:\/\/nordicmart.andreevmaster.com\/fi\/wp-json\/wp\/v2\/product"}],"about":[{"href":"https:\/\/nordicmart.andreevmaster.com\/fi\/wp-json\/wp\/v2\/types\/product"}],"replies":[{"embeddable":true,"href":"https:\/\/nordicmart.andreevmaster.com\/fi\/wp-json\/wp\/v2\/comments?post=30347"}],"wp:featuredmedia":[{"embeddable":true,"href":"https:\/\/nordicmart.andreevmaster.com\/fi\/wp-json\/wp\/v2\/media\/39610"}],"wp:attachment":[{"href":"https:\/\/nordicmart.andreevmaster.com\/fi\/wp-json\/wp\/v2\/media?parent=30347"}],"wp:term":[{"taxonomy":"product_brand","embeddable":true,"href":"https:\/\/nordicmart.andreevmaster.com\/fi\/wp-json\/wp\/v2\/product_brand?post=30347"},{"taxonomy":"product_cat","embeddable":true,"href":"https:\/\/nordicmart.andreevmaster.com\/fi\/wp-json\/wp\/v2\/product_cat?post=30347"},{"taxonomy":"product_tag","embeddable":true,"href":"https:\/\/nordicmart.andreevmaster.com\/fi\/wp-json\/wp\/v2\/product_tag?post=30347"}],"curies":[{"name":"wp","href":"https:\/\/api.w.org\/{rel}","templated":true}]}}