{"id":30344,"date":"2026-02-27T00:09:43","date_gmt":"2026-02-27T00:09:43","guid":{"rendered":"https:\/\/nordicmart.andreevmaster.com\/product\/songmics-rantatuoli-irrotettavalla-paantuella\/"},"modified":"2026-02-27T09:33:24","modified_gmt":"2026-02-27T09:33:24","slug":"songmics-rantatuoli-irrotettavalla-paantuella","status":"publish","type":"product","link":"https:\/\/nordicmart.andreevmaster.com\/fi\/tuote\/songmics-rantatuoli-irrotettavalla-paantuella\/","title":{"rendered":"SONGMICS rantatuoli irrotettavalla p\u00e4\u00e4ntuella"},"content":{"rendered":"<p>Suunnitteletko lomaa rannalla? Haluatko rentoutua meren rannalla aurinkovarjon alla? Tutustu t\u00e4h\u00e4n SONGMICS-rantatuoliin! T\u00e4m\u00e4n rantatuolin kohokohdat: &#8211; Laadukas 600D Oxford-kangas; tuntuu mukavalta &#8211; Irrotettava p\u00e4\u00e4ntuki; lis\u00e4\u00e4 mukavuutta p\u00e4\u00e4llesi istuessasi &#8211; Korkea selk\u00e4noja on 4-asentoinen (jopa 180\u00b0). L\u00f6yd\u00e4 suosikkiasentosi &#8211; Varustettu juomatelineell\u00e4 ja sivutaskulla &#8211; Alumiinirunko on vakaa, mutta samalla takaa tuolin keveyden &#8211; K\u00e4tev\u00e4t olkahihnat; voit kantaa taitetun tuolin olkap\u00e4ill\u00e4 kuin reppua &#8211; V\u00e4rikombinaation ansiosta t\u00e4m\u00e4 tuoli sopii t\u00e4ydellisesti rannalle Tuotetiedot:- V\u00e4ri: vihre\u00e4-valkoinen raidallinen &#8211; Materiaali: alumiinirunko, 600D Oxford-kangas, muovi (k\u00e4sinojat) &#8211; Kokonaismitat: 68 x 63 x 75 cm (P x L x K) &#8211; Pakkauksen mitat: 70 x 11 x 66,5 cm &#8211; Paino: 3,2 kg &#8211; Maks. staattinen kantavuus: 150 kg Toimitus sis\u00e4lt\u00e4\u00e4: &#8211; 1 x rantatuoli SONGMICS Huomautukset: &#8211; Rantatuolin suurin kantavuus on 150 kg. \u00c4l\u00e4 ylit\u00e4 t\u00e4t\u00e4 enimm\u00e4ispainoa. &#8211; Avaa rantatuoli kokonaan ennen k\u00e4ytt\u00f6\u00e4.<\/p>\n","protected":false},"excerpt":{"rendered":"<p>SONGMICS rantatuoli tyynyll\u00e4, alumiini, kannettava taitettava tuoli, retkituoli, taitettava ja s\u00e4\u00e4dett\u00e4v\u00e4, kannettava kuin reppu, ulkotuoli, sinivalkoinen raidallinen GCB62BU<\/p>\n","protected":false},"featured_media":39607,"comment_status":"open","ping_status":"closed","template":"","meta":[],"product_brand":[],"product_cat":[32],"product_tag":[],"class_list":{"0":"post-30344","1":"product","2":"type-product","3":"status-publish","4":"has-post-thumbnail","6":"product_cat-uncategorized-fi","8":"first","9":"instock","10":"shipping-taxable","11":"purchasable","12":"product-type-simple"},"_links":{"self":[{"href":"https:\/\/nordicmart.andreevmaster.com\/fi\/wp-json\/wp\/v2\/product\/30344","targetHints":{"allow":["GET"]}}],"collection":[{"href":"https:\/\/nordicmart.andreevmaster.com\/fi\/wp-json\/wp\/v2\/product"}],"about":[{"href":"https:\/\/nordicmart.andreevmaster.com\/fi\/wp-json\/wp\/v2\/types\/product"}],"replies":[{"embeddable":true,"href":"https:\/\/nordicmart.andreevmaster.com\/fi\/wp-json\/wp\/v2\/comments?post=30344"}],"wp:featuredmedia":[{"embeddable":true,"href":"https:\/\/nordicmart.andreevmaster.com\/fi\/wp-json\/wp\/v2\/media\/39607"}],"wp:attachment":[{"href":"https:\/\/nordicmart.andreevmaster.com\/fi\/wp-json\/wp\/v2\/media?parent=30344"}],"wp:term":[{"taxonomy":"product_brand","embeddable":true,"href":"https:\/\/nordicmart.andreevmaster.com\/fi\/wp-json\/wp\/v2\/product_brand?post=30344"},{"taxonomy":"product_cat","embeddable":true,"href":"https:\/\/nordicmart.andreevmaster.com\/fi\/wp-json\/wp\/v2\/product_cat?post=30344"},{"taxonomy":"product_tag","embeddable":true,"href":"https:\/\/nordicmart.andreevmaster.com\/fi\/wp-json\/wp\/v2\/product_tag?post=30344"}],"curies":[{"name":"wp","href":"https:\/\/api.w.org\/{rel}","templated":true}]}}