{"id":30343,"date":"2026-02-27T00:09:42","date_gmt":"2026-02-27T00:09:42","guid":{"rendered":"https:\/\/nordicmart.andreevmaster.com\/product\/songmics-rantatuoli-irrotettavalla-paantuella-2-kpl-sinivalkoinen-raidallinen\/"},"modified":"2026-02-27T09:33:23","modified_gmt":"2026-02-27T09:33:23","slug":"songmics-rantatuoli-irrotettavalla-paantuella-2-kpl-sinivalkoinen-raidallinen","status":"publish","type":"product","link":"https:\/\/nordicmart.andreevmaster.com\/fi\/tuote\/songmics-rantatuoli-irrotettavalla-paantuella-2-kpl-sinivalkoinen-raidallinen\/","title":{"rendered":"SONGMICS rantatuoli irrotettavalla p\u00e4\u00e4ntuella, 2 kpl, sinivalkoinen raidallinen"},"content":{"rendered":"<p>SONGMICS rantatuoli tyynyll\u00e4, alumiini, kannettava taitettava tuoli, retkituoli, taitettava ja s\u00e4\u00e4dett\u00e4v\u00e4, kannettava kuin reppu, ulkotuoli, sinivalkoinen raidallinen GCB62BU<br \/>\nV\u00e4ri: sininen-valkoinen<br \/>\nMateriaali: alumiini, Oxford-kangas<br \/>\nKoko avattuna: 68 x 63 x 75 cm (S x L x K)<br \/>\nKokoontaitettuna: 66,5 x 70 x 11 cm (S x L x K)<br \/>\nIstuimen koko: 48 x 39 cm (S x L)<br \/>\nSelk\u00e4nojan korkeus: 65 cm<br \/>\nIstuimen ja lattian v\u00e4linen et\u00e4isyys: 21 cm<br \/>\nPaino: 3,1 kg<br \/>\nMaks. staattinen kantavuus: 150 kg<\/p>\n","protected":false},"excerpt":{"rendered":"<p>SONGMICS rantatuoli tyynyll\u00e4, alumiini, kannettava taitettava tuoli, retkituoli, taitettava ja s\u00e4\u00e4dett\u00e4v\u00e4, kannettava kuin reppu, ulkotuoli, sinivalkoinen raidallinen GCB62BU<\/p>\n","protected":false},"featured_media":39606,"comment_status":"open","ping_status":"closed","template":"","meta":[],"product_brand":[],"product_cat":[32],"product_tag":[],"class_list":{"0":"post-30343","1":"product","2":"type-product","3":"status-publish","4":"has-post-thumbnail","6":"product_cat-uncategorized-fi","8":"first","9":"instock","10":"shipping-taxable","11":"purchasable","12":"product-type-simple"},"_links":{"self":[{"href":"https:\/\/nordicmart.andreevmaster.com\/fi\/wp-json\/wp\/v2\/product\/30343","targetHints":{"allow":["GET"]}}],"collection":[{"href":"https:\/\/nordicmart.andreevmaster.com\/fi\/wp-json\/wp\/v2\/product"}],"about":[{"href":"https:\/\/nordicmart.andreevmaster.com\/fi\/wp-json\/wp\/v2\/types\/product"}],"replies":[{"embeddable":true,"href":"https:\/\/nordicmart.andreevmaster.com\/fi\/wp-json\/wp\/v2\/comments?post=30343"}],"wp:featuredmedia":[{"embeddable":true,"href":"https:\/\/nordicmart.andreevmaster.com\/fi\/wp-json\/wp\/v2\/media\/39606"}],"wp:attachment":[{"href":"https:\/\/nordicmart.andreevmaster.com\/fi\/wp-json\/wp\/v2\/media?parent=30343"}],"wp:term":[{"taxonomy":"product_brand","embeddable":true,"href":"https:\/\/nordicmart.andreevmaster.com\/fi\/wp-json\/wp\/v2\/product_brand?post=30343"},{"taxonomy":"product_cat","embeddable":true,"href":"https:\/\/nordicmart.andreevmaster.com\/fi\/wp-json\/wp\/v2\/product_cat?post=30343"},{"taxonomy":"product_tag","embeddable":true,"href":"https:\/\/nordicmart.andreevmaster.com\/fi\/wp-json\/wp\/v2\/product_tag?post=30343"}],"curies":[{"name":"wp","href":"https:\/\/api.w.org\/{rel}","templated":true}]}}