{"id":30342,"date":"2026-02-27T00:09:42","date_gmt":"2026-02-27T00:09:42","guid":{"rendered":"https:\/\/nordicmart.andreevmaster.com\/product\/songmics-rantatuoli-tyynylla-sininen-valkoinen\/"},"modified":"2026-02-27T09:33:23","modified_gmt":"2026-02-27T09:33:23","slug":"songmics-rantatuoli-tyynylla-sininen-valkoinen","status":"publish","type":"product","link":"https:\/\/nordicmart.andreevmaster.com\/fi\/tuote\/songmics-rantatuoli-tyynylla-sininen-valkoinen\/","title":{"rendered":"SONGMICS rantatuoli tyynyll\u00e4, sininen-valkoinen"},"content":{"rendered":"<p>SONGMICS on kehitt\u00e4nyt sarjan ulkoilutuoleja, jotka lis\u00e4\u00e4v\u00e4t mukavuutta, kun rentoudut rannalla, leirint\u00e4alueella tai puutarhassa. Nauti lomastasi! Sopii kaikkialle Suunnitteletko rantalomaa meren rannalla? Sitten t\u00e4m\u00e4 kannettava rantatuoli on t\u00e4ydellinen valinta sinulle. Oletko leirint\u00e4alueen yst\u00e4v\u00e4? Sitten sinun ei kannata j\u00e4tt\u00e4\u00e4 t\u00e4t\u00e4 tuolia v\u00e4liin. T\u00e4m\u00e4n k\u00e4yt\u00e4nn\u00f6llisen lis\u00e4varusteen avulla voit rentoutua teltan l\u00e4hell\u00e4 ja nauttia raikkaasta ilmasta. Lis\u00e4ksi t\u00e4m\u00e4 taitettava tuoli sopii erinomaisesti, jos haluatte pit\u00e4\u00e4 piknikin perheen kanssa puistossa. Mukava ja k\u00e4yt\u00e4nn\u00f6llinen Haluatko lukea kirjaa? Otatko nokoset? T\u00e4ll\u00e4 taitettavalla tuolilla kaikki on mahdollista! Se on valmistettu kest\u00e4v\u00e4st\u00e4 600D Oxford-kankaasta ja siin\u00e4 on korkea selk\u00e4noja, jotta niskaasi ei v\u00e4sy, kun nojaat siihen. Lis\u00e4ksi selk\u00e4noja on s\u00e4\u00e4dett\u00e4viss\u00e4 ja voit jopa makuulla tuolilla p\u00e4\u00e4 mukavasti tyynyll\u00e4. Lis\u00e4ksi t\u00e4m\u00e4 tuoli on taitettava ja olkahihnojen ja kevyen painonsa (vain 3,1 kg) ansiosta helppo kantaa olkap\u00e4ill\u00e4 kuin reppu. Se vie my\u00f6s v\u00e4h\u00e4n tilaa autossa. T\u00e4m\u00e4 retkituoli tarjoaa kaiken, mit\u00e4 tarvitset! Jos olet luonto- ja ulkoilmaihminen, tutustu my\u00f6s muihin SONGMICS-ulkoilutuoleihin! Tuotetiedot:- V\u00e4ri: sinivalkoinen raidallinen &#8211; Materiaali: 600D Oxford-kangas, alumiinirunko &#8211; Mitat: 63 x 68 x 75 cm &#8211; Paino: 3,1 kg &#8211; Maks. kantavuus: 150 kg Toimitus sis\u00e4lt\u00e4\u00e4: &#8211; 1 x rantatuoli SONGMICS Huomautukset: &#8211; Tuote ei saa joutua kosketuksiin ter\u00e4vien tai ter\u00e4vien esineiden kanssa.<\/p>\n","protected":false},"excerpt":{"rendered":"<p>SONGMICS rantatuoli tyynyll\u00e4, alumiini, kannettava taitettava tuoli, retkituoli, taitettava ja s\u00e4\u00e4dett\u00e4v\u00e4, kannettava kuin reppu, ulkotuoli, sinivalkoinen raidallinen GCB62BU<\/p>\n","protected":false},"featured_media":39605,"comment_status":"open","ping_status":"closed","template":"","meta":[],"product_brand":[],"product_cat":[32],"product_tag":[],"class_list":{"0":"post-30342","1":"product","2":"type-product","3":"status-publish","4":"has-post-thumbnail","6":"product_cat-uncategorized-fi","8":"first","9":"instock","10":"shipping-taxable","11":"purchasable","12":"product-type-simple"},"_links":{"self":[{"href":"https:\/\/nordicmart.andreevmaster.com\/fi\/wp-json\/wp\/v2\/product\/30342","targetHints":{"allow":["GET"]}}],"collection":[{"href":"https:\/\/nordicmart.andreevmaster.com\/fi\/wp-json\/wp\/v2\/product"}],"about":[{"href":"https:\/\/nordicmart.andreevmaster.com\/fi\/wp-json\/wp\/v2\/types\/product"}],"replies":[{"embeddable":true,"href":"https:\/\/nordicmart.andreevmaster.com\/fi\/wp-json\/wp\/v2\/comments?post=30342"}],"wp:featuredmedia":[{"embeddable":true,"href":"https:\/\/nordicmart.andreevmaster.com\/fi\/wp-json\/wp\/v2\/media\/39605"}],"wp:attachment":[{"href":"https:\/\/nordicmart.andreevmaster.com\/fi\/wp-json\/wp\/v2\/media?parent=30342"}],"wp:term":[{"taxonomy":"product_brand","embeddable":true,"href":"https:\/\/nordicmart.andreevmaster.com\/fi\/wp-json\/wp\/v2\/product_brand?post=30342"},{"taxonomy":"product_cat","embeddable":true,"href":"https:\/\/nordicmart.andreevmaster.com\/fi\/wp-json\/wp\/v2\/product_cat?post=30342"},{"taxonomy":"product_tag","embeddable":true,"href":"https:\/\/nordicmart.andreevmaster.com\/fi\/wp-json\/wp\/v2\/product_tag?post=30342"}],"curies":[{"name":"wp","href":"https:\/\/api.w.org\/{rel}","templated":true}]}}