{"id":30341,"date":"2026-02-27T00:09:42","date_gmt":"2026-02-27T00:09:42","guid":{"rendered":"https:\/\/nordicmart.andreevmaster.com\/product\/songmics-taitettava-rantatuoli-kirkkaan-sininen\/"},"modified":"2026-02-27T09:33:23","modified_gmt":"2026-02-27T09:33:23","slug":"songmics-taitettava-rantatuoli-kirkkaan-sininen","status":"publish","type":"product","link":"https:\/\/nordicmart.andreevmaster.com\/fi\/tuote\/songmics-taitettava-rantatuoli-kirkkaan-sininen\/","title":{"rendered":"SONGMICS Taitettava rantatuoli kirkkaan sininen"},"content":{"rendered":"<p>Luotettava rantatuoli ter\u00e4sputkirungolla, joka takaa vakauden. Taitto-ominaisuus on loistava ja pienent\u00e4\u00e4 tuolin eritt\u00e4in kompaktiksi. Siksi se vie vain v\u00e4h\u00e4n tilaa kuljetettaessa esimerkiksi autossa. Lis\u00e4ksi se on helppo kuljettaa mukana toimitetun kantolaukun ansiosta.Istuinmukavuus on my\u00f6s erinomainen, istuin on syv\u00e4, mik\u00e4 tekee istumisesta eritt\u00e4in mukavaa. Tee SONGMICS-rantatuolista pysyv\u00e4 rantakumppanisi uima-altaan aukioloaikana. Huomautukset: &#8211; V\u00e4lt\u00e4 yleens\u00e4 verhoilun kosketusta ter\u00e4vien tai ter\u00e4vien esineiden kanssa. &#8211; Ole varovainen asennuksessa: Taitettavan rungon v\u00e4\u00e4rink\u00e4ytt\u00f6 voi aiheuttaa puristumia tai viiltoja. &#8211; Verhoilua ei voi irrottaa, mutta sen voi puhdistaa harjalla. Tuotetiedot: &#8211; V\u00e4ri: taivaansininen (GCB61S); vihre\u00e4 (GCB61G) &#8211; Mitat: 64 x 56 x 53 cm (L x K x S) &#8211; Nettopaino: noin 2,4 kg &#8211; Bruttopaino: noin 2,9 kg &#8211; Mitat taitettuna: 76,5 x 16 x 9,5 cm &#8211; Tilastollinen kantavuus tasaisella painonjaolla: enint\u00e4\u00e4n 150 kg Toimitus sis\u00e4lt\u00e4\u00e4:- 1 x rantatuoli &#8211; 1 x kantolaukku<\/p>\n","protected":false},"excerpt":{"rendered":"<p>SONGMICS rantatuoli, taitettava retkituoli, taitettava tuoli kantolaukulla, kantavuus 150 kg, kest\u00e4v\u00e4st\u00e4 Oxford-kankaasta, kalastukseen, puutarhaan ja retkeilyyn, vihre\u00e4 GCB61GV1<\/p>\n","protected":false},"featured_media":39604,"comment_status":"open","ping_status":"closed","template":"","meta":[],"product_brand":[],"product_cat":[32],"product_tag":[],"class_list":{"0":"post-30341","1":"product","2":"type-product","3":"status-publish","4":"has-post-thumbnail","6":"product_cat-uncategorized-fi","8":"first","9":"instock","10":"shipping-taxable","11":"purchasable","12":"product-type-simple"},"_links":{"self":[{"href":"https:\/\/nordicmart.andreevmaster.com\/fi\/wp-json\/wp\/v2\/product\/30341","targetHints":{"allow":["GET"]}}],"collection":[{"href":"https:\/\/nordicmart.andreevmaster.com\/fi\/wp-json\/wp\/v2\/product"}],"about":[{"href":"https:\/\/nordicmart.andreevmaster.com\/fi\/wp-json\/wp\/v2\/types\/product"}],"replies":[{"embeddable":true,"href":"https:\/\/nordicmart.andreevmaster.com\/fi\/wp-json\/wp\/v2\/comments?post=30341"}],"wp:featuredmedia":[{"embeddable":true,"href":"https:\/\/nordicmart.andreevmaster.com\/fi\/wp-json\/wp\/v2\/media\/39604"}],"wp:attachment":[{"href":"https:\/\/nordicmart.andreevmaster.com\/fi\/wp-json\/wp\/v2\/media?parent=30341"}],"wp:term":[{"taxonomy":"product_brand","embeddable":true,"href":"https:\/\/nordicmart.andreevmaster.com\/fi\/wp-json\/wp\/v2\/product_brand?post=30341"},{"taxonomy":"product_cat","embeddable":true,"href":"https:\/\/nordicmart.andreevmaster.com\/fi\/wp-json\/wp\/v2\/product_cat?post=30341"},{"taxonomy":"product_tag","embeddable":true,"href":"https:\/\/nordicmart.andreevmaster.com\/fi\/wp-json\/wp\/v2\/product_tag?post=30341"}],"curies":[{"name":"wp","href":"https:\/\/api.w.org\/{rel}","templated":true}]}}