{"id":30339,"date":"2026-02-27T00:09:42","date_gmt":"2026-02-27T00:09:42","guid":{"rendered":"https:\/\/nordicmart.andreevmaster.com\/product\/songmics-rantatuoli-korkealla-selkanojalla-mukava\/"},"modified":"2026-02-27T09:33:23","modified_gmt":"2026-02-27T09:33:23","slug":"songmics-rantatuoli-korkealla-selkanojalla-mukava","status":"publish","type":"product","link":"https:\/\/nordicmart.andreevmaster.com\/fi\/tuote\/songmics-rantatuoli-korkealla-selkanojalla-mukava\/","title":{"rendered":"SONGMICS rantatuoli korkealla selk\u00e4nojalla, mukava"},"content":{"rendered":"<p>SONGMICS rantatuoli, taitettava retkituoli, taitettava tuoli kantolaukulla, kantavuus 150 kg, kest\u00e4v\u00e4st\u00e4 Oxford-kankaasta, kalastukseen, puutarhaan ja retkeilyyn, vihre\u00e4 GCB61GV1<br \/>\nV\u00e4ri: vihre\u00e4<br \/>\nMateriaali: 600D Oxford-kangas, jauhemaalatut ter\u00e4sputket<br \/>\nKoko per tuoli: 56 x 53 x 74 cm (P x L x K)<br \/>\nPaino per tuoli: 3,3 kg<br \/>\nTuolin maks. staattinen kantavuus: 150 kg<\/p>\n","protected":false},"excerpt":{"rendered":"<p>SONGMICS rantatuoli, taitettava retkituoli, taitettava tuoli kantolaukulla, kantavuus 150 kg, kest\u00e4v\u00e4st\u00e4 Oxford-kankaasta, kalastukseen, puutarhaan ja retkeilyyn, vihre\u00e4 GCB61GV1<\/p>\n","protected":false},"featured_media":39602,"comment_status":"open","ping_status":"closed","template":"","meta":[],"product_brand":[],"product_cat":[32],"product_tag":[],"class_list":{"0":"post-30339","1":"product","2":"type-product","3":"status-publish","4":"has-post-thumbnail","6":"product_cat-uncategorized-fi","8":"first","9":"instock","10":"shipping-taxable","11":"purchasable","12":"product-type-simple"},"_links":{"self":[{"href":"https:\/\/nordicmart.andreevmaster.com\/fi\/wp-json\/wp\/v2\/product\/30339","targetHints":{"allow":["GET"]}}],"collection":[{"href":"https:\/\/nordicmart.andreevmaster.com\/fi\/wp-json\/wp\/v2\/product"}],"about":[{"href":"https:\/\/nordicmart.andreevmaster.com\/fi\/wp-json\/wp\/v2\/types\/product"}],"replies":[{"embeddable":true,"href":"https:\/\/nordicmart.andreevmaster.com\/fi\/wp-json\/wp\/v2\/comments?post=30339"}],"wp:featuredmedia":[{"embeddable":true,"href":"https:\/\/nordicmart.andreevmaster.com\/fi\/wp-json\/wp\/v2\/media\/39602"}],"wp:attachment":[{"href":"https:\/\/nordicmart.andreevmaster.com\/fi\/wp-json\/wp\/v2\/media?parent=30339"}],"wp:term":[{"taxonomy":"product_brand","embeddable":true,"href":"https:\/\/nordicmart.andreevmaster.com\/fi\/wp-json\/wp\/v2\/product_brand?post=30339"},{"taxonomy":"product_cat","embeddable":true,"href":"https:\/\/nordicmart.andreevmaster.com\/fi\/wp-json\/wp\/v2\/product_cat?post=30339"},{"taxonomy":"product_tag","embeddable":true,"href":"https:\/\/nordicmart.andreevmaster.com\/fi\/wp-json\/wp\/v2\/product_tag?post=30339"}],"curies":[{"name":"wp","href":"https:\/\/api.w.org\/{rel}","templated":true}]}}