{"id":30338,"date":"2026-02-27T00:09:42","date_gmt":"2026-02-27T00:09:42","guid":{"rendered":"https:\/\/nordicmart.andreevmaster.com\/product\/sammenklappelig-strandstol-gron-2\/"},"modified":"2026-02-27T09:33:23","modified_gmt":"2026-02-27T09:33:23","slug":"sammenklappelig-strandstol-gron-2","status":"publish","type":"product","link":"https:\/\/nordicmart.andreevmaster.com\/fi\/tuote\/sammenklappelig-strandstol-gron-2\/","title":{"rendered":"Sammenklappelig strandstol gr\u00f8n"},"content":{"rendered":"<p>Luotettava rantatuoli, jossa on putkimainen ter\u00e4srunko, joka takaa vakauden.  Taitto-ominaisuus on loistava ja pienent\u00e4\u00e4 tuolin eritt\u00e4in kompaktiksi.  T\u00e4m\u00e4 tarkoittaa, ett\u00e4 se ei vie juuri tilaa kuljetettaessa, esimerkiksi autossa.  Se on my\u00f6s helppo kuljettaa mukana tulevan kantolaukun ansiosta. Istumamukavuus on my\u00f6s erinomainen, istuma-asento on matala, mik\u00e4 tekee istumisesta eritt\u00e4in miellytt\u00e4v\u00e4\u00e4. Tee Songmicsin rantatuolista vakiokumppanisi ulkoilma-uintikaudella. Vinkki: &#8211; V\u00e4lt\u00e4 yleens\u00e4 verhoilun joutumista kosketuksiin ter\u00e4vien tai piikkisten esineiden kanssa. &#8211; Ole varovainen, kun kokoat tuolia: v\u00e4\u00e4r\u00e4nlainen k\u00e4sittely voi aiheuttaa mustelmia tai viiltoja. &#8211; Verhoilu ei ole irrotettava, mutta sen voi puhdistaa harjalla.  Tuotetiedot: &#8211; V\u00e4ri: taivaansininen (GCB61S); vihre\u00e4 (GCB61G) &#8211; Mitat: 64 x 56 x 53 cm (L x K x S) &#8211; Nettopaino: noin 2,4 kg &#8211; Bruttopaino: noin 2,9 kg &#8211; Mitat taitettuna: 76,5 x 16 x 9,5 cm &#8211; Tilastollinen kantavuus tasaisella painonjaolla: enint\u00e4\u00e4n 140 kg Toimitus sis\u00e4lt\u00e4\u00e4: &#8211; 1 x rantatuoli &#8211; 1 x kantolaukku<\/p>\n","protected":false},"excerpt":{"rendered":"<p>Luotettava rantatuoli, jossa on putkimainen ter\u00e4srunko, joka takaa vakauden. Taitto-ominaisuus on loistava ja pienent\u00e4\u00e4 tuolin eritt\u00e4in kompaktiksi. T\u00e4m\u00e4 tarkoittaa, ett\u00e4 se ei vie juuri tilaa kuljetettaessa, esimerkiksi autossa. Se on my\u00f6s helppo kuljettaa mukana tulevan kantolaukun ansiosta. Istumamukavuus on my\u00f6s erinomainen, istuma-asento on matala, mik\u00e4 tekee istumisesta eritt\u00e4in miellytt\u00e4v\u00e4\u00e4. Tee Songmicsin rantatuolista vakiokumppanisi ulkoilma-uintikaudella. Vinkki: [&hellip;]<\/p>\n","protected":false},"featured_media":0,"comment_status":"open","ping_status":"closed","template":"","meta":[],"product_brand":[],"product_cat":[32],"product_tag":[],"class_list":{"0":"post-30338","1":"product","2":"type-product","3":"status-publish","5":"product_cat-uncategorized-fi","7":"first","8":"instock","9":"shipping-taxable","10":"product-type-simple"},"_links":{"self":[{"href":"https:\/\/nordicmart.andreevmaster.com\/fi\/wp-json\/wp\/v2\/product\/30338","targetHints":{"allow":["GET"]}}],"collection":[{"href":"https:\/\/nordicmart.andreevmaster.com\/fi\/wp-json\/wp\/v2\/product"}],"about":[{"href":"https:\/\/nordicmart.andreevmaster.com\/fi\/wp-json\/wp\/v2\/types\/product"}],"replies":[{"embeddable":true,"href":"https:\/\/nordicmart.andreevmaster.com\/fi\/wp-json\/wp\/v2\/comments?post=30338"}],"wp:attachment":[{"href":"https:\/\/nordicmart.andreevmaster.com\/fi\/wp-json\/wp\/v2\/media?parent=30338"}],"wp:term":[{"taxonomy":"product_brand","embeddable":true,"href":"https:\/\/nordicmart.andreevmaster.com\/fi\/wp-json\/wp\/v2\/product_brand?post=30338"},{"taxonomy":"product_cat","embeddable":true,"href":"https:\/\/nordicmart.andreevmaster.com\/fi\/wp-json\/wp\/v2\/product_cat?post=30338"},{"taxonomy":"product_tag","embeddable":true,"href":"https:\/\/nordicmart.andreevmaster.com\/fi\/wp-json\/wp\/v2\/product_tag?post=30338"}],"curies":[{"name":"wp","href":"https:\/\/api.w.org\/{rel}","templated":true}]}}