{"id":30332,"date":"2026-02-27T00:09:40","date_gmt":"2026-02-27T00:09:40","guid":{"rendered":"https:\/\/nordicmart.andreevmaster.com\/product\/songmics-keinutuoli-harmaa\/"},"modified":"2026-02-27T09:33:22","modified_gmt":"2026-02-27T09:33:22","slug":"songmics-keinutuoli-harmaa","status":"publish","type":"product","link":"https:\/\/nordicmart.andreevmaster.com\/fi\/tuote\/songmics-keinutuoli-harmaa\/","title":{"rendered":"SONGMICS keinutuoli, harmaa"},"content":{"rendered":"<p>Etsitk\u00f6 ulkokalusteita, joilla voit rentoutua terassilla tai ottaa aurinkoa puutarhassa? SONGMICSin keinutuoli tulee apuun! Ah, mik\u00e4 nautinto! Istu t\u00e4h\u00e4n keinutuoliin, nojaa taaksep\u00e4in ja keinahda rennosti edestakaisin. Korkealaatuinen synteettinen kuitukangas on hengitt\u00e4v\u00e4 ja miellytt\u00e4v\u00e4 kosketukseltaan, ja korkealaatuinen rautakehys takaa pitk\u00e4n k\u00e4ytt\u00f6i\u00e4n. Tuolin voi taittaa kokoon ja kuljettaa helposti paikasta toiseen, jotta voit katsella auringonlaskua eri paikoista! K\u00e4yt\u00e4nn\u00f6lliset k\u00e4sinojat lis\u00e4\u00e4v\u00e4t istumamukavuutta. Aseta t\u00e4m\u00e4 keinutuoli nyt puutarhaan ja tee olosi mukavaksi! Tuotetiedot: V\u00e4ri: harmaa Materiaali: rautakehys, synteettinen kuitukangas Koko: 71 x 91 x 98 cm (P x L x K) Pakkauksen koko: 94 x 77 x 8 cm Paino: 6,5 kg Maks. staattinen kantavuus: 150 kg Toimitus sis\u00e4lt\u00e4\u00e4: 1 x keinutuoli 1 x ohjeet (DE, EN, FR, ES, IT) SONGMICS-huomautukset: Keinutuolin suurin kantavuus on 150 kg. \u00c4l\u00e4 ylit\u00e4 t\u00e4t\u00e4 enimm\u00e4ispainoa. Avaa keinutuoli kokonaan ennen k\u00e4ytt\u00f6\u00e4. Suojaa tuote sateelta; \u00e4l\u00e4 altista keinutuolia voimakkaalle auringonvalolle pitk\u00e4ksi aikaa.<\/p>\n","protected":false},"excerpt":{"rendered":"<p>SONGMICS puutarhatuoli, keinutuoli, rautakehys, synteettinen kuitukangas, hengitt\u00e4v\u00e4, mukava, kantavuus 150 kg, harmaa GCB28GY<\/p>\n","protected":false},"featured_media":39596,"comment_status":"open","ping_status":"closed","template":"","meta":[],"product_brand":[],"product_cat":[32],"product_tag":[],"class_list":{"0":"post-30332","1":"product","2":"type-product","3":"status-publish","4":"has-post-thumbnail","6":"product_cat-uncategorized-fi","8":"first","9":"instock","10":"shipping-taxable","11":"purchasable","12":"product-type-simple"},"_links":{"self":[{"href":"https:\/\/nordicmart.andreevmaster.com\/fi\/wp-json\/wp\/v2\/product\/30332","targetHints":{"allow":["GET"]}}],"collection":[{"href":"https:\/\/nordicmart.andreevmaster.com\/fi\/wp-json\/wp\/v2\/product"}],"about":[{"href":"https:\/\/nordicmart.andreevmaster.com\/fi\/wp-json\/wp\/v2\/types\/product"}],"replies":[{"embeddable":true,"href":"https:\/\/nordicmart.andreevmaster.com\/fi\/wp-json\/wp\/v2\/comments?post=30332"}],"wp:featuredmedia":[{"embeddable":true,"href":"https:\/\/nordicmart.andreevmaster.com\/fi\/wp-json\/wp\/v2\/media\/39596"}],"wp:attachment":[{"href":"https:\/\/nordicmart.andreevmaster.com\/fi\/wp-json\/wp\/v2\/media?parent=30332"}],"wp:term":[{"taxonomy":"product_brand","embeddable":true,"href":"https:\/\/nordicmart.andreevmaster.com\/fi\/wp-json\/wp\/v2\/product_brand?post=30332"},{"taxonomy":"product_cat","embeddable":true,"href":"https:\/\/nordicmart.andreevmaster.com\/fi\/wp-json\/wp\/v2\/product_cat?post=30332"},{"taxonomy":"product_tag","embeddable":true,"href":"https:\/\/nordicmart.andreevmaster.com\/fi\/wp-json\/wp\/v2\/product_tag?post=30332"}],"curies":[{"name":"wp","href":"https:\/\/api.w.org\/{rel}","templated":true}]}}