{"id":30330,"date":"2026-02-27T00:09:40","date_gmt":"2026-02-27T00:09:40","guid":{"rendered":"https:\/\/nordicmart.andreevmaster.com\/product\/musta-polyrottinkinen-lepotuoli\/"},"modified":"2026-02-27T09:33:22","modified_gmt":"2026-02-27T09:33:22","slug":"musta-polyrottinkinen-lepotuoli","status":"publish","type":"product","link":"https:\/\/nordicmart.andreevmaster.com\/fi\/tuote\/musta-polyrottinkinen-lepotuoli\/","title":{"rendered":"Musta polyrottinkinen lepotuoli"},"content":{"rendered":"<p>Mit\u00e4 suurempi, sit\u00e4 parempi! Koska tarvitset paljon tilaa rentoutumiseen, SONGMICS on suunnitellut t\u00e4m\u00e4n lepotuolin, jonka koko on 59 x 198 x 28 cm. T\u00e4ll\u00e4 aurinkotuolilla jalkasi eiv\u00e4t ulotu tyynyn ulkopuolelle! Rento ilmapiiri! Olipa kyseess\u00e4 terassi, parveke tai puutarha, t\u00e4m\u00e4 aurinkotuoli on t\u00e4ydellinen sisustuselementti, joka luo rennon ilmapiirin. Jopa kotona tunnet olevasi lomalla rannalla. Tuotetiedot: &#8211; V\u00e4ri: musta &#8211; Materiaali: rauta, muovi, polyesterikangas, vaahtomuovi &#8211; Koko: 59 x 198 x 28 cm (P x L x K) &#8211; Paino: 14 kg &#8211; Maks. staattinen kantavuus: 150 kgToimitus sis\u00e4lt\u00e4\u00e4:- 1 x aurinkotuoli- 1 x tyynySONGMICS Huomautukset:- Aurinkotuolin suurin kantavuus on 150 kg. \u00c4l\u00e4 j\u00e4t\u00e4 tuotetta ulos pitk\u00e4ksi aikaa; \u00e4l\u00e4 altista aurinkotuolia sateelle tai voimakkaalle auringonvalolle.<\/p>\n","protected":false},"excerpt":{"rendered":"<p>Mit\u00e4 suurempi, sit\u00e4 parempi! Koska tarvitset paljon tilaa rentoutumiseen, SONGMICS on suunnitellut t\u00e4m\u00e4n lepotuolin, jonka koko on 59 x 198 x 28 cm. T\u00e4ll\u00e4 aurinkotuolilla jalkasi eiv\u00e4t ulotu tyynyn ulkopuolelle! Rento ilmapiiri! Olipa kyseess\u00e4 terassi, parveke tai puutarha, t\u00e4m\u00e4 aurinkotuoli on t\u00e4ydellinen sisustuselementti, joka luo rennon ilmapiirin. Jopa kotona tunnet olevasi lomalla rannalla. Tuotetiedot: &#8211; [&hellip;]<\/p>\n","protected":false},"featured_media":0,"comment_status":"open","ping_status":"closed","template":"","meta":[],"product_brand":[],"product_cat":[32],"product_tag":[],"class_list":{"0":"post-30330","1":"product","2":"type-product","3":"status-publish","5":"product_cat-uncategorized-fi","7":"first","8":"instock","9":"shipping-taxable","10":"product-type-simple"},"_links":{"self":[{"href":"https:\/\/nordicmart.andreevmaster.com\/fi\/wp-json\/wp\/v2\/product\/30330","targetHints":{"allow":["GET"]}}],"collection":[{"href":"https:\/\/nordicmart.andreevmaster.com\/fi\/wp-json\/wp\/v2\/product"}],"about":[{"href":"https:\/\/nordicmart.andreevmaster.com\/fi\/wp-json\/wp\/v2\/types\/product"}],"replies":[{"embeddable":true,"href":"https:\/\/nordicmart.andreevmaster.com\/fi\/wp-json\/wp\/v2\/comments?post=30330"}],"wp:attachment":[{"href":"https:\/\/nordicmart.andreevmaster.com\/fi\/wp-json\/wp\/v2\/media?parent=30330"}],"wp:term":[{"taxonomy":"product_brand","embeddable":true,"href":"https:\/\/nordicmart.andreevmaster.com\/fi\/wp-json\/wp\/v2\/product_brand?post=30330"},{"taxonomy":"product_cat","embeddable":true,"href":"https:\/\/nordicmart.andreevmaster.com\/fi\/wp-json\/wp\/v2\/product_cat?post=30330"},{"taxonomy":"product_tag","embeddable":true,"href":"https:\/\/nordicmart.andreevmaster.com\/fi\/wp-json\/wp\/v2\/product_tag?post=30330"}],"curies":[{"name":"wp","href":"https:\/\/api.w.org\/{rel}","templated":true}]}}