{"id":30329,"date":"2026-02-27T00:09:40","date_gmt":"2026-02-27T00:09:40","guid":{"rendered":"https:\/\/nordicmart.andreevmaster.com\/product\/songmics-aurinkotuoli-paksulla-pehmusteella\/"},"modified":"2026-02-27T09:33:21","modified_gmt":"2026-02-27T09:33:21","slug":"songmics-aurinkotuoli-paksulla-pehmusteella","status":"publish","type":"product","link":"https:\/\/nordicmart.andreevmaster.com\/fi\/tuote\/songmics-aurinkotuoli-paksulla-pehmusteella\/","title":{"rendered":"SONGMICS aurinkotuoli paksulla pehmusteella"},"content":{"rendered":"<p>Mit\u00e4 suurempi, sit\u00e4 parempi! Koska tarvitset paljon tilaa rentoutumiseen, SONGMICS on suunnitellut t\u00e4m\u00e4n aurinkotuolin, jonka koko on 59 x 198 x 28 cm. T\u00e4ll\u00e4 aurinkotuolilla jalkasi eiv\u00e4t ulotu peitteen ulkopuolelle! Rento ilmapiiri!   Olipa kyseess\u00e4 terassi, parveke tai puutarha, t\u00e4m\u00e4 aurinkotuoli on t\u00e4ydellinen sisustuselementti, joka luo rennon ilmapiirin. Niinp\u00e4 voit tuntea olosi kuin olisit lomalla rannalla, vaikka oletkin kotona. Tuotetiedot: &#8211; V\u00e4ri: beige &#8211; Materiaali: rauta, muovi, polyesterikangas, vaahtomuovi &#8211; Koko: 59 x 198 x 28 cm (P x L x K) &#8211; Paino: 14 kg &#8211; Maks. staattinen kantavuus: 150 kg Toimitus sis\u00e4lt\u00e4\u00e4:- 1 x aurinkotuoli &#8211; 1 x pehmuste SONGICS-ohjeet: &#8211; Aurinkotuolin enimm\u00e4iskuormituskyky on 150 kg. \u00c4l\u00e4 ylit\u00e4 t\u00e4t\u00e4 enimm\u00e4ispainoa. &#8211; \u00c4l\u00e4 j\u00e4t\u00e4 tuotetta pitk\u00e4ksi aikaa ulos; \u00e4l\u00e4 altista aurinkotuolia sateelle tai voimakkaalle auringonpaisteelle.<\/p>\n","protected":false},"excerpt":{"rendered":"<p>SONGMICS aurinkotuoli, lepotuoli, puutarhatuoli, 5 cm paksu pehmuste, polyrottinki, s\u00e4\u00e4dett\u00e4v\u00e4 selk\u00e4noja, 59 x 198 x 28 cm, kantavuus 150 kg, puutarha, parveke, musta GCB27GYV1<\/p>\n","protected":false},"featured_media":39594,"comment_status":"open","ping_status":"closed","template":"","meta":[],"product_brand":[],"product_cat":[32],"product_tag":[],"class_list":{"0":"post-30329","1":"product","2":"type-product","3":"status-publish","4":"has-post-thumbnail","6":"product_cat-uncategorized-fi","8":"first","9":"instock","10":"shipping-taxable","11":"purchasable","12":"product-type-simple"},"_links":{"self":[{"href":"https:\/\/nordicmart.andreevmaster.com\/fi\/wp-json\/wp\/v2\/product\/30329","targetHints":{"allow":["GET"]}}],"collection":[{"href":"https:\/\/nordicmart.andreevmaster.com\/fi\/wp-json\/wp\/v2\/product"}],"about":[{"href":"https:\/\/nordicmart.andreevmaster.com\/fi\/wp-json\/wp\/v2\/types\/product"}],"replies":[{"embeddable":true,"href":"https:\/\/nordicmart.andreevmaster.com\/fi\/wp-json\/wp\/v2\/comments?post=30329"}],"wp:featuredmedia":[{"embeddable":true,"href":"https:\/\/nordicmart.andreevmaster.com\/fi\/wp-json\/wp\/v2\/media\/39594"}],"wp:attachment":[{"href":"https:\/\/nordicmart.andreevmaster.com\/fi\/wp-json\/wp\/v2\/media?parent=30329"}],"wp:term":[{"taxonomy":"product_brand","embeddable":true,"href":"https:\/\/nordicmart.andreevmaster.com\/fi\/wp-json\/wp\/v2\/product_brand?post=30329"},{"taxonomy":"product_cat","embeddable":true,"href":"https:\/\/nordicmart.andreevmaster.com\/fi\/wp-json\/wp\/v2\/product_cat?post=30329"},{"taxonomy":"product_tag","embeddable":true,"href":"https:\/\/nordicmart.andreevmaster.com\/fi\/wp-json\/wp\/v2\/product_tag?post=30329"}],"curies":[{"name":"wp","href":"https:\/\/api.w.org\/{rel}","templated":true}]}}