{"id":30322,"date":"2026-02-27T00:09:38","date_gmt":"2026-02-27T00:09:38","guid":{"rendered":"https:\/\/nordicmart.andreevmaster.com\/product\/songmics-taitettava-retkivuode-206-x-45-x-75-cm\/"},"modified":"2026-02-27T09:33:21","modified_gmt":"2026-02-27T09:33:21","slug":"songmics-taitettava-retkivuode-206-x-45-x-75-cm","status":"publish","type":"product","link":"https:\/\/nordicmart.andreevmaster.com\/fi\/tuote\/songmics-taitettava-retkivuode-206-x-45-x-75-cm\/","title":{"rendered":"SONGMICS Taitettava retkivuode 206 x 45 x 75 cm"},"content":{"rendered":"<p>Luotettava retkivuode ter\u00e4srungolla, helppo k\u00e4sitell\u00e4 ja yksinkertainen koota. Songmics-retkivuoteella voit nauttia vapaudesta t\u00e4htitaivaan alla. Erinomainen hinta erottaa t\u00e4m\u00e4n tuotteen muista retkivuoteista. Retkivuode sopii erinomaisesti retkeilyyn, vaelluksille ja kalastusretkille. Eritt\u00e4in suuri makuutila tarjoaa erityisen paljon tilaa. Ylim\u00e4\u00e4r\u00e4isen pituuden ansiosta siin\u00e4 on mukava ja helppo maata. Ja ilman p\u00e4\u00e4tyj\u00e4, jotka h\u00e4iritsev\u00e4t nukkumista p\u00e4\u00e4n tai jalkojen kohdalla, sen sijaan verhoilun alapuolella on poikkisiteet j\u00e4nnityksen lis\u00e4\u00e4miseksi. Nukkumismukavuus on huomattavasti miellytt\u00e4v\u00e4mpi kuin eristysmatolla, ja korkeus tarjoaa lis\u00e4suojaa lattian kylmyydelt\u00e4. Sen pinta on helppo puhdistaa ja se hylkii vett\u00e4 ja likaa. Yhdess\u00e4 hienon verhoilun ja ajattoman muotoilun kanssa se luo tyylikk\u00e4\u00e4n tunnelman ja toimii my\u00f6s houkuttelevana katseenvangitsijana. Tuotetiedot: &#8211; V\u00e4ri: musta (GCB25H); armeijanvihre\u00e4 (GCB25J); sininen (GCB25L) &#8211; Mitat: 206 x 45 x 75 cm (L x K x S) &#8211; Nettopaino: noin 8,9 kg &#8211; Bruttopaino: noin 9,9 kg &#8211; Mitat taitettuna: 102,5 x 15 x 15 cm &#8211; Tilastollinen kantavuus tasaisella painonjaolla: enint\u00e4\u00e4n 260 kg Toimitus sis\u00e4lt\u00e4\u00e4: &#8211; 1 x kentt\u00e4vuode &#8211; 1 x kantolaukku<\/p>\n","protected":false},"excerpt":{"rendered":"<p>SONGMICS retkivuode, kentt\u00e4vuode, T\u00dcV Rheinland -testattu, maks. staattinen kantavuus 260 kg, 206 x 45 x 75 cm GCB25J<\/p>\n","protected":false},"featured_media":39587,"comment_status":"open","ping_status":"closed","template":"","meta":[],"product_brand":[],"product_cat":[32],"product_tag":[],"class_list":{"0":"post-30322","1":"product","2":"type-product","3":"status-publish","4":"has-post-thumbnail","6":"product_cat-uncategorized-fi","8":"first","9":"instock","10":"shipping-taxable","11":"purchasable","12":"product-type-simple"},"_links":{"self":[{"href":"https:\/\/nordicmart.andreevmaster.com\/fi\/wp-json\/wp\/v2\/product\/30322","targetHints":{"allow":["GET"]}}],"collection":[{"href":"https:\/\/nordicmart.andreevmaster.com\/fi\/wp-json\/wp\/v2\/product"}],"about":[{"href":"https:\/\/nordicmart.andreevmaster.com\/fi\/wp-json\/wp\/v2\/types\/product"}],"replies":[{"embeddable":true,"href":"https:\/\/nordicmart.andreevmaster.com\/fi\/wp-json\/wp\/v2\/comments?post=30322"}],"wp:featuredmedia":[{"embeddable":true,"href":"https:\/\/nordicmart.andreevmaster.com\/fi\/wp-json\/wp\/v2\/media\/39587"}],"wp:attachment":[{"href":"https:\/\/nordicmart.andreevmaster.com\/fi\/wp-json\/wp\/v2\/media?parent=30322"}],"wp:term":[{"taxonomy":"product_brand","embeddable":true,"href":"https:\/\/nordicmart.andreevmaster.com\/fi\/wp-json\/wp\/v2\/product_brand?post=30322"},{"taxonomy":"product_cat","embeddable":true,"href":"https:\/\/nordicmart.andreevmaster.com\/fi\/wp-json\/wp\/v2\/product_cat?post=30322"},{"taxonomy":"product_tag","embeddable":true,"href":"https:\/\/nordicmart.andreevmaster.com\/fi\/wp-json\/wp\/v2\/product_tag?post=30322"}],"curies":[{"name":"wp","href":"https:\/\/api.w.org\/{rel}","templated":true}]}}