{"id":30317,"date":"2026-02-27T00:09:37","date_gmt":"2026-02-27T00:09:37","guid":{"rendered":"https:\/\/nordicmart.andreevmaster.com\/product\/songmics-aurinkotuoli-pehmusteella-musta\/"},"modified":"2026-02-27T09:33:20","modified_gmt":"2026-02-27T09:33:20","slug":"songmics-aurinkotuoli-pehmusteella-musta","status":"publish","type":"product","link":"https:\/\/nordicmart.andreevmaster.com\/fi\/tuote\/songmics-aurinkotuoli-pehmusteella-musta\/","title":{"rendered":"SONGMICS aurinkotuoli pehmusteella, musta"},"content":{"rendered":"<p>SONGMICS on kehitt\u00e4nyt sarjan ulkoilutuoleja, jotka lis\u00e4\u00e4v\u00e4t mukavuutta, kun rentoudut rannalla, leirint\u00e4alueella tai puutarhassa. Nauti lomastasi! Sopii kaikkialle Haluatko rentoutua puutarhassa kauniina kes\u00e4p\u00e4iv\u00e4n\u00e4? T\u00e4m\u00e4 aurinkotuoli on t\u00e4ydellinen ratkaisu! Voit my\u00f6s asettaa sen terassille tai rannalle aurinkovarjon alle ja viett\u00e4\u00e4 koko p\u00e4iv\u00e4n meren rannalla perheen tai yst\u00e4vien kanssa! Mukava ja k\u00e4yt\u00e4nn\u00f6llinen T\u00e4m\u00e4 taitettava aurinkotuoli on eritt\u00e4in mukava pehme\u00e4n 6 cm paksun patjan ansiosta, joka on kiinnitetty aurinkotuolille useilla nauhoilla. Lis\u00e4ksi makuualusta on valmistettu hengitt\u00e4v\u00e4st\u00e4 synteettisest\u00e4 kuitukankaasta. Voit my\u00f6s s\u00e4\u00e4t\u00e4\u00e4 selk\u00e4nojaa yksil\u00f6llisesti ja irrottaa p\u00e4\u00e4tytyynyn tarpeen mukaan. Nauti puutarhan rauhasta t\u00e4ll\u00e4 aurinkotuolilla! Jos olet luonnon yst\u00e4v\u00e4, tutustu my\u00f6s muihin SONGMICS-ulkoilutuoleihin! Tuotetiedot:- V\u00e4ri: musta &#8211; Materiaali: synteettinen kuitukangas, alumiinirunko, vaahtomuovi &#8211; Mitat: 183 x 60 x 39 cm (P x L x K) &#8211; Paino: 8 kg &#8211; Maks. kantavuus: 150 kg Toimitus sis\u00e4lt\u00e4\u00e4: &#8211; 1 x taitettava aurinkotuoli &#8211; 1 x patja<\/p>\n","protected":false},"excerpt":{"rendered":"<p>SONGMICS aurinkotuoli, taitettava, lepotuoli 6 cm paksulla patjalla, irrotettava p\u00e4\u00e4tytyyny, ruostumatonta alumiinia, hengitt\u00e4v\u00e4, mukava, s\u00e4\u00e4dett\u00e4v\u00e4, kantavuus 150 kg, musta GCB24BK<\/p>\n","protected":false},"featured_media":39582,"comment_status":"open","ping_status":"closed","template":"","meta":[],"product_brand":[],"product_cat":[32],"product_tag":[],"class_list":{"0":"post-30317","1":"product","2":"type-product","3":"status-publish","4":"has-post-thumbnail","6":"product_cat-uncategorized-fi","8":"first","9":"instock","10":"shipping-taxable","11":"purchasable","12":"product-type-simple"},"_links":{"self":[{"href":"https:\/\/nordicmart.andreevmaster.com\/fi\/wp-json\/wp\/v2\/product\/30317","targetHints":{"allow":["GET"]}}],"collection":[{"href":"https:\/\/nordicmart.andreevmaster.com\/fi\/wp-json\/wp\/v2\/product"}],"about":[{"href":"https:\/\/nordicmart.andreevmaster.com\/fi\/wp-json\/wp\/v2\/types\/product"}],"replies":[{"embeddable":true,"href":"https:\/\/nordicmart.andreevmaster.com\/fi\/wp-json\/wp\/v2\/comments?post=30317"}],"wp:featuredmedia":[{"embeddable":true,"href":"https:\/\/nordicmart.andreevmaster.com\/fi\/wp-json\/wp\/v2\/media\/39582"}],"wp:attachment":[{"href":"https:\/\/nordicmart.andreevmaster.com\/fi\/wp-json\/wp\/v2\/media?parent=30317"}],"wp:term":[{"taxonomy":"product_brand","embeddable":true,"href":"https:\/\/nordicmart.andreevmaster.com\/fi\/wp-json\/wp\/v2\/product_brand?post=30317"},{"taxonomy":"product_cat","embeddable":true,"href":"https:\/\/nordicmart.andreevmaster.com\/fi\/wp-json\/wp\/v2\/product_cat?post=30317"},{"taxonomy":"product_tag","embeddable":true,"href":"https:\/\/nordicmart.andreevmaster.com\/fi\/wp-json\/wp\/v2\/product_tag?post=30317"}],"curies":[{"name":"wp","href":"https:\/\/api.w.org\/{rel}","templated":true}]}}